{"id":915,"date":"2018-04-29T17:30:53","date_gmt":"2018-04-29T17:30:53","guid":{"rendered":"http:\/\/demo.zantetheme.com\/?page_id=915"},"modified":"2018-04-29T17:30:53","modified_gmt":"2018-04-29T17:30:53","slug":"booking","status":"publish","type":"page","link":"https:\/\/vagonatinyhouse.com\/tr\/booking\/","title":{"rendered":"Booking"},"content":{"rendered":"<div class=\"eb-alert eb-alert-error eb-alert-icon\" role=\"alert\">Please select a room to make a reservation. <a href=\"https:\/\/vagonatinyhouse.com\/tr\/search\/\">Return to search page<\/a><\/div>\n","protected":false},"excerpt":{"rendered":"Please select a room to make a reservation. Return to search page","protected":false},"author":1,"featured_media":0,"parent":0,"menu_order":0,"comment_status":"closed","ping_status":"closed","template":"","meta":{"footnotes":""},"class_list":["post-915","page","type-page","status-publish","hentry"],"yoast_head":"<!-- This site is optimized with the Yoast SEO Premium plugin v20.8 (Yoast SEO v25.4) - https:\/\/yoast.com\/wordpress\/plugins\/seo\/ -->\n<title>Booking - Vagona Tiny House<\/title>\n<meta name=\"robots\" content=\"index, follow, max-snippet:-1, max-image-preview:large, max-video-preview:-1\" \/>\n<link rel=\"canonical\" href=\"https:\/\/vagonatinyhouse.com\/tr\/booking\/\" \/>\n<meta property=\"og:locale\" content=\"tr_TR\" \/>\n<meta property=\"og:type\" content=\"article\" \/>\n<meta property=\"og:title\" content=\"Booking - Vagona Tiny House\" \/>\n<meta property=\"og:url\" content=\"https:\/\/vagonatinyhouse.com\/tr\/booking\/\" \/>\n<meta property=\"og:site_name\" content=\"Vagona Tiny House\" \/>\n<meta property=\"article:publisher\" content=\"https:\/\/git.vagonatinyhouse.com\/facebook\" \/>\n<meta name=\"twitter:card\" content=\"summary_large_image\" \/>\n<script type=\"application\/ld+json\" class=\"yoast-schema-graph\">{\"@context\":\"https:\/\/schema.org\",\"@graph\":[{\"@type\":\"WebPage\",\"@id\":\"https:\/\/vagonatinyhouse.com\/de\/booking\/\",\"url\":\"https:\/\/vagonatinyhouse.com\/de\/booking\/\",\"name\":\"Booking - Vagona Tiny House\",\"isPartOf\":{\"@id\":\"https:\/\/vagonatinyhouse.com\/ar\/#website\"},\"datePublished\":\"2018-04-29T17:30:53+00:00\",\"inLanguage\":\"tr\",\"potentialAction\":[{\"@type\":\"ReadAction\",\"target\":[\"https:\/\/vagonatinyhouse.com\/de\/booking\/\"]}]},{\"@type\":\"WebSite\",\"@id\":\"https:\/\/vagonatinyhouse.com\/ar\/#website\",\"url\":\"https:\/\/vagonatinyhouse.com\/ar\/\",\"name\":\"Vagona Tiny House\",\"description\":\"Karadenizin dillere destan \u00c7aml\u0131hem\u015fin bolgesi giri\u015finde, f\u0131rt\u0131na deresi \u00fczerinde al\u0131\u015fm\u0131\u015f oldu\u011funuz kal\u0131plardan uzakta do\u011fa dahil konseptimiz ile Karadenizin ilk TinyHouse tatil k\u00f6y\u00fc ile size muhte\u015fem bir deneyim ya\u015fatmak i\u00e7in buraday\u0131z.\",\"publisher\":{\"@id\":\"https:\/\/vagonatinyhouse.com\/ar\/#organization\"},\"potentialAction\":[{\"@type\":\"SearchAction\",\"target\":{\"@type\":\"EntryPoint\",\"urlTemplate\":\"https:\/\/vagonatinyhouse.com\/ar\/?s={search_term_string}\"},\"query-input\":{\"@type\":\"PropertyValueSpecification\",\"valueRequired\":true,\"valueName\":\"search_term_string\"}}],\"inLanguage\":\"tr\"},{\"@type\":\"Organization\",\"@id\":\"https:\/\/vagonatinyhouse.com\/ar\/#organization\",\"name\":\"Vagona Tiny House\",\"url\":\"https:\/\/vagonatinyhouse.com\/ar\/\",\"logo\":{\"@type\":\"ImageObject\",\"inLanguage\":\"tr\",\"@id\":\"https:\/\/vagonatinyhouse.com\/ar\/#\/schema\/logo\/image\/\",\"url\":\"http:\/\/vagonatinyhouse.com\/wp-content\/uploads\/2021\/07\/cropped-android-chrome-512x512-1.png\",\"contentUrl\":\"http:\/\/vagonatinyhouse.com\/wp-content\/uploads\/2021\/07\/cropped-android-chrome-512x512-1.png\",\"width\":512,\"height\":512,\"caption\":\"Vagona Tiny House\"},\"image\":{\"@id\":\"https:\/\/vagonatinyhouse.com\/ar\/#\/schema\/logo\/image\/\"},\"sameAs\":[\"https:\/\/git.vagonatinyhouse.com\/facebook\",\"https:\/\/git.vagonatinyhouse.com\/instagram\",\"https:\/\/git.vagonatinyhouse.com\/pinterest\",\"https:\/\/git.vagonatinyhouse.com\/youtube\"]}]}<\/script>\n<!-- \/ Yoast SEO Premium plugin. -->","yoast_head_json":{"title":"Booking - Vagona Tiny House","robots":{"index":"index","follow":"follow","max-snippet":"max-snippet:-1","max-image-preview":"max-image-preview:large","max-video-preview":"max-video-preview:-1"},"canonical":"https:\/\/vagonatinyhouse.com\/tr\/booking\/","og_locale":"tr_TR","og_type":"article","og_title":"Booking - Vagona Tiny House","og_url":"https:\/\/vagonatinyhouse.com\/tr\/booking\/","og_site_name":"Vagona Tiny House","article_publisher":"https:\/\/git.vagonatinyhouse.com\/facebook","twitter_card":"summary_large_image","schema":{"@context":"https:\/\/schema.org","@graph":[{"@type":"WebPage","@id":"https:\/\/vagonatinyhouse.com\/de\/booking\/","url":"https:\/\/vagonatinyhouse.com\/de\/booking\/","name":"Booking - Vagona Tiny House","isPartOf":{"@id":"https:\/\/vagonatinyhouse.com\/ar\/#website"},"datePublished":"2018-04-29T17:30:53+00:00","inLanguage":"tr","potentialAction":[{"@type":"ReadAction","target":["https:\/\/vagonatinyhouse.com\/de\/booking\/"]}]},{"@type":"WebSite","@id":"https:\/\/vagonatinyhouse.com\/ar\/#website","url":"https:\/\/vagonatinyhouse.com\/ar\/","name":"Vagona Tiny House","description":"Karadenizin dillere destan \u00c7aml\u0131hem\u015fin bolgesi giri\u015finde, f\u0131rt\u0131na deresi \u00fczerinde al\u0131\u015fm\u0131\u015f oldu\u011funuz kal\u0131plardan uzakta do\u011fa dahil konseptimiz ile Karadenizin ilk TinyHouse tatil k\u00f6y\u00fc ile size muhte\u015fem bir deneyim ya\u015fatmak i\u00e7in buraday\u0131z.","publisher":{"@id":"https:\/\/vagonatinyhouse.com\/ar\/#organization"},"potentialAction":[{"@type":"SearchAction","target":{"@type":"EntryPoint","urlTemplate":"https:\/\/vagonatinyhouse.com\/ar\/?s={search_term_string}"},"query-input":{"@type":"PropertyValueSpecification","valueRequired":true,"valueName":"search_term_string"}}],"inLanguage":"tr"},{"@type":"Organization","@id":"https:\/\/vagonatinyhouse.com\/ar\/#organization","name":"Vagona Tiny House","url":"https:\/\/vagonatinyhouse.com\/ar\/","logo":{"@type":"ImageObject","inLanguage":"tr","@id":"https:\/\/vagonatinyhouse.com\/ar\/#\/schema\/logo\/image\/","url":"http:\/\/vagonatinyhouse.com\/wp-content\/uploads\/2021\/07\/cropped-android-chrome-512x512-1.png","contentUrl":"http:\/\/vagonatinyhouse.com\/wp-content\/uploads\/2021\/07\/cropped-android-chrome-512x512-1.png","width":512,"height":512,"caption":"Vagona Tiny House"},"image":{"@id":"https:\/\/vagonatinyhouse.com\/ar\/#\/schema\/logo\/image\/"},"sameAs":["https:\/\/git.vagonatinyhouse.com\/facebook","https:\/\/git.vagonatinyhouse.com\/instagram","https:\/\/git.vagonatinyhouse.com\/pinterest","https:\/\/git.vagonatinyhouse.com\/youtube"]}]}},"_links":{"self":[{"href":"https:\/\/vagonatinyhouse.com\/tr\/wp-json\/wp\/v2\/pages\/915","targetHints":{"allow":["GET"]}}],"collection":[{"href":"https:\/\/vagonatinyhouse.com\/tr\/wp-json\/wp\/v2\/pages"}],"about":[{"href":"https:\/\/vagonatinyhouse.com\/tr\/wp-json\/wp\/v2\/types\/page"}],"author":[{"embeddable":true,"href":"https:\/\/vagonatinyhouse.com\/tr\/wp-json\/wp\/v2\/users\/1"}],"replies":[{"embeddable":true,"href":"https:\/\/vagonatinyhouse.com\/tr\/wp-json\/wp\/v2\/comments?post=915"}],"version-history":[{"count":0,"href":"https:\/\/vagonatinyhouse.com\/tr\/wp-json\/wp\/v2\/pages\/915\/revisions"}],"wp:attachment":[{"href":"https:\/\/vagonatinyhouse.com\/tr\/wp-json\/wp\/v2\/media?parent=915"}],"curies":[{"name":"wp","href":"https:\/\/api.w.org\/{rel}","templated":true}]}}