{"id":523,"date":"2018-04-22T23:00:02","date_gmt":"2018-04-22T23:00:02","guid":{"rendered":"http:\/\/demo.zantetheme.com\/?page_id=523"},"modified":"2018-04-22T23:00:02","modified_gmt":"2018-04-22T23:00:02","slug":"gallery-without-details","status":"publish","type":"page","link":"https:\/\/vagonatinyhouse.com\/tr\/gallery-without-details\/","title":{"rendered":"Gallery Without Details"},"content":{"rendered":"<section class=\"wpb-content-wrapper\"><div class=\"vc_row wpb_row vc_row-fluid\"><div class=\"wpb_column vc_column_container vc_col-sm-12\"><div class=\"vc_column-inner\"><div class=\"wpb_wrapper\">                  <div class=\"grid_filters\">\r\n              <a href=\"#\" data-filter=\"*\" class=\"button btn_sm btn_blue active\">All<\/a>\r\n                          <\/div>\r\n\r\n        \r\n            <div class=\"row\">\r\n\t            <div class=\"grid gallery_items image-gallery\">\r\n\t                                      <!-- GALLERY ITEM -->\r\n                      <div class=\"col-lg-4 col-sm-6 g_item \">\r\n                        <div class=\"gallery-item\">\r\n                          <figure class=\"gradient-overlay-hover icon-zoom-hover zoom-image-hover\">\r\n                            <a href=\"https:\/\/vagonatinyhouse.com\/wp-content\/uploads\/2021\/07\/07bbb97a-2f20-4618-8fe8-8bf98a76a1d1.jpg\">\r\n                              <img decoding=\"async\" src=\"https:\/\/vagonatinyhouse.com\/wp-content\/uploads\/2021\/07\/07bbb97a-2f20-4618-8fe8-8bf98a76a1d1.jpg\" class=\"img-responsive\" alt=\"\">\r\n                            <\/a>\r\n                          <\/figure>\r\n                                                  <\/div>\r\n                      <\/div>\r\n\r\n\t                                      <!-- GALLERY ITEM -->\r\n                      <div class=\"col-lg-4 col-sm-6 g_item \">\r\n                        <div class=\"gallery-item\">\r\n                          <figure class=\"gradient-overlay-hover icon-zoom-hover zoom-image-hover\">\r\n                            <a href=\"https:\/\/vagonatinyhouse.com\/wp-content\/uploads\/2021\/07\/genel.jpg\">\r\n                              <img decoding=\"async\" src=\"https:\/\/vagonatinyhouse.com\/wp-content\/uploads\/2021\/07\/genel.jpg\" class=\"img-responsive\" alt=\"\">\r\n                            <\/a>\r\n                          <\/figure>\r\n                                                  <\/div>\r\n                      <\/div>\r\n\r\n\t                                      <!-- GALLERY ITEM -->\r\n                      <div class=\"col-lg-4 col-sm-6 g_item \">\r\n                        <div class=\"gallery-item\">\r\n                          <figure class=\"gradient-overlay-hover icon-zoom-hover zoom-image-hover\">\r\n                            <a href=\"https:\/\/vagonatinyhouse.com\/wp-content\/uploads\/2021\/07\/karadeniz.jpeg\">\r\n                              <img decoding=\"async\" src=\"https:\/\/vagonatinyhouse.com\/wp-content\/uploads\/2021\/07\/karadeniz.jpeg\" class=\"img-responsive\" alt=\"\">\r\n                            <\/a>\r\n                          <\/figure>\r\n                                                  <\/div>\r\n                      <\/div>\r\n\r\n\t                                      <!-- GALLERY ITEM -->\r\n                      <div class=\"col-lg-4 col-sm-6 g_item \">\r\n                        <div class=\"gallery-item\">\r\n                          <figure class=\"gradient-overlay-hover icon-zoom-hover zoom-image-hover\">\r\n                            <a href=\"https:\/\/vagonatinyhouse.com\/wp-content\/uploads\/2020\/05\/WhatsApp-Image-2021-06-15-at-07.36.36-1.jpeg\">\r\n                              <img decoding=\"async\" src=\"https:\/\/vagonatinyhouse.com\/wp-content\/uploads\/2020\/05\/WhatsApp-Image-2021-06-15-at-07.36.36-1.jpeg\" class=\"img-responsive\" alt=\"\">\r\n                            <\/a>\r\n                          <\/figure>\r\n                                                  <\/div>\r\n                      <\/div>\r\n\r\n\t                                      <!-- GALLERY ITEM -->\r\n                      <div class=\"col-lg-4 col-sm-6 g_item \">\r\n                        <div class=\"gallery-item\">\r\n                          <figure class=\"gradient-overlay-hover icon-zoom-hover zoom-image-hover\">\r\n                            <a href=\"https:\/\/vagonatinyhouse.com\/wp-content\/uploads\/2020\/05\/1734eece-982f-446d-bebb-4b44d270fb22.jpg\">\r\n                              <img decoding=\"async\" src=\"https:\/\/vagonatinyhouse.com\/wp-content\/uploads\/2020\/05\/1734eece-982f-446d-bebb-4b44d270fb22.jpg\" class=\"img-responsive\" alt=\"\">\r\n                            <\/a>\r\n                          <\/figure>\r\n                                                  <\/div>\r\n                      <\/div>\r\n\r\n\t                \t                \t            <\/div>\r\n            <\/div>\r\n\r\n        <\/div><\/div><\/div><\/div>\n<\/section>","protected":false},"excerpt":{"rendered":"","protected":false},"author":1,"featured_media":0,"parent":0,"menu_order":0,"comment_status":"closed","ping_status":"closed","template":"","meta":{"footnotes":""},"class_list":["post-523","page","type-page","status-publish","hentry"],"yoast_head":"<!-- This site is optimized with the Yoast SEO Premium plugin v20.8 (Yoast SEO v25.4) - https:\/\/yoast.com\/wordpress\/plugins\/seo\/ -->\n<title>Gallery Without Details - Vagona Tiny House<\/title>\n<meta name=\"robots\" content=\"index, follow, max-snippet:-1, max-image-preview:large, max-video-preview:-1\" \/>\n<link rel=\"canonical\" href=\"https:\/\/vagonatinyhouse.com\/tr\/gallery-without-details\/\" \/>\n<meta property=\"og:locale\" content=\"tr_TR\" \/>\n<meta property=\"og:type\" content=\"article\" \/>\n<meta property=\"og:title\" content=\"Gallery Without Details - Vagona Tiny House\" \/>\n<meta property=\"og:url\" content=\"https:\/\/vagonatinyhouse.com\/tr\/gallery-without-details\/\" \/>\n<meta property=\"og:site_name\" content=\"Vagona Tiny House\" \/>\n<meta property=\"article:publisher\" content=\"https:\/\/git.vagonatinyhouse.com\/facebook\" \/>\n<meta name=\"twitter:card\" content=\"summary_large_image\" \/>\n<script type=\"application\/ld+json\" class=\"yoast-schema-graph\">{\"@context\":\"https:\/\/schema.org\",\"@graph\":[{\"@type\":\"WebPage\",\"@id\":\"https:\/\/vagonatinyhouse.com\/en\/gallery-without-details\/\",\"url\":\"https:\/\/vagonatinyhouse.com\/en\/gallery-without-details\/\",\"name\":\"Gallery Without Details - Vagona Tiny House\",\"isPartOf\":{\"@id\":\"https:\/\/vagonatinyhouse.com\/ar\/#website\"},\"datePublished\":\"2018-04-22T23:00:02+00:00\",\"inLanguage\":\"tr\",\"potentialAction\":[{\"@type\":\"ReadAction\",\"target\":[\"https:\/\/vagonatinyhouse.com\/en\/gallery-without-details\/\"]}]},{\"@type\":\"WebSite\",\"@id\":\"https:\/\/vagonatinyhouse.com\/ar\/#website\",\"url\":\"https:\/\/vagonatinyhouse.com\/ar\/\",\"name\":\"Vagona Tiny House\",\"description\":\"Karadenizin dillere destan \u00c7aml\u0131hem\u015fin bolgesi giri\u015finde, f\u0131rt\u0131na deresi \u00fczerinde al\u0131\u015fm\u0131\u015f oldu\u011funuz kal\u0131plardan uzakta do\u011fa dahil konseptimiz ile Karadenizin ilk TinyHouse tatil k\u00f6y\u00fc ile size muhte\u015fem bir deneyim ya\u015fatmak i\u00e7in buraday\u0131z.\",\"publisher\":{\"@id\":\"https:\/\/vagonatinyhouse.com\/ar\/#organization\"},\"potentialAction\":[{\"@type\":\"SearchAction\",\"target\":{\"@type\":\"EntryPoint\",\"urlTemplate\":\"https:\/\/vagonatinyhouse.com\/ar\/?s={search_term_string}\"},\"query-input\":{\"@type\":\"PropertyValueSpecification\",\"valueRequired\":true,\"valueName\":\"search_term_string\"}}],\"inLanguage\":\"tr\"},{\"@type\":\"Organization\",\"@id\":\"https:\/\/vagonatinyhouse.com\/ar\/#organization\",\"name\":\"Vagona Tiny House\",\"url\":\"https:\/\/vagonatinyhouse.com\/ar\/\",\"logo\":{\"@type\":\"ImageObject\",\"inLanguage\":\"tr\",\"@id\":\"https:\/\/vagonatinyhouse.com\/ar\/#\/schema\/logo\/image\/\",\"url\":\"http:\/\/vagonatinyhouse.com\/wp-content\/uploads\/2021\/07\/cropped-android-chrome-512x512-1.png\",\"contentUrl\":\"http:\/\/vagonatinyhouse.com\/wp-content\/uploads\/2021\/07\/cropped-android-chrome-512x512-1.png\",\"width\":512,\"height\":512,\"caption\":\"Vagona Tiny House\"},\"image\":{\"@id\":\"https:\/\/vagonatinyhouse.com\/ar\/#\/schema\/logo\/image\/\"},\"sameAs\":[\"https:\/\/git.vagonatinyhouse.com\/facebook\",\"https:\/\/git.vagonatinyhouse.com\/instagram\",\"https:\/\/git.vagonatinyhouse.com\/pinterest\",\"https:\/\/git.vagonatinyhouse.com\/youtube\"]}]}<\/script>\n<!-- \/ Yoast SEO Premium plugin. -->","yoast_head_json":{"title":"Gallery Without Details - Vagona Tiny House","robots":{"index":"index","follow":"follow","max-snippet":"max-snippet:-1","max-image-preview":"max-image-preview:large","max-video-preview":"max-video-preview:-1"},"canonical":"https:\/\/vagonatinyhouse.com\/tr\/gallery-without-details\/","og_locale":"tr_TR","og_type":"article","og_title":"Gallery Without Details - Vagona Tiny House","og_url":"https:\/\/vagonatinyhouse.com\/tr\/gallery-without-details\/","og_site_name":"Vagona Tiny House","article_publisher":"https:\/\/git.vagonatinyhouse.com\/facebook","twitter_card":"summary_large_image","schema":{"@context":"https:\/\/schema.org","@graph":[{"@type":"WebPage","@id":"https:\/\/vagonatinyhouse.com\/en\/gallery-without-details\/","url":"https:\/\/vagonatinyhouse.com\/en\/gallery-without-details\/","name":"Gallery Without Details - Vagona Tiny House","isPartOf":{"@id":"https:\/\/vagonatinyhouse.com\/ar\/#website"},"datePublished":"2018-04-22T23:00:02+00:00","inLanguage":"tr","potentialAction":[{"@type":"ReadAction","target":["https:\/\/vagonatinyhouse.com\/en\/gallery-without-details\/"]}]},{"@type":"WebSite","@id":"https:\/\/vagonatinyhouse.com\/ar\/#website","url":"https:\/\/vagonatinyhouse.com\/ar\/","name":"Vagona Tiny House","description":"Karadenizin dillere destan \u00c7aml\u0131hem\u015fin bolgesi giri\u015finde, f\u0131rt\u0131na deresi \u00fczerinde al\u0131\u015fm\u0131\u015f oldu\u011funuz kal\u0131plardan uzakta do\u011fa dahil konseptimiz ile Karadenizin ilk TinyHouse tatil k\u00f6y\u00fc ile size muhte\u015fem bir deneyim ya\u015fatmak i\u00e7in buraday\u0131z.","publisher":{"@id":"https:\/\/vagonatinyhouse.com\/ar\/#organization"},"potentialAction":[{"@type":"SearchAction","target":{"@type":"EntryPoint","urlTemplate":"https:\/\/vagonatinyhouse.com\/ar\/?s={search_term_string}"},"query-input":{"@type":"PropertyValueSpecification","valueRequired":true,"valueName":"search_term_string"}}],"inLanguage":"tr"},{"@type":"Organization","@id":"https:\/\/vagonatinyhouse.com\/ar\/#organization","name":"Vagona Tiny House","url":"https:\/\/vagonatinyhouse.com\/ar\/","logo":{"@type":"ImageObject","inLanguage":"tr","@id":"https:\/\/vagonatinyhouse.com\/ar\/#\/schema\/logo\/image\/","url":"http:\/\/vagonatinyhouse.com\/wp-content\/uploads\/2021\/07\/cropped-android-chrome-512x512-1.png","contentUrl":"http:\/\/vagonatinyhouse.com\/wp-content\/uploads\/2021\/07\/cropped-android-chrome-512x512-1.png","width":512,"height":512,"caption":"Vagona Tiny House"},"image":{"@id":"https:\/\/vagonatinyhouse.com\/ar\/#\/schema\/logo\/image\/"},"sameAs":["https:\/\/git.vagonatinyhouse.com\/facebook","https:\/\/git.vagonatinyhouse.com\/instagram","https:\/\/git.vagonatinyhouse.com\/pinterest","https:\/\/git.vagonatinyhouse.com\/youtube"]}]}},"_links":{"self":[{"href":"https:\/\/vagonatinyhouse.com\/tr\/wp-json\/wp\/v2\/pages\/523","targetHints":{"allow":["GET"]}}],"collection":[{"href":"https:\/\/vagonatinyhouse.com\/tr\/wp-json\/wp\/v2\/pages"}],"about":[{"href":"https:\/\/vagonatinyhouse.com\/tr\/wp-json\/wp\/v2\/types\/page"}],"author":[{"embeddable":true,"href":"https:\/\/vagonatinyhouse.com\/tr\/wp-json\/wp\/v2\/users\/1"}],"replies":[{"embeddable":true,"href":"https:\/\/vagonatinyhouse.com\/tr\/wp-json\/wp\/v2\/comments?post=523"}],"version-history":[{"count":0,"href":"https:\/\/vagonatinyhouse.com\/tr\/wp-json\/wp\/v2\/pages\/523\/revisions"}],"wp:attachment":[{"href":"https:\/\/vagonatinyhouse.com\/tr\/wp-json\/wp\/v2\/media?parent=523"}],"curies":[{"name":"wp","href":"https:\/\/api.w.org\/{rel}","templated":true}]}}