{"id":2161,"date":"2018-02-17T13:08:13","date_gmt":"2018-02-17T13:08:13","guid":{"rendered":"http:\/\/vagonatinyhouse.com\/about-us\/"},"modified":"2021-07-08T23:12:35","modified_gmt":"2021-07-08T20:12:35","slug":"hakkimizda","status":"publish","type":"page","link":"https:\/\/vagonatinyhouse.com\/tr\/hakkimizda\/","title":{"rendered":"Hakk\u0131m\u0131zda"},"content":{"rendered":"<section class=\"wpb-content-wrapper\"><div data-vc-full-width=\"true\" data-vc-full-width-init=\"false\" class=\"vc_row wpb_row vc_row-fluid vc_custom_1531729276201\"><div class=\"wpb_column vc_column_container vc_col-sm-6\"><div class=\"vc_column-inner\"><div class=\"wpb_wrapper\">\t\t\t<div\r\n\t\t\t\tclass=\"main_title  text-left  \">\r\n\t\t\t\t<h2 class=\"title\">Vagona ile Do\u011fa<\/h2>\r\n\t\t\t\t\t\t\t\t\t<p class=\"main_description\">Sadece bir pencere uza\u011f\u0131n\u0131zda<\/p>\r\n\t\t\t\t\t\t\t<\/div>\r\n\t\t\n\t<div class=\"wpb_text_column wpb_content_element \" >\n\t\t<div class=\"wpb_wrapper\">\n\t\t\t<p>Karadenizin dillere destan \u00c7aml\u0131hem\u015fin bolgesi giri\u015finde, f\u0131rt\u0131na deresi \u00fczerinde al\u0131\u015fm\u0131\u015f oldu\u011funuz kal\u0131plardan uzakta do\u011fa dahil konseptimiz ile Karadenizin ilk TinyHouse tatil k\u00f6y\u00fc ile size muhte\u015fem bir deneyim ya\u015fatmak i\u00e7in buraday\u0131z. Vagona Tiny House her biri T\u00fcrkiye\u2019de ki farkl\u0131 i\u00e7 mimari ve ya\u015fam k\u00fclt\u00fcr\u00fcndeki b\u00f6lgelerden ismini alan 5 ya\u015fam alan\u0131 ile, size evinizden uzakta, ama evinizdeki s\u0131cakl\u0131\u011f\u0131, al\u0131\u015fm\u0131\u015f oldu\u011funuz konforu, otel konsepti \u00fczerinde bir anlay\u0131\u015f ve s\u0131kl\u0131kla sunuyoruz. \u0130\u00e7inde mutfa\u011f\u0131, banyosu, oturma odas\u0131, yatak odas\u0131 ve teras\u0131 olan 24m2\u2019lik evlerde olduk\u00e7a izole, ku\u015f sesleri aras\u0131nda, g\u00fcn do\u011fumu, g\u00fcn bat\u0131m\u0131 ve \u015fahane dere, da\u011f manzaras\u0131 ile sizleri g\u00f6z\u00fcn\u00fcz\u00fc kama\u015ft\u0131racak do\u011fal g\u00fczelliklerle kar\u015f\u0131l\u0131yoruz.<\/p>\n\n\t\t<\/div>\n\t<\/div>\n<\/div><\/div><\/div><div class=\"wpb_column vc_column_container vc_col-sm-6\"><div class=\"vc_column-inner\"><div class=\"wpb_wrapper\">\r\n        <div class=\"image-3d-effect\">\r\n          <div class=\"side left\"><\/div>\r\n          <div class=\"side right\"><\/div>\r\n          <div class=\"images\">\r\n                        <div class=\"front-image\" style=\"background-image: url(https:\/\/vagonatinyhouse.com\/wp-content\/uploads\/2021\/06\/Untitled-1_0027_IMG_2765.jpg)\"><\/div>\r\n                                    <div class=\"back-image\" style=\"background-image: url(https:\/\/vagonatinyhouse.com\/wp-content\/uploads\/2021\/06\/Untitled-1_0033_IMG_2429.jpg)\"><\/div>\r\n                      <\/div>\r\n        <\/div>\r\n\r\n\r\n\r\n        <\/div><\/div><\/div><\/div><div class=\"vc_row-full-width vc_clearfix\"><\/div><div class=\"vc_row wpb_row vc_row-fluid\"><div class=\"wpb_column vc_column_container vc_col-sm-12\"><div class=\"vc_column-inner\"><div class=\"wpb_wrapper\"><div class=\"vc_row wpb_row vc_inner vc_row-fluid\"><div class=\"wpb_column vc_column_container vc_col-sm-3\"><div class=\"vc_column-inner\"><div class=\"wpb_wrapper\">\r\n          <div class=\"countup-item\">\r\n            <img decoding=\"async\" draggable=\"false\" src=\"https:\/\/vagonatinyhouse.com\/wp-content\/uploads\/2021\/06\/rooms-1-1.png\">\r\n            <span class=\"number\" data-count=\"5\">5<\/span>\r\n            <div class=\"text\">VAGON<\/div>\r\n          <\/div>\r\n\r\n\r\n        <\/div><\/div><\/div><div class=\"wpb_column vc_column_container vc_col-sm-3\"><div class=\"vc_column-inner\"><div class=\"wpb_wrapper\">\r\n          <div class=\"countup-item\">\r\n            <img decoding=\"async\" draggable=\"false\" src=\"\">\r\n            <span class=\"number\" data-count=\"1\">1<\/span>\r\n            <div class=\"text\">LOKASYON<\/div>\r\n          <\/div>\r\n\r\n\r\n        <\/div><\/div><\/div><div class=\"wpb_column vc_column_container vc_col-sm-3\"><div class=\"vc_column-inner\"><div class=\"wpb_wrapper\">\r\n          <div class=\"countup-item\">\r\n            <img decoding=\"async\" draggable=\"false\" src=\"https:\/\/vagonatinyhouse.com\/wp-content\/uploads\/2018\/07\/staff-1-1.png\">\r\n            <span class=\"number\" data-count=\"2021\">2021<\/span>\r\n            <div class=\"text\">KURULU\u015e<\/div>\r\n          <\/div>\r\n\r\n\r\n        <\/div><\/div><\/div><div class=\"wpb_column vc_column_container vc_col-sm-3\"><div class=\"vc_column-inner\"><div class=\"wpb_wrapper\">\r\n          <div class=\"countup-item\">\r\n            <img decoding=\"async\" draggable=\"false\" src=\"https:\/\/vagonatinyhouse.com\/wp-content\/uploads\/2021\/06\/leaf-plants-nature-icon-23.png\">\r\n            <span class=\"number\" data-count=\"99\">99<\/span>\r\n            <div class=\"text\">DO\u011eA KAYNA\u011eI<\/div>\r\n          <\/div>\r\n\r\n\r\n        <\/div><\/div><\/div><\/div><div class=\"vc_empty_space\"   style=\"height: 50px\"><span class=\"vc_empty_space_inner\"><\/span><\/div>\t\t\t<div\r\n\t\t\t\tclass=\"main_title  text-left  \">\r\n\t\t\t\t<h2 class=\"title\">SUNDU\u011eUMUZ H\u0130ZMETLER\u0130M\u0130Z<\/h2>\r\n\t\t\t\t\t\t\t\t\t<p class=\"main_description\">Vagona Tiny House&#039;un do\u011fa ile bire bir sundu\u011fu konaklama hizmetimize ek olaraktan sundu\u011fumuz hizmetlerimiz<\/p>\r\n\t\t\t\t\t\t\t<\/div>\r\n\t\t\r\n      \r\n    <script>\r\n      jQuery(document).ready(function ($) {\r\n        $('#features-slider-NA8rj').owlCarousel({\r\n            thumbs: true,\r\n            thumbsPrerendered: true,\r\n            items: 1,\r\n                        loop: true,\r\n                        autoplay: true,\r\n                        dots: false,\r\n            nav: false,\r\n            touchDrag  : true,\r\n            mouseDrag  : false\r\n          });\r\n      });\r\n    <\/script>\r\n\r\n\r\n    <div class=\"features\">\r\n      <div class=\"row\">\r\n          <div class=\"col-md-7\">\r\n              <div data-slider-id=\"features-NA8rj\" id=\"features-slider-NA8rj\" class=\"main-image owl-carousel\">\r\n\r\n\r\n  <div class=\"gradient-overlay overlay-opacity-02\"><img decoding=\"async\" src=\"https:\/\/vagonatinyhouse.com\/wp-content\/uploads\/2021\/07\/cbd2aebe-fcd0-41f3-9346-0eae4208fae2.jpg\" class=\"img-responsive\" alt=\"\u00dccretsiz Kahvalt\u0131\"><\/div>\r\n\r\n  \r\n  <div class=\"gradient-overlay overlay-opacity-02\"><img decoding=\"async\" src=\"https:\/\/vagonatinyhouse.com\/wp-content\/uploads\/2021\/07\/uzungol.jpg\" class=\"img-responsive\" alt=\"Karadeniz Turlar\u0131\"><\/div>\r\n\r\n  \r\n  <div class=\"gradient-overlay overlay-opacity-02\"><img decoding=\"async\" src=\"https:\/\/vagonatinyhouse.com\/wp-content\/uploads\/2021\/07\/e5a6f152-3631-4abf-a089-af3f2c0299fb.jpg\" class=\"img-responsive\" alt=\"Otopark\"><\/div>\r\n\r\n  \r\n  <div class=\"gradient-overlay overlay-opacity-02\"><img decoding=\"async\" src=\"https:\/\/vagonatinyhouse.com\/wp-content\/uploads\/2020\/05\/1734eece-982f-446d-bebb-4b44d270fb22.jpg\" class=\"img-responsive\" alt=\"G\u00fcvenlik\"><\/div>\r\n\r\n  <\/div>\r\n<\/div>\r\n<div class=\"col-md-5\">\r\n  <div class=\"owl-thumbs\" data-slider-id=\"features-NA8rj\">\r\n\r\n    \r\n    <!-- SLIDE -->\r\n    <div class=\"owl-thumb-item\">\r\n        <span class=\"media-left\"><image src=\"https:\/\/vagonatinyhouse.com\/wp-content\/uploads\/2021\/07\/plate-1.png\" alt=\"\u00dccretsiz Kahvalt\u0131\"><\/span>\r\n        <div class=\"media-body\">\r\n            <h3>\u00dccretsiz Kahvalt\u0131<\/h3>\r\n            <p>Her evimiz i\u00e7in iki ki\u015fiye kadar \u00fccretsiz kahvalt\u0131 hizmetimiz vard\u0131r.<\/p>\r\n        <\/div>\r\n    <\/div>\r\n\r\n    \r\n    <!-- SLIDE -->\r\n    <div class=\"owl-thumb-item\">\r\n        <span class=\"media-left\"><image src=\"https:\/\/vagonatinyhouse.com\/wp-content\/uploads\/2018\/05\/spa-1.png\" alt=\"Karadeniz Turlar\u0131\"><\/span>\r\n        <div class=\"media-body\">\r\n            <h3>Karadeniz Turlar\u0131<\/h3>\r\n            <p>Turlar\u0131m\u0131z hakk\u0131nda bize telefon numaram\u0131zdan ula\u015fabilirsiniz.<\/p>\r\n        <\/div>\r\n    <\/div>\r\n\r\n    \r\n    <!-- SLIDE -->\r\n    <div class=\"owl-thumb-item\">\r\n        <span class=\"media-left\"><image src=\"https:\/\/vagonatinyhouse.com\/wp-content\/uploads\/2021\/07\/otopark.png\" alt=\"Otopark\"><\/span>\r\n        <div class=\"media-body\">\r\n            <h3>Otopark<\/h3>\r\n            <p>Ara\u00e7lar\u0131n\u0131z\u0131 parkedebilmeniz i\u00e7in i\u015fletmemizde \u00fccretsiz otopark mevcuttur.<\/p>\r\n        <\/div>\r\n    <\/div>\r\n\r\n    \r\n    <!-- SLIDE -->\r\n    <div class=\"owl-thumb-item\">\r\n        <span class=\"media-left\"><image src=\"https:\/\/vagonatinyhouse.com\/wp-content\/uploads\/2021\/06\/guvenlik.png\" alt=\"G\u00fcvenlik\"><\/span>\r\n        <div class=\"media-body\">\r\n            <h3>G\u00fcvenlik<\/h3>\r\n            <p>Tatil k\u00f6y\u00fcm\u00fcz 7\/24 g\u00fcvenlik kameralar\u0131 ile izlenmektedir.<\/p>\r\n        <\/div>\r\n    <\/div>\r\n\r\n    \r\n  <\/div>\r\n<\/div>\r\n<\/div>\r\n<\/div>\r\n\r\n  <div class=\"vc_empty_space\"   style=\"height: 50px\"><span class=\"vc_empty_space_inner\"><\/span><\/div><\/div><\/div><\/div><\/div><div class=\"vc_row wpb_row vc_row-fluid\"><div class=\"wpb_column vc_column_container vc_col-sm-12\"><div class=\"vc_column-inner\"><div class=\"wpb_wrapper\">\t\t\t<div\r\n\t\t\t\tclass=\"main_title  text-left  \">\r\n\t\t\t\t<h2 class=\"title\">REFERANSLARIMIZ<\/h2>\r\n\t\t\t\t\t\t\t\t\t<p class=\"main_description\">Baz\u0131 m\u00fc\u015fterilerimizin tatilleri hakk\u0131ndaki yorumlar\u0131<\/p>\r\n\t\t\t\t\t\t\t<\/div>\r\n\t\t<\/div><\/div><\/div><\/div><div class=\"vc_row wpb_row vc_row-fluid\"><div class=\"wpb_column vc_column_container vc_col-sm-12\"><div class=\"vc_column-inner\"><div class=\"wpb_wrapper\">\r\n        <div class=\"row flex-row\">\r\n            \t\t\t\t\t\t\t\t<!-- TESTIMONIAL GRID ITEM -->\r\n                <div class=\"col-lg-6 col-sm-6 \">\r\n                    <div class=\"testimonial-item\">\r\n\t\t                  <div class=\"review\">\r\n\t\t                        <h3>Harika Bir Yer<\/h3>\r\n                                <div class=\"rating\">\r\n                                    <i class=\"fa fa-star\" aria-hidden=\"true\"><\/i><i class=\"fa fa-star\" aria-hidden=\"true\"><\/i><i class=\"fa fa-star\" aria-hidden=\"true\"><\/i><i class=\"fa fa-star\" aria-hidden=\"true\"><\/i><i class=\"fa fa-star\" aria-hidden=\"true\"><\/i>                                <\/div>\r\n\t\t                        <p>Konsept ve i\u015fletmeci harika. Osman beye misafir perverli\u011finden dolay\u0131 sonsuz te\u015fekk\u00fcrler.<\/p>\r\n\t\t                    <\/div>\r\n\t\t                    <div class=\"author\">\r\n                                                                    <img decoding=\"async\" src=\"https:\/\/vagonatinyhouse.com\/wp-content\/uploads\/2021\/07\/209249750_1466217497063183_7066745261046707464_n-150x150.jpg\" alt=\"Fato\u015f Yazar\" width=\"80\">\r\n                                \t\t                        <div class=\"author-info\">\r\n\t\t                            <h5>Fato\u015f Yazar<\/h5>\r\n\t\t                            <span class=\"author-loacation\">T\u00fcrkiye<\/span>\r\n\t\t                        <\/div>\r\n\t\t                    <\/div>\r\n\t\t              <\/div>\r\n                <\/div>\r\n\r\n            \t\t\t\t\t\t\t\t<!-- TESTIMONIAL GRID ITEM -->\r\n                <div class=\"col-lg-6 col-sm-6 \">\r\n                    <div class=\"testimonial-item\">\r\n\t\t                  <div class=\"review\">\r\n\t\t                        <h3>Son derece Huzurlu<\/h3>\r\n                                <div class=\"rating\">\r\n                                    <i class=\"fa fa-star\" aria-hidden=\"true\"><\/i><i class=\"fa fa-star\" aria-hidden=\"true\"><\/i><i class=\"fa fa-star\" aria-hidden=\"true\"><\/i><i class=\"fa fa-star\" aria-hidden=\"true\"><\/i><i class=\"fa fa-star\" aria-hidden=\"true\"><\/i>                                <\/div>\r\n\t\t                        <p>G\u00fclery\u00fczl\u00fc ev sahipleriyle mekan\u0131 \u00e7ok sevdik. Nehirden gelen manzara ve sesler son derece huzurlu!<\/p>\r\n\t\t                    <\/div>\r\n\t\t                    <div class=\"author\">\r\n                                                                    <img decoding=\"async\" src=\"https:\/\/vagonatinyhouse.com\/wp-content\/uploads\/2021\/07\/unnamed.png\" alt=\"Nader Bastaki\" width=\"80\">\r\n                                \t\t                        <div class=\"author-info\">\r\n\t\t                            <h5>Nader Bastaki<\/h5>\r\n\t\t                            <span class=\"author-loacation\"><\/span>\r\n\t\t                        <\/div>\r\n\t\t                    <\/div>\r\n\t\t              <\/div>\r\n                <\/div>\r\n\r\n            \t\t\t\t\t\t\t\t<!-- TESTIMONIAL GRID ITEM -->\r\n                <div class=\"col-lg-6 col-sm-6 \">\r\n                    <div class=\"testimonial-item\">\r\n\t\t                  <div class=\"review\">\r\n\t\t                        <h3>E\u015fsiz<\/h3>\r\n                                <div class=\"rating\">\r\n                                    <i class=\"fa fa-star\" aria-hidden=\"true\"><\/i><i class=\"fa fa-star\" aria-hidden=\"true\"><\/i><i class=\"fa fa-star\" aria-hidden=\"true\"><\/i><i class=\"fa fa-star\" aria-hidden=\"true\"><\/i><i class=\"fa fa-star\" aria-hidden=\"true\"><\/i>                                <\/div>\r\n\t\t                        <p>Karadenizde g\u00f6rd\u00fc\u011f\u00fcm hi\u00e7bir yere benzemiyor. Bir mimar\u0131n elinden \u00e7\u0131kt\u0131\u011f\u0131 \u00e7ok belli. Karavan rahatl\u0131\u011f\u0131n\u0131 da otel sefas\u0131n\u0131 da hissettiriyor. Kafa dinlemek i\u00e7in gidilebilecek \u00e7ok g\u00fczel bir yer.<\/p>\r\n\t\t                    <\/div>\r\n\t\t                    <div class=\"author\">\r\n                                                                    <img decoding=\"async\" src=\"https:\/\/vagonatinyhouse.com\/wp-content\/uploads\/2021\/07\/131536684_1809520195873881_3316793797752155328_n-150x150.jpg\" alt=\"Sinem Av\u015far\" width=\"80\">\r\n                                \t\t                        <div class=\"author-info\">\r\n\t\t                            <h5>Sinem Av\u015far<\/h5>\r\n\t\t                            <span class=\"author-loacation\">\u0130stanbul, TR<\/span>\r\n\t\t                        <\/div>\r\n\t\t                    <\/div>\r\n\t\t              <\/div>\r\n                <\/div>\r\n\r\n                                <\/div>\r\n\r\n        <\/div><\/div><\/div><\/div>\n<\/section>","protected":false},"excerpt":{"rendered":"","protected":false},"author":1,"featured_media":0,"parent":0,"menu_order":0,"comment_status":"closed","ping_status":"closed","template":"","meta":{"footnotes":""},"class_list":["post-2161","page","type-page","status-publish","hentry"],"yoast_head":"<!-- This site is optimized with the Yoast SEO Premium plugin v20.8 (Yoast SEO v25.4) - https:\/\/yoast.com\/wordpress\/plugins\/seo\/ -->\n<title>Hakk\u0131m\u0131zda - Vagona Tiny House<\/title>\n<meta name=\"robots\" content=\"index, follow, max-snippet:-1, max-image-preview:large, max-video-preview:-1\" \/>\n<link rel=\"canonical\" href=\"https:\/\/vagonatinyhouse.com\/tr\/hakkimizda\/\" \/>\n<meta property=\"og:locale\" content=\"tr_TR\" \/>\n<meta property=\"og:type\" content=\"article\" \/>\n<meta property=\"og:title\" content=\"Hakk\u0131m\u0131zda - Vagona Tiny House\" \/>\n<meta property=\"og:url\" content=\"https:\/\/vagonatinyhouse.com\/tr\/hakkimizda\/\" \/>\n<meta property=\"og:site_name\" content=\"Vagona Tiny House\" \/>\n<meta property=\"article:publisher\" content=\"https:\/\/git.vagonatinyhouse.com\/facebook\" \/>\n<meta property=\"article:modified_time\" content=\"2021-07-08T20:12:35+00:00\" \/>\n<meta name=\"twitter:card\" content=\"summary_large_image\" \/>\n<meta name=\"twitter:label1\" content=\"Tahmini okuma s\u00fcresi\" \/>\n\t<meta name=\"twitter:data1\" content=\"1 dakika\" \/>\n<script type=\"application\/ld+json\" class=\"yoast-schema-graph\">{\"@context\":\"https:\/\/schema.org\",\"@graph\":[{\"@type\":\"WebPage\",\"@id\":\"https:\/\/vagonatinyhouse.com\/tr\/hakkimizda\/\",\"url\":\"https:\/\/vagonatinyhouse.com\/tr\/hakkimizda\/\",\"name\":\"Hakk\u0131m\u0131zda - Vagona Tiny House\",\"isPartOf\":{\"@id\":\"https:\/\/vagonatinyhouse.com\/ar\/#website\"},\"datePublished\":\"2018-02-17T13:08:13+00:00\",\"dateModified\":\"2021-07-08T20:12:35+00:00\",\"inLanguage\":\"tr\",\"potentialAction\":[{\"@type\":\"ReadAction\",\"target\":[\"https:\/\/vagonatinyhouse.com\/tr\/hakkimizda\/\"]}]},{\"@type\":\"WebSite\",\"@id\":\"https:\/\/vagonatinyhouse.com\/ar\/#website\",\"url\":\"https:\/\/vagonatinyhouse.com\/ar\/\",\"name\":\"Vagona Tiny House\",\"description\":\"Karadenizin dillere destan \u00c7aml\u0131hem\u015fin bolgesi giri\u015finde, f\u0131rt\u0131na deresi \u00fczerinde al\u0131\u015fm\u0131\u015f oldu\u011funuz kal\u0131plardan uzakta do\u011fa dahil konseptimiz ile Karadenizin ilk TinyHouse tatil k\u00f6y\u00fc ile size muhte\u015fem bir deneyim ya\u015fatmak i\u00e7in buraday\u0131z.\",\"publisher\":{\"@id\":\"https:\/\/vagonatinyhouse.com\/ar\/#organization\"},\"potentialAction\":[{\"@type\":\"SearchAction\",\"target\":{\"@type\":\"EntryPoint\",\"urlTemplate\":\"https:\/\/vagonatinyhouse.com\/ar\/?s={search_term_string}\"},\"query-input\":{\"@type\":\"PropertyValueSpecification\",\"valueRequired\":true,\"valueName\":\"search_term_string\"}}],\"inLanguage\":\"tr\"},{\"@type\":\"Organization\",\"@id\":\"https:\/\/vagonatinyhouse.com\/ar\/#organization\",\"name\":\"Vagona Tiny House\",\"url\":\"https:\/\/vagonatinyhouse.com\/ar\/\",\"logo\":{\"@type\":\"ImageObject\",\"inLanguage\":\"tr\",\"@id\":\"https:\/\/vagonatinyhouse.com\/ar\/#\/schema\/logo\/image\/\",\"url\":\"http:\/\/vagonatinyhouse.com\/wp-content\/uploads\/2021\/07\/cropped-android-chrome-512x512-1.png\",\"contentUrl\":\"http:\/\/vagonatinyhouse.com\/wp-content\/uploads\/2021\/07\/cropped-android-chrome-512x512-1.png\",\"width\":512,\"height\":512,\"caption\":\"Vagona Tiny House\"},\"image\":{\"@id\":\"https:\/\/vagonatinyhouse.com\/ar\/#\/schema\/logo\/image\/\"},\"sameAs\":[\"https:\/\/git.vagonatinyhouse.com\/facebook\",\"https:\/\/git.vagonatinyhouse.com\/instagram\",\"https:\/\/git.vagonatinyhouse.com\/pinterest\",\"https:\/\/git.vagonatinyhouse.com\/youtube\"]}]}<\/script>\n<!-- \/ Yoast SEO Premium plugin. -->","yoast_head_json":{"title":"Hakk\u0131m\u0131zda - Vagona Tiny House","robots":{"index":"index","follow":"follow","max-snippet":"max-snippet:-1","max-image-preview":"max-image-preview:large","max-video-preview":"max-video-preview:-1"},"canonical":"https:\/\/vagonatinyhouse.com\/tr\/hakkimizda\/","og_locale":"tr_TR","og_type":"article","og_title":"Hakk\u0131m\u0131zda - Vagona Tiny House","og_url":"https:\/\/vagonatinyhouse.com\/tr\/hakkimizda\/","og_site_name":"Vagona Tiny House","article_publisher":"https:\/\/git.vagonatinyhouse.com\/facebook","article_modified_time":"2021-07-08T20:12:35+00:00","twitter_card":"summary_large_image","twitter_misc":{"Tahmini okuma s\u00fcresi":"1 dakika"},"schema":{"@context":"https:\/\/schema.org","@graph":[{"@type":"WebPage","@id":"https:\/\/vagonatinyhouse.com\/tr\/hakkimizda\/","url":"https:\/\/vagonatinyhouse.com\/tr\/hakkimizda\/","name":"Hakk\u0131m\u0131zda - Vagona Tiny House","isPartOf":{"@id":"https:\/\/vagonatinyhouse.com\/ar\/#website"},"datePublished":"2018-02-17T13:08:13+00:00","dateModified":"2021-07-08T20:12:35+00:00","inLanguage":"tr","potentialAction":[{"@type":"ReadAction","target":["https:\/\/vagonatinyhouse.com\/tr\/hakkimizda\/"]}]},{"@type":"WebSite","@id":"https:\/\/vagonatinyhouse.com\/ar\/#website","url":"https:\/\/vagonatinyhouse.com\/ar\/","name":"Vagona Tiny House","description":"Karadenizin dillere destan \u00c7aml\u0131hem\u015fin bolgesi giri\u015finde, f\u0131rt\u0131na deresi \u00fczerinde al\u0131\u015fm\u0131\u015f oldu\u011funuz kal\u0131plardan uzakta do\u011fa dahil konseptimiz ile Karadenizin ilk TinyHouse tatil k\u00f6y\u00fc ile size muhte\u015fem bir deneyim ya\u015fatmak i\u00e7in buraday\u0131z.","publisher":{"@id":"https:\/\/vagonatinyhouse.com\/ar\/#organization"},"potentialAction":[{"@type":"SearchAction","target":{"@type":"EntryPoint","urlTemplate":"https:\/\/vagonatinyhouse.com\/ar\/?s={search_term_string}"},"query-input":{"@type":"PropertyValueSpecification","valueRequired":true,"valueName":"search_term_string"}}],"inLanguage":"tr"},{"@type":"Organization","@id":"https:\/\/vagonatinyhouse.com\/ar\/#organization","name":"Vagona Tiny House","url":"https:\/\/vagonatinyhouse.com\/ar\/","logo":{"@type":"ImageObject","inLanguage":"tr","@id":"https:\/\/vagonatinyhouse.com\/ar\/#\/schema\/logo\/image\/","url":"http:\/\/vagonatinyhouse.com\/wp-content\/uploads\/2021\/07\/cropped-android-chrome-512x512-1.png","contentUrl":"http:\/\/vagonatinyhouse.com\/wp-content\/uploads\/2021\/07\/cropped-android-chrome-512x512-1.png","width":512,"height":512,"caption":"Vagona Tiny House"},"image":{"@id":"https:\/\/vagonatinyhouse.com\/ar\/#\/schema\/logo\/image\/"},"sameAs":["https:\/\/git.vagonatinyhouse.com\/facebook","https:\/\/git.vagonatinyhouse.com\/instagram","https:\/\/git.vagonatinyhouse.com\/pinterest","https:\/\/git.vagonatinyhouse.com\/youtube"]}]}},"_links":{"self":[{"href":"https:\/\/vagonatinyhouse.com\/tr\/wp-json\/wp\/v2\/pages\/2161","targetHints":{"allow":["GET"]}}],"collection":[{"href":"https:\/\/vagonatinyhouse.com\/tr\/wp-json\/wp\/v2\/pages"}],"about":[{"href":"https:\/\/vagonatinyhouse.com\/tr\/wp-json\/wp\/v2\/types\/page"}],"author":[{"embeddable":true,"href":"https:\/\/vagonatinyhouse.com\/tr\/wp-json\/wp\/v2\/users\/1"}],"replies":[{"embeddable":true,"href":"https:\/\/vagonatinyhouse.com\/tr\/wp-json\/wp\/v2\/comments?post=2161"}],"version-history":[{"count":17,"href":"https:\/\/vagonatinyhouse.com\/tr\/wp-json\/wp\/v2\/pages\/2161\/revisions"}],"predecessor-version":[{"id":2353,"href":"https:\/\/vagonatinyhouse.com\/tr\/wp-json\/wp\/v2\/pages\/2161\/revisions\/2353"}],"wp:attachment":[{"href":"https:\/\/vagonatinyhouse.com\/tr\/wp-json\/wp\/v2\/media?parent=2161"}],"curies":[{"name":"wp","href":"https:\/\/api.w.org\/{rel}","templated":true}]}}