{"id":1347,"date":"2018-06-16T18:46:03","date_gmt":"2018-06-16T18:46:03","guid":{"rendered":"http:\/\/demo.zantetheme.com\/?page_id=1347"},"modified":"2018-06-16T18:46:03","modified_gmt":"2018-06-16T18:46:03","slug":"styleguide","status":"publish","type":"page","link":"https:\/\/vagonatinyhouse.com\/tr\/styleguide\/","title":{"rendered":"Styleguide"},"content":{"rendered":"<h3 class=\"mb40\">Headings<\/h3>\n<h1>H1 Heading<\/h1>\n<p>Lorem ipsum dolor sit amet, consectetur adipiscing elit. Nam augue eros, ultrices sit amet ex in, luctus mattis sem. Maecenas metus elit, convallis at lectus nec, interdum gravida odio. Proin dui turpis, venenatis non eleifend sed, varius at erat. Aenean rutrum, urna ut finibus ultrices, turpis ante vehicula turpis, eget pharetra neque metus in augue.<\/p>\n<p>&nbsp;<\/p>\n<h2>H2 Heading<\/h2>\n<p>Lorem ipsum dolor sit amet, consectetur adipiscing elit. Nam augue eros, ultrices sit amet ex in, luctus mattis sem. Maecenas metus elit, convallis at lectus nec, interdum gravida odio. Proin dui turpis, venenatis non eleifend sed, varius at erat. Aenean rutrum, urna ut finibus ultrices, turpis ante vehicula turpis, eget pharetra neque metus in augue.<\/p>\n<p>&nbsp;<\/p>\n<h3>H3 Heading<\/h3>\n<p>Lorem ipsum dolor sit amet, consectetur adipiscing elit. Nam augue eros, ultrices sit amet ex in, luctus mattis sem. Maecenas metus elit, convallis at lectus nec, interdum gravida odio. Proin dui turpis, venenatis non eleifend sed, varius at erat. Aenean rutrum, urna ut finibus ultrices, turpis ante vehicula turpis, eget pharetra neque metus in augue.<\/p>\n<p>&nbsp;<\/p>\n<h4>H4 Heading<\/h4>\n<p>Lorem ipsum dolor sit amet, consectetur adipiscing elit. Nam augue eros, ultrices sit amet ex in, luctus mattis sem. Maecenas metus elit, convallis at lectus nec, interdum gravida odio. Proin dui turpis, venenatis non eleifend sed, varius at erat. Aenean rutrum, urna ut finibus ultrices, turpis ante vehicula turpis, eget pharetra neque metus in augue.<\/p>\n<p>&nbsp;<\/p>\n<h5>H5 Heading<\/h5>\n<p>Lorem ipsum dolor sit amet, consectetur adipiscing elit. Nam augue eros, ultrices sit amet ex in, luctus mattis sem. Maecenas metus elit, convallis at lectus nec, interdum gravida odio. Proin dui turpis, venenatis non eleifend sed, varius at erat. Aenean rutrum, urna ut finibus ultrices, turpis ante vehicula turpis, eget pharetra neque metus in augue.<\/p>\n<p>&nbsp;<\/p>\n<h6>H6 Heading<\/h6>\n<p>Lorem ipsum dolor sit amet, consectetur adipiscing elit. Nam augue eros, ultrices sit amet ex in, luctus mattis sem. Maecenas metus elit, convallis at lectus nec, interdum gravida odio. Proin dui turpis, venenatis non eleifend sed, varius at erat. Aenean rutrum, urna ut finibus ultrices, turpis ante vehicula turpis, eget pharetra neque metus in augue.<\/p>\n<p>&nbsp;<\/p>\n<p>&nbsp;<\/p>\n<h4>Left aligned image<\/h4>\n<p><img loading=\"lazy\" decoding=\"async\" class=\"size-medium wp-image-1151 alignleft\" src=\"http:\/\/demo.zantetheme.com\/wp-content\/uploads\/2018\/06\/restaurant11-300x188.jpg\" alt=\"\" width=\"300\" height=\"188\" \/>Lorem ipsum dolor sit amet, consectetur adipiscing elit. Nam augue eros, ultrices sit amet ex in, luctus mattis sem. Maecenas metus elit, convallis at lectus nec, interdum gravida odio. Proin dui turpis, venenatis non eleifend sed, varius at erat. Aenean rutrum, urna ut finibus ultrices, turpis ante vehicula turpis, eget pharetra neque metus in augue. In est ipsum, faucibus pellentesque suscipit in, porta ac quam. Pellentesque habitant morbi tristique senectus et netus et malesuada fames ac turpis egestas. Ut convallis, lacus quis tincidunt ornare, velit est faucibus nisi, nec dictum sapien nibh eget metus. Donec vel sagittis ex, sit amet pretium lectus. Aliquam erat volutpat. Phasellus ac viverra augue, eget laoreet enim. Duis in odio sed nibh malesuada dapibus non a sem. Phasellus pretium ac dolor efficitur aliquam.Praesent maximus iaculis nibh, vitae tristique nisl scelerisque sit amet. In laoreet mi nec aliquet tempor. Ut in rhoncus lorem, interdum porta ipsum. Nullam euismod libero arcu, a bibendum ex viverra quis. Nam eu congue tortor, at blandit lacus. Integer convallis dapibus felis, in facilisis turpis fringilla ut.<\/p>\n<p>&nbsp;<\/p>\n<h4><\/h4>\n<h4>Right\u00a0aligned image<\/h4>\n<p><img loading=\"lazy\" decoding=\"async\" class=\"size-medium wp-image-1010 alignright\" src=\"http:\/\/demo.zantetheme.com\/wp-content\/uploads\/2018\/05\/honeymoon-300x189.jpg\" alt=\"\" width=\"300\" height=\"189\" \/><\/p>\n<p>Lorem ipsum dolor sit amet, consectetur adipiscing elit. Nam augue eros, ultrices sit amet ex in, luctus mattis sem. Maecenas metus elit, convallis at<img loading=\"lazy\" decoding=\"async\" class=\"size-medium wp-image-1151 alignright\" src=\"http:\/\/demo.zantetheme.com\/wp-content\/uploads\/2018\/06\/restaurant11-300x188.jpg\" alt=\"\" width=\"300\" height=\"188\" \/> lectus nec, interdum gravida odio. Proin dui turpis, venenatis non eleifend sed, varius at erat. Aenean rutrum, urna ut finibus ultrices, turpis ante vehicula turpis, eget pharetra neque metus in augue. In est ipsum, faucibus pellentesque suscipit in, porta ac quam. Pellentesque habitant morbi tristique senectus et netus et malesuada fames ac turpis egestas. Ut convallis, lacus quis tincidunt ornare, velit est faucibus nisi, nec dictum sapien nibh eget metus. Donec vel sagittis ex, sit amet pretium lectus. Aliquam erat volutpat. Phasellus ac viverra augue, eget laoreet enim. Duis in odio sed nibh malesuada dapibus non a sem. Phasellus pretium ac dolor efficitur aliquam.Praesent maximus iaculis nibh, vitae tristique nisl scelerisque sit amet. In laoreet mi nec aliquet tempor. Ut in rhoncus lorem, interdum porta ipsum. Nullam euismod libero arcu, a bibendum ex viverra quis. Nam eu congue tortor, at blandit lacus. Integer convallis dapibus felis, in facilisis turpis fringilla ut.<\/p>\n<h4><\/h4>\n<p>&nbsp;<\/p>\n<h4>Blockquote<\/h4>\n<p>&nbsp;<\/p>\n<blockquote><p>Lorem ipsum dolor sit amet, consectetur adipiscing elit\u00a0<a href=\"https:\/\/www.eagle-themes.com\/fiore\/blog-post.html#\" data-toggle=\"tooltip\" data-placement=\"top\" data-trigger=\"hover\" data-original-title=\"Marius Doe\">Mauris\u00a0<\/a>non laoreet dui, Morbi lacus massa, euismod ut turpis molestie<\/p><\/blockquote>\n<p>&nbsp;<\/p>\n<blockquote><p>Lorem ipsum dolor sit amet, consectetur adipiscing elit. Nam augue eros, ultrices sit amet ex in, luctus mattis sem. Maecenas metus elit, convallis at lectus nec, interdum gravida odio. Proin dui turpis, venenatis non eleifend sed, varius at erat. Aenean rutrum, urna ut finibus ultrices, turpis ante vehicula turpis, eget pharetra neque metus in augue. In est ipsum, faucibus pellentesque suscipit in, porta ac quam.<\/p><\/blockquote>\n<p>&nbsp;<\/p>\n<h4 style=\"text-align: left;\">Unordered list<\/h4>\n<p>&nbsp;<\/p>\n<ul>\n<li>Lorem ipsum dolor sit amet<\/li>\n<li>Lorem ipsum dolor sit amet<\/li>\n<li>Lorem ipsum dolor sit amet<\/li>\n<li>Lorem ipsum dolor sit amet<\/li>\n<li>Lorem ipsum dolor sit amet<\/li>\n<\/ul>\n<h4><\/h4>\n<p>&nbsp;<\/p>\n<h4>Ordered list<\/h4>\n<p>&nbsp;<\/p>\n<ol>\n<li>Lorem ipsum dolor sit amet<\/li>\n<li>Lorem ipsum dolor sit amet<\/li>\n<li>Lorem ipsum dolor sit amet<\/li>\n<li>Lorem ipsum dolor sit amet<\/li>\n<li>Lorem ipsum dolor sit amet<\/li>\n<\/ol>\n<p>&nbsp;<\/p>\n<h4><\/h4>\n<h4>Code<\/h4>\n<p>&nbsp;<\/p>\n<pre>.class:before{\n   display: block;\n   position: absoloute;\n   float:left;\n   display:block;\n   content: \"Awesome\";\n}\npre, code{\n     direction: ltr;\n     text-align: left;\n}\n<\/pre>\n<h4><\/h4>\n<p>&nbsp;<\/p>\n<h4>Table<\/h4>\n<p>&nbsp;<\/p>\n<table style=\"width: 1377px; height: 122px;\">\n<thead>\n<tr>\n<td>Name<\/td>\n<td>Nickname<\/td>\n<td>Number<\/td>\n<\/tr>\n<\/thead>\n<tbody>\n<tr>\n<td>Jane<\/td>\n<td>Doe<\/td>\n<td>13<\/td>\n<\/tr>\n<tr>\n<td>Eve<\/td>\n<td>Doe<\/td>\n<td>94<\/td>\n<\/tr>\n<tr>\n<td>John<\/td>\n<td>Doe<\/td>\n<td>77<\/td>\n<\/tr>\n<tr>\n<td>Ina<\/td>\n<td>Aldrich<\/td>\n<td>16<\/td>\n<\/tr>\n<\/tbody>\n<\/table>\n","protected":false},"excerpt":{"rendered":"<p>Headings H1 Heading Lorem ipsum dolor sit amet, consectetur adipiscing elit. Nam augue eros, ultrices sit amet ex in, luctus mattis sem. Maecenas metus elit, convallis at lectus nec, interdum gravida odio. Proin dui turpis, venenatis non eleifend sed, varius at erat. Aenean rutrum, urna ut finibus ultrices, turpis ante vehicula turpis, eget pharetra neque [&hellip;]<\/p>\n","protected":false},"author":1,"featured_media":0,"parent":0,"menu_order":0,"comment_status":"closed","ping_status":"closed","template":"","meta":{"footnotes":""},"class_list":["post-1347","page","type-page","status-publish","hentry"],"yoast_head":"<!-- This site is optimized with the Yoast SEO Premium plugin v20.8 (Yoast SEO v25.4) - https:\/\/yoast.com\/wordpress\/plugins\/seo\/ -->\n<title>Styleguide - Vagona Tiny House<\/title>\n<meta name=\"robots\" content=\"index, follow, max-snippet:-1, max-image-preview:large, max-video-preview:-1\" \/>\n<link rel=\"canonical\" href=\"https:\/\/vagonatinyhouse.com\/tr\/styleguide\/\" \/>\n<meta property=\"og:locale\" content=\"tr_TR\" \/>\n<meta property=\"og:type\" content=\"article\" \/>\n<meta property=\"og:title\" content=\"Styleguide - Vagona Tiny House\" \/>\n<meta property=\"og:description\" content=\"Headings H1 Heading Lorem ipsum dolor sit amet, consectetur adipiscing elit. Nam augue eros, ultrices sit amet ex in, luctus mattis sem. Maecenas metus elit, convallis at lectus nec, interdum gravida odio. Proin dui turpis, venenatis non eleifend sed, varius at erat. Aenean rutrum, urna ut finibus ultrices, turpis ante vehicula turpis, eget pharetra neque [&hellip;]\" \/>\n<meta property=\"og:url\" content=\"https:\/\/vagonatinyhouse.com\/tr\/styleguide\/\" \/>\n<meta property=\"og:site_name\" content=\"Vagona Tiny House\" \/>\n<meta property=\"article:publisher\" content=\"https:\/\/git.vagonatinyhouse.com\/facebook\" \/>\n<meta property=\"og:image\" content=\"http:\/\/demo.zantetheme.com\/wp-content\/uploads\/2018\/06\/restaurant11-300x188.jpg\" \/>\n<meta name=\"twitter:card\" content=\"summary_large_image\" \/>\n<meta name=\"twitter:label1\" content=\"Tahmini okuma s\u00fcresi\" \/>\n\t<meta name=\"twitter:data1\" content=\"4 dakika\" \/>\n<script type=\"application\/ld+json\" class=\"yoast-schema-graph\">{\"@context\":\"https:\/\/schema.org\",\"@graph\":[{\"@type\":\"WebPage\",\"@id\":\"https:\/\/vagonatinyhouse.com\/ar\/styleguide\/\",\"url\":\"https:\/\/vagonatinyhouse.com\/ar\/styleguide\/\",\"name\":\"Styleguide - Vagona Tiny House\",\"isPartOf\":{\"@id\":\"https:\/\/vagonatinyhouse.com\/ar\/#website\"},\"primaryImageOfPage\":{\"@id\":\"https:\/\/vagonatinyhouse.com\/ar\/styleguide\/#primaryimage\"},\"image\":{\"@id\":\"https:\/\/vagonatinyhouse.com\/ar\/styleguide\/#primaryimage\"},\"thumbnailUrl\":\"http:\/\/demo.zantetheme.com\/wp-content\/uploads\/2018\/06\/restaurant11-300x188.jpg\",\"datePublished\":\"2018-06-16T18:46:03+00:00\",\"inLanguage\":\"tr\",\"potentialAction\":[{\"@type\":\"ReadAction\",\"target\":[\"https:\/\/vagonatinyhouse.com\/ar\/styleguide\/\"]}]},{\"@type\":\"ImageObject\",\"inLanguage\":\"tr\",\"@id\":\"https:\/\/vagonatinyhouse.com\/ar\/styleguide\/#primaryimage\",\"url\":\"http:\/\/demo.zantetheme.com\/wp-content\/uploads\/2018\/06\/restaurant11-300x188.jpg\",\"contentUrl\":\"http:\/\/demo.zantetheme.com\/wp-content\/uploads\/2018\/06\/restaurant11-300x188.jpg\"},{\"@type\":\"WebSite\",\"@id\":\"https:\/\/vagonatinyhouse.com\/ar\/#website\",\"url\":\"https:\/\/vagonatinyhouse.com\/ar\/\",\"name\":\"Vagona Tiny House\",\"description\":\"Karadenizin dillere destan \u00c7aml\u0131hem\u015fin bolgesi giri\u015finde, f\u0131rt\u0131na deresi \u00fczerinde al\u0131\u015fm\u0131\u015f oldu\u011funuz kal\u0131plardan uzakta do\u011fa dahil konseptimiz ile Karadenizin ilk TinyHouse tatil k\u00f6y\u00fc ile size muhte\u015fem bir deneyim ya\u015fatmak i\u00e7in buraday\u0131z.\",\"publisher\":{\"@id\":\"https:\/\/vagonatinyhouse.com\/ar\/#organization\"},\"potentialAction\":[{\"@type\":\"SearchAction\",\"target\":{\"@type\":\"EntryPoint\",\"urlTemplate\":\"https:\/\/vagonatinyhouse.com\/ar\/?s={search_term_string}\"},\"query-input\":{\"@type\":\"PropertyValueSpecification\",\"valueRequired\":true,\"valueName\":\"search_term_string\"}}],\"inLanguage\":\"tr\"},{\"@type\":\"Organization\",\"@id\":\"https:\/\/vagonatinyhouse.com\/ar\/#organization\",\"name\":\"Vagona Tiny House\",\"url\":\"https:\/\/vagonatinyhouse.com\/ar\/\",\"logo\":{\"@type\":\"ImageObject\",\"inLanguage\":\"tr\",\"@id\":\"https:\/\/vagonatinyhouse.com\/ar\/#\/schema\/logo\/image\/\",\"url\":\"http:\/\/vagonatinyhouse.com\/wp-content\/uploads\/2021\/07\/cropped-android-chrome-512x512-1.png\",\"contentUrl\":\"http:\/\/vagonatinyhouse.com\/wp-content\/uploads\/2021\/07\/cropped-android-chrome-512x512-1.png\",\"width\":512,\"height\":512,\"caption\":\"Vagona Tiny House\"},\"image\":{\"@id\":\"https:\/\/vagonatinyhouse.com\/ar\/#\/schema\/logo\/image\/\"},\"sameAs\":[\"https:\/\/git.vagonatinyhouse.com\/facebook\",\"https:\/\/git.vagonatinyhouse.com\/instagram\",\"https:\/\/git.vagonatinyhouse.com\/pinterest\",\"https:\/\/git.vagonatinyhouse.com\/youtube\"]}]}<\/script>\n<!-- \/ Yoast SEO Premium plugin. -->","yoast_head_json":{"title":"Styleguide - Vagona Tiny House","robots":{"index":"index","follow":"follow","max-snippet":"max-snippet:-1","max-image-preview":"max-image-preview:large","max-video-preview":"max-video-preview:-1"},"canonical":"https:\/\/vagonatinyhouse.com\/tr\/styleguide\/","og_locale":"tr_TR","og_type":"article","og_title":"Styleguide - Vagona Tiny House","og_description":"Headings H1 Heading Lorem ipsum dolor sit amet, consectetur adipiscing elit. Nam augue eros, ultrices sit amet ex in, luctus mattis sem. Maecenas metus elit, convallis at lectus nec, interdum gravida odio. Proin dui turpis, venenatis non eleifend sed, varius at erat. Aenean rutrum, urna ut finibus ultrices, turpis ante vehicula turpis, eget pharetra neque [&hellip;]","og_url":"https:\/\/vagonatinyhouse.com\/tr\/styleguide\/","og_site_name":"Vagona Tiny House","article_publisher":"https:\/\/git.vagonatinyhouse.com\/facebook","og_image":[{"url":"http:\/\/demo.zantetheme.com\/wp-content\/uploads\/2018\/06\/restaurant11-300x188.jpg","type":"","width":"","height":""}],"twitter_card":"summary_large_image","twitter_misc":{"Tahmini okuma s\u00fcresi":"4 dakika"},"schema":{"@context":"https:\/\/schema.org","@graph":[{"@type":"WebPage","@id":"https:\/\/vagonatinyhouse.com\/ar\/styleguide\/","url":"https:\/\/vagonatinyhouse.com\/ar\/styleguide\/","name":"Styleguide - Vagona Tiny House","isPartOf":{"@id":"https:\/\/vagonatinyhouse.com\/ar\/#website"},"primaryImageOfPage":{"@id":"https:\/\/vagonatinyhouse.com\/ar\/styleguide\/#primaryimage"},"image":{"@id":"https:\/\/vagonatinyhouse.com\/ar\/styleguide\/#primaryimage"},"thumbnailUrl":"http:\/\/demo.zantetheme.com\/wp-content\/uploads\/2018\/06\/restaurant11-300x188.jpg","datePublished":"2018-06-16T18:46:03+00:00","inLanguage":"tr","potentialAction":[{"@type":"ReadAction","target":["https:\/\/vagonatinyhouse.com\/ar\/styleguide\/"]}]},{"@type":"ImageObject","inLanguage":"tr","@id":"https:\/\/vagonatinyhouse.com\/ar\/styleguide\/#primaryimage","url":"http:\/\/demo.zantetheme.com\/wp-content\/uploads\/2018\/06\/restaurant11-300x188.jpg","contentUrl":"http:\/\/demo.zantetheme.com\/wp-content\/uploads\/2018\/06\/restaurant11-300x188.jpg"},{"@type":"WebSite","@id":"https:\/\/vagonatinyhouse.com\/ar\/#website","url":"https:\/\/vagonatinyhouse.com\/ar\/","name":"Vagona Tiny House","description":"Karadenizin dillere destan \u00c7aml\u0131hem\u015fin bolgesi giri\u015finde, f\u0131rt\u0131na deresi \u00fczerinde al\u0131\u015fm\u0131\u015f oldu\u011funuz kal\u0131plardan uzakta do\u011fa dahil konseptimiz ile Karadenizin ilk TinyHouse tatil k\u00f6y\u00fc ile size muhte\u015fem bir deneyim ya\u015fatmak i\u00e7in buraday\u0131z.","publisher":{"@id":"https:\/\/vagonatinyhouse.com\/ar\/#organization"},"potentialAction":[{"@type":"SearchAction","target":{"@type":"EntryPoint","urlTemplate":"https:\/\/vagonatinyhouse.com\/ar\/?s={search_term_string}"},"query-input":{"@type":"PropertyValueSpecification","valueRequired":true,"valueName":"search_term_string"}}],"inLanguage":"tr"},{"@type":"Organization","@id":"https:\/\/vagonatinyhouse.com\/ar\/#organization","name":"Vagona Tiny House","url":"https:\/\/vagonatinyhouse.com\/ar\/","logo":{"@type":"ImageObject","inLanguage":"tr","@id":"https:\/\/vagonatinyhouse.com\/ar\/#\/schema\/logo\/image\/","url":"http:\/\/vagonatinyhouse.com\/wp-content\/uploads\/2021\/07\/cropped-android-chrome-512x512-1.png","contentUrl":"http:\/\/vagonatinyhouse.com\/wp-content\/uploads\/2021\/07\/cropped-android-chrome-512x512-1.png","width":512,"height":512,"caption":"Vagona Tiny House"},"image":{"@id":"https:\/\/vagonatinyhouse.com\/ar\/#\/schema\/logo\/image\/"},"sameAs":["https:\/\/git.vagonatinyhouse.com\/facebook","https:\/\/git.vagonatinyhouse.com\/instagram","https:\/\/git.vagonatinyhouse.com\/pinterest","https:\/\/git.vagonatinyhouse.com\/youtube"]}]}},"_links":{"self":[{"href":"https:\/\/vagonatinyhouse.com\/tr\/wp-json\/wp\/v2\/pages\/1347","targetHints":{"allow":["GET"]}}],"collection":[{"href":"https:\/\/vagonatinyhouse.com\/tr\/wp-json\/wp\/v2\/pages"}],"about":[{"href":"https:\/\/vagonatinyhouse.com\/tr\/wp-json\/wp\/v2\/types\/page"}],"author":[{"embeddable":true,"href":"https:\/\/vagonatinyhouse.com\/tr\/wp-json\/wp\/v2\/users\/1"}],"replies":[{"embeddable":true,"href":"https:\/\/vagonatinyhouse.com\/tr\/wp-json\/wp\/v2\/comments?post=1347"}],"version-history":[{"count":0,"href":"https:\/\/vagonatinyhouse.com\/tr\/wp-json\/wp\/v2\/pages\/1347\/revisions"}],"wp:attachment":[{"href":"https:\/\/vagonatinyhouse.com\/tr\/wp-json\/wp\/v2\/media?parent=1347"}],"curies":[{"name":"wp","href":"https:\/\/api.w.org\/{rel}","templated":true}]}}