{"id":2161,"date":"2018-02-17T13:08:13","date_gmt":"2018-02-17T13:08:13","guid":{"rendered":"http:\/\/vagonatinyhouse.com\/about-us\/"},"modified":"2021-07-08T23:12:35","modified_gmt":"2021-07-08T20:12:35","slug":"hakkimizda","status":"publish","type":"page","link":"https:\/\/vagonatinyhouse.com\/en\/hakkimizda\/","title":{"rendered":"About Us"},"content":{"rendered":"<section class=\"wpb-content-wrapper\"><div data-vc-full-width=\"true\" data-vc-full-width-init=\"false\" class=\"vc_row wpb_row vc_row-fluid vc_custom_1531729276201\"><div class=\"wpb_column vc_column_container vc_col-sm-6\"><div class=\"vc_column-inner\"><div class=\"wpb_wrapper\">\t\t\t<div\r\n\t\t\t\tclass=\"main_title  text-left\">\r\n\t\t\t\t<h2 class=\"title\">Nature with Vagona<\/h2>\r\n\t\t\t\t\t\t\t\t\t<p class=\"main_description\">You&#039;re just a window away<\/p>\r\n\t\t\t\t\t\t\t<\/div>\r\n\t\t\n\t<div class=\"wpb_text_column wpb_content_element\" >\n\t\t<div class=\"wpb_wrapper\">\n\t\t\t<p>We are here to give you a wonderful experience with our concept, including nature, at the entrance of the legendary \u00c7aml\u0131hem\u015fin region of the Black Sea, on the storm stream, away from the patterns you are used to, with the first TinyHouse holiday village of the Black Sea. Vagona Tiny House, with 5 living spaces, each named after different interior architecture and living cultures in Turkey, we offer you the warmth of your home, the comfort you are accustomed to, an understanding of the hotel concept, and frequently. We welcome you with natural beauties that will dazzle you with sunrise, sunset and magnificent creek and mountain views in the 24m2 houses with kitchen, bathroom, living room, bedroom and terrace, quite isolated, among the sounds of birds.<\/p>\n\n\t\t<\/div>\n\t<\/div>\n<\/div><\/div><\/div><div class=\"wpb_column vc_column_container vc_col-sm-6\"><div class=\"vc_column-inner\"><div class=\"wpb_wrapper\">\r\n        <div class=\"image-3d-effect\">\r\n          <div class=\"side left\"><\/div>\r\n          <div class=\"side right\"><\/div>\r\n          <div class=\"images\">\r\n                        <div class=\"front-image\" style=\"background-image: url(https:\/\/vagonatinyhouse.com\/wp-content\/uploads\/2021\/06\/Untitled-1_0027_IMG_2765.jpg)\"><\/div>\r\n                                    <div class=\"back-image\" style=\"background-image: url(https:\/\/vagonatinyhouse.com\/wp-content\/uploads\/2021\/06\/Untitled-1_0033_IMG_2429.jpg)\"><\/div>\r\n                      <\/div>\r\n        <\/div>\r\n\r\n\r\n\r\n        <\/div><\/div><\/div><\/div><div class=\"vc_row-full-width vc_clearfix\"><\/div><div class=\"vc_row wpb_row vc_row-fluid\"><div class=\"wpb_column vc_column_container vc_col-sm-12\"><div class=\"vc_column-inner\"><div class=\"wpb_wrapper\"><div class=\"vc_row wpb_row vc_inner vc_row-fluid\"><div class=\"wpb_column vc_column_container vc_col-sm-3\"><div class=\"vc_column-inner\"><div class=\"wpb_wrapper\">\r\n          <div class=\"countup-item\">\r\n            <img decoding=\"async\" draggable=\"false\" src=\"https:\/\/vagonatinyhouse.com\/wp-content\/uploads\/2021\/06\/rooms-1-1.png\">\r\n            <span class=\"number\" data-count=\"5\">5<\/span>\r\n            <div class=\"text\">WAGON<\/div>\r\n          <\/div>\r\n\r\n\r\n        <\/div><\/div><\/div><div class=\"wpb_column vc_column_container vc_col-sm-3\"><div class=\"vc_column-inner\"><div class=\"wpb_wrapper\">\r\n          <div class=\"countup-item\">\r\n            <img decoding=\"async\" draggable=\"false\" src=\"\">\r\n            <span class=\"number\" data-count=\"1\">1<\/span>\r\n            <div class=\"text\">LOCATION<\/div>\r\n          <\/div>\r\n\r\n\r\n        <\/div><\/div><\/div><div class=\"wpb_column vc_column_container vc_col-sm-3\"><div class=\"vc_column-inner\"><div class=\"wpb_wrapper\">\r\n          <div class=\"countup-item\">\r\n            <img decoding=\"async\" draggable=\"false\" src=\"https:\/\/vagonatinyhouse.com\/wp-content\/uploads\/2018\/07\/staff-1-1.png\">\r\n            <span class=\"number\" data-count=\"2021\">2021<\/span>\r\n            <div class=\"text\">ESTABLISHMENT<\/div>\r\n          <\/div>\r\n\r\n\r\n        <\/div><\/div><\/div><div class=\"wpb_column vc_column_container vc_col-sm-3\"><div class=\"vc_column-inner\"><div class=\"wpb_wrapper\">\r\n          <div class=\"countup-item\">\r\n            <img decoding=\"async\" draggable=\"false\" src=\"https:\/\/vagonatinyhouse.com\/wp-content\/uploads\/2021\/06\/leaf-plants-nature-icon-23.png\">\r\n            <span class=\"number\" data-count=\"99\">99<\/span>\r\n            <div class=\"text\">NATURE RESOURCE<\/div>\r\n          <\/div>\r\n\r\n\r\n        <\/div><\/div><\/div><\/div><div class=\"vc_empty_space\"   style=\"height: 50px\"><span class=\"vc_empty_space_inner\"><\/span><\/div>\t\t\t<div\r\n\t\t\t\tclass=\"main_title  text-left\">\r\n\t\t\t\t<h2 class=\"title\">OUR SERVICES WE OFFER<\/h2>\r\n\t\t\t\t\t\t\t\t\t<p class=\"main_description\">At Vagona Tiny House, the services we offer in addition to our accommodation service that is one-on-one with nature<\/p>\r\n\t\t\t\t\t\t\t<\/div>\r\n\t\t\r\n      \r\n    <script>\r\n      jQuery(document).ready(function ($) {\r\n        $('#features-slider-Yly1W').owlCarousel({\r\n            thumbs: true,\r\n            thumbsPrerendered: true,\r\n            items: 1,\r\n                        loop: true,\r\n                        autoplay: true,\r\n                        dots: false,\r\n            nav: false,\r\n            touchDrag  : true,\r\n            mouseDrag  : false\r\n          });\r\n      });\r\n    <\/script>\r\n\r\n\r\n    <div class=\"features\">\r\n      <div class=\"row\">\r\n          <div class=\"col-md-7\">\r\n              <div data-slider-id=\"features-Yly1W\" id=\"features-slider-Yly1W\" class=\"main-image owl-carousel\">\r\n\r\n\r\n  <div class=\"gradient-overlay overlay-opacity-02\"><img decoding=\"async\" src=\"https:\/\/vagonatinyhouse.com\/wp-content\/uploads\/2021\/07\/cbd2aebe-fcd0-41f3-9346-0eae4208fae2.jpg\" class=\"img-responsive\" alt=\"\u00dccretsiz Kahvalt\u0131\"><\/div>\r\n\r\n  \r\n  <div class=\"gradient-overlay overlay-opacity-02\"><img decoding=\"async\" src=\"https:\/\/vagonatinyhouse.com\/wp-content\/uploads\/2021\/07\/uzungol.jpg\" class=\"img-responsive\" alt=\"Karadeniz Turlar\u0131\"><\/div>\r\n\r\n  \r\n  <div class=\"gradient-overlay overlay-opacity-02\"><img decoding=\"async\" src=\"https:\/\/vagonatinyhouse.com\/wp-content\/uploads\/2021\/07\/e5a6f152-3631-4abf-a089-af3f2c0299fb.jpg\" class=\"img-responsive\" alt=\"Otopark\"><\/div>\r\n\r\n  \r\n  <div class=\"gradient-overlay overlay-opacity-02\"><img decoding=\"async\" src=\"https:\/\/vagonatinyhouse.com\/wp-content\/uploads\/2020\/05\/1734eece-982f-446d-bebb-4b44d270fb22.jpg\" class=\"img-responsive\" alt=\"G\u00fcvenlik\"><\/div>\r\n\r\n  <\/div>\r\n<\/div>\r\n<div class=\"col-md-5\">\r\n  <div class=\"owl-thumbs\" data-slider-id=\"features-Yly1W\">\r\n\r\n    \r\n    <!-- SLIDE -->\r\n    <div class=\"owl-thumb-item\">\r\n        <span class=\"media-left\"><image src=\"https:\/\/vagonatinyhouse.com\/wp-content\/uploads\/2021\/07\/plate-1.png\" alt=\"\u00dccretsiz Kahvalt\u0131\"><\/span>\r\n        <div class=\"media-body\">\r\n            <h3>Free Breakfast<\/h3>\r\n            <p>We have free breakfast service for up to two people for each house.<\/p>\r\n        <\/div>\r\n    <\/div>\r\n\r\n    \r\n    <!-- SLIDE -->\r\n    <div class=\"owl-thumb-item\">\r\n        <span class=\"media-left\"><image src=\"https:\/\/vagonatinyhouse.com\/wp-content\/uploads\/2018\/05\/spa-1.png\" alt=\"Karadeniz Turlar\u0131\"><\/span>\r\n        <div class=\"media-body\">\r\n            <h3>Black Sea Tours<\/h3>\r\n            <p>You can reach us on our phone number about our tours.<\/p>\r\n        <\/div>\r\n    <\/div>\r\n\r\n    \r\n    <!-- SLIDE -->\r\n    <div class=\"owl-thumb-item\">\r\n        <span class=\"media-left\"><image src=\"https:\/\/vagonatinyhouse.com\/wp-content\/uploads\/2021\/07\/otopark.png\" alt=\"Otopark\"><\/span>\r\n        <div class=\"media-body\">\r\n            <h3>Car park<\/h3>\r\n            <p>Free parking is available at our facility so that you can park your vehicles.<\/p>\r\n        <\/div>\r\n    <\/div>\r\n\r\n    \r\n    <!-- SLIDE -->\r\n    <div class=\"owl-thumb-item\">\r\n        <span class=\"media-left\"><image src=\"https:\/\/vagonatinyhouse.com\/wp-content\/uploads\/2021\/06\/guvenlik.png\" alt=\"G\u00fcvenlik\"><\/span>\r\n        <div class=\"media-body\">\r\n            <h3>Security<\/h3>\r\n            <p>Our holiday village is monitored with 24\/7 security cameras.<\/p>\r\n        <\/div>\r\n    <\/div>\r\n\r\n    \r\n  <\/div>\r\n<\/div>\r\n<\/div>\r\n<\/div>\r\n\r\n  <div class=\"vc_empty_space\"   style=\"height: 50px\"><span class=\"vc_empty_space_inner\"><\/span><\/div><\/div><\/div><\/div><\/div><div class=\"vc_row wpb_row vc_row-fluid\"><div class=\"wpb_column vc_column_container vc_col-sm-12\"><div class=\"vc_column-inner\"><div class=\"wpb_wrapper\">\t\t\t<div\r\n\t\t\t\tclass=\"main_title  text-left\">\r\n\t\t\t\t<h2 class=\"title\">OUR REFERENCES<\/h2>\r\n\t\t\t\t\t\t\t\t\t<p class=\"main_description\">Some of our customers&#039; comments about their holidays<\/p>\r\n\t\t\t\t\t\t\t<\/div>\r\n\t\t<\/div><\/div><\/div><\/div><div class=\"vc_row wpb_row vc_row-fluid\"><div class=\"wpb_column vc_column_container vc_col-sm-12\"><div class=\"vc_column-inner\"><div class=\"wpb_wrapper\">\r\n        <div class=\"row flex-row\">\r\n            \t\t\t\t\t\t\t\t<!-- TESTIMONIAL GRID ITEM -->\r\n                <div class=\"col-lg-6 col-sm-6\">\r\n                    <div class=\"testimonial-item\">\r\n\t\t                  <div class=\"review\">\r\n\t\t                        <h3>A great place<\/h3>\r\n                                <div class=\"rating\">\r\n                                    <i class=\"fa fa-star\" aria-hidden=\"true\"><\/i><i class=\"fa fa-star\" aria-hidden=\"true\"><\/i><i class=\"fa fa-star\" aria-hidden=\"true\"><\/i><i class=\"fa fa-star\" aria-hidden=\"true\"><\/i><i class=\"fa fa-star\" aria-hidden=\"true\"><\/i>                                <\/div>\r\n\t\t                        <p>The concept and operator are great. Many thanks to Osman for his hospitality.<\/p>\r\n\t\t                    <\/div>\r\n\t\t                    <div class=\"author\">\r\n                                                                    <img decoding=\"async\" src=\"https:\/\/vagonatinyhouse.com\/wp-content\/uploads\/2021\/07\/209249750_1466217497063183_7066745261046707464_n-150x150.jpg\" alt=\"Fato\u015f Yazar\" width=\"80\">\r\n                                \t\t                        <div class=\"author-info\">\r\n\t\t                            <h5>Fato\u015f Yazar<\/h5>\r\n\t\t                            <span class=\"author-loacation\">Turkey<\/span>\r\n\t\t                        <\/div>\r\n\t\t                    <\/div>\r\n\t\t              <\/div>\r\n                <\/div>\r\n\r\n            \t\t\t\t\t\t\t\t<!-- TESTIMONIAL GRID ITEM -->\r\n                <div class=\"col-lg-6 col-sm-6\">\r\n                    <div class=\"testimonial-item\">\r\n\t\t                  <div class=\"review\">\r\n\t\t                        <h3>Extremely Peaceful<\/h3>\r\n                                <div class=\"rating\">\r\n                                    <i class=\"fa fa-star\" aria-hidden=\"true\"><\/i><i class=\"fa fa-star\" aria-hidden=\"true\"><\/i><i class=\"fa fa-star\" aria-hidden=\"true\"><\/i><i class=\"fa fa-star\" aria-hidden=\"true\"><\/i><i class=\"fa fa-star\" aria-hidden=\"true\"><\/i>                                <\/div>\r\n\t\t                        <p>We loved the place with the friendly hosts. The scenery and sounds from the river are extremely peaceful!<\/p>\r\n\t\t                    <\/div>\r\n\t\t                    <div class=\"author\">\r\n                                                                    <img decoding=\"async\" src=\"https:\/\/vagonatinyhouse.com\/wp-content\/uploads\/2021\/07\/unnamed.png\" alt=\"Nader Bastaki\" width=\"80\">\r\n                                \t\t                        <div class=\"author-info\">\r\n\t\t                            <h5>Nader Bastaki<\/h5>\r\n\t\t                            <span class=\"author-loacation\"><\/span>\r\n\t\t                        <\/div>\r\n\t\t                    <\/div>\r\n\t\t              <\/div>\r\n                <\/div>\r\n\r\n            \t\t\t\t\t\t\t\t<!-- TESTIMONIAL GRID ITEM -->\r\n                <div class=\"col-lg-6 col-sm-6\">\r\n                    <div class=\"testimonial-item\">\r\n\t\t                  <div class=\"review\">\r\n\t\t                        <h3>Matchless<\/h3>\r\n                                <div class=\"rating\">\r\n                                    <i class=\"fa fa-star\" aria-hidden=\"true\"><\/i><i class=\"fa fa-star\" aria-hidden=\"true\"><\/i><i class=\"fa fa-star\" aria-hidden=\"true\"><\/i><i class=\"fa fa-star\" aria-hidden=\"true\"><\/i><i class=\"fa fa-star\" aria-hidden=\"true\"><\/i>                                <\/div>\r\n\t\t                        <p>It&#039;s unlike any place I&#039;ve seen in the Black Sea. It is clear that it was made by an architect. It makes you feel the comfort of the caravan and the pleasure of the hotel. A very nice place to go to relax.<\/p>\r\n\t\t                    <\/div>\r\n\t\t                    <div class=\"author\">\r\n                                                                    <img decoding=\"async\" src=\"https:\/\/vagonatinyhouse.com\/wp-content\/uploads\/2021\/07\/131536684_1809520195873881_3316793797752155328_n-150x150.jpg\" alt=\"Sinem Av\u015far\" width=\"80\">\r\n                                \t\t                        <div class=\"author-info\">\r\n\t\t                            <h5>Sinem Av\u015far<\/h5>\r\n\t\t                            <span class=\"author-loacation\">Istanbul, TR<\/span>\r\n\t\t                        <\/div>\r\n\t\t                    <\/div>\r\n\t\t              <\/div>\r\n                <\/div>\r\n\r\n                                <\/div>\r\n\r\n        <\/div><\/div><\/div><\/div>\n<\/section>","protected":false},"excerpt":{"rendered":"","protected":false},"author":1,"featured_media":0,"parent":0,"menu_order":0,"comment_status":"closed","ping_status":"closed","template":"","meta":{"footnotes":""},"class_list":["post-2161","page","type-page","status-publish","hentry"],"yoast_head":"<!-- This site is optimized with the Yoast SEO Premium plugin v20.8 (Yoast SEO v25.4) - https:\/\/yoast.com\/wordpress\/plugins\/seo\/ -->\n<title>Hakk\u0131m\u0131zda - Vagona Tiny House<\/title>\n<meta name=\"robots\" content=\"index, follow, max-snippet:-1, max-image-preview:large, max-video-preview:-1\" \/>\n<link rel=\"canonical\" href=\"https:\/\/vagonatinyhouse.com\/en\/hakkimizda\/\" \/>\n<meta property=\"og:locale\" content=\"en_US\" \/>\n<meta property=\"og:type\" content=\"article\" \/>\n<meta property=\"og:title\" content=\"Hakk\u0131m\u0131zda - Vagona Tiny House\" \/>\n<meta property=\"og:url\" content=\"https:\/\/vagonatinyhouse.com\/en\/hakkimizda\/\" \/>\n<meta property=\"og:site_name\" content=\"Vagona Tiny House\" \/>\n<meta property=\"article:publisher\" content=\"https:\/\/git.vagonatinyhouse.com\/facebook\" \/>\n<meta property=\"article:modified_time\" content=\"2021-07-08T20:12:35+00:00\" \/>\n<meta name=\"twitter:card\" content=\"summary_large_image\" \/>\n<meta name=\"twitter:label1\" content=\"Est. reading time\" \/>\n\t<meta name=\"twitter:data1\" content=\"1 minute\" \/>\n<script type=\"application\/ld+json\" class=\"yoast-schema-graph\">{\"@context\":\"https:\/\/schema.org\",\"@graph\":[{\"@type\":\"WebPage\",\"@id\":\"https:\/\/vagonatinyhouse.com\/tr\/hakkimizda\/\",\"url\":\"https:\/\/vagonatinyhouse.com\/tr\/hakkimizda\/\",\"name\":\"Hakk\u0131m\u0131zda - Vagona Tiny House\",\"isPartOf\":{\"@id\":\"https:\/\/vagonatinyhouse.com\/ar\/#website\"},\"datePublished\":\"2018-02-17T13:08:13+00:00\",\"dateModified\":\"2021-07-08T20:12:35+00:00\",\"inLanguage\":\"en-US\",\"potentialAction\":[{\"@type\":\"ReadAction\",\"target\":[\"https:\/\/vagonatinyhouse.com\/tr\/hakkimizda\/\"]}]},{\"@type\":\"WebSite\",\"@id\":\"https:\/\/vagonatinyhouse.com\/ar\/#website\",\"url\":\"https:\/\/vagonatinyhouse.com\/ar\/\",\"name\":\"Vagona Tiny House\",\"description\":\"Karadenizin dillere destan \u00c7aml\u0131hem\u015fin bolgesi giri\u015finde, f\u0131rt\u0131na deresi \u00fczerinde al\u0131\u015fm\u0131\u015f oldu\u011funuz kal\u0131plardan uzakta do\u011fa dahil konseptimiz ile Karadenizin ilk TinyHouse tatil k\u00f6y\u00fc ile size muhte\u015fem bir deneyim ya\u015fatmak i\u00e7in buraday\u0131z.\",\"publisher\":{\"@id\":\"https:\/\/vagonatinyhouse.com\/ar\/#organization\"},\"potentialAction\":[{\"@type\":\"SearchAction\",\"target\":{\"@type\":\"EntryPoint\",\"urlTemplate\":\"https:\/\/vagonatinyhouse.com\/ar\/?s={search_term_string}\"},\"query-input\":{\"@type\":\"PropertyValueSpecification\",\"valueRequired\":true,\"valueName\":\"search_term_string\"}}],\"inLanguage\":\"en-US\"},{\"@type\":\"Organization\",\"@id\":\"https:\/\/vagonatinyhouse.com\/ar\/#organization\",\"name\":\"Vagona Tiny House\",\"url\":\"https:\/\/vagonatinyhouse.com\/ar\/\",\"logo\":{\"@type\":\"ImageObject\",\"inLanguage\":\"en-US\",\"@id\":\"https:\/\/vagonatinyhouse.com\/ar\/#\/schema\/logo\/image\/\",\"url\":\"http:\/\/vagonatinyhouse.com\/wp-content\/uploads\/2021\/07\/cropped-android-chrome-512x512-1.png\",\"contentUrl\":\"http:\/\/vagonatinyhouse.com\/wp-content\/uploads\/2021\/07\/cropped-android-chrome-512x512-1.png\",\"width\":512,\"height\":512,\"caption\":\"Vagona Tiny House\"},\"image\":{\"@id\":\"https:\/\/vagonatinyhouse.com\/ar\/#\/schema\/logo\/image\/\"},\"sameAs\":[\"https:\/\/git.vagonatinyhouse.com\/facebook\",\"https:\/\/git.vagonatinyhouse.com\/instagram\",\"https:\/\/git.vagonatinyhouse.com\/pinterest\",\"https:\/\/git.vagonatinyhouse.com\/youtube\"]}]}<\/script>\n<!-- \/ Yoast SEO Premium plugin. -->","yoast_head_json":{"title":"Hakk\u0131m\u0131zda - Vagona Tiny House","robots":{"index":"index","follow":"follow","max-snippet":"max-snippet:-1","max-image-preview":"max-image-preview:large","max-video-preview":"max-video-preview:-1"},"canonical":"https:\/\/vagonatinyhouse.com\/en\/hakkimizda\/","og_locale":"en_US","og_type":"article","og_title":"Hakk\u0131m\u0131zda - Vagona Tiny House","og_url":"https:\/\/vagonatinyhouse.com\/en\/hakkimizda\/","og_site_name":"Vagona Tiny House","article_publisher":"https:\/\/git.vagonatinyhouse.com\/facebook","article_modified_time":"2021-07-08T20:12:35+00:00","twitter_card":"summary_large_image","twitter_misc":{"Est. reading time":"1 minute"},"schema":{"@context":"https:\/\/schema.org","@graph":[{"@type":"WebPage","@id":"https:\/\/vagonatinyhouse.com\/tr\/hakkimizda\/","url":"https:\/\/vagonatinyhouse.com\/tr\/hakkimizda\/","name":"Hakk\u0131m\u0131zda - Vagona Tiny House","isPartOf":{"@id":"https:\/\/vagonatinyhouse.com\/ar\/#website"},"datePublished":"2018-02-17T13:08:13+00:00","dateModified":"2021-07-08T20:12:35+00:00","inLanguage":"en-US","potentialAction":[{"@type":"ReadAction","target":["https:\/\/vagonatinyhouse.com\/tr\/hakkimizda\/"]}]},{"@type":"WebSite","@id":"https:\/\/vagonatinyhouse.com\/ar\/#website","url":"https:\/\/vagonatinyhouse.com\/ar\/","name":"Vagona Tiny House","description":"Karadenizin dillere destan \u00c7aml\u0131hem\u015fin bolgesi giri\u015finde, f\u0131rt\u0131na deresi \u00fczerinde al\u0131\u015fm\u0131\u015f oldu\u011funuz kal\u0131plardan uzakta do\u011fa dahil konseptimiz ile Karadenizin ilk TinyHouse tatil k\u00f6y\u00fc ile size muhte\u015fem bir deneyim ya\u015fatmak i\u00e7in buraday\u0131z.","publisher":{"@id":"https:\/\/vagonatinyhouse.com\/ar\/#organization"},"potentialAction":[{"@type":"SearchAction","target":{"@type":"EntryPoint","urlTemplate":"https:\/\/vagonatinyhouse.com\/ar\/?s={search_term_string}"},"query-input":{"@type":"PropertyValueSpecification","valueRequired":true,"valueName":"search_term_string"}}],"inLanguage":"en-US"},{"@type":"Organization","@id":"https:\/\/vagonatinyhouse.com\/ar\/#organization","name":"Vagona Tiny House","url":"https:\/\/vagonatinyhouse.com\/ar\/","logo":{"@type":"ImageObject","inLanguage":"en-US","@id":"https:\/\/vagonatinyhouse.com\/ar\/#\/schema\/logo\/image\/","url":"http:\/\/vagonatinyhouse.com\/wp-content\/uploads\/2021\/07\/cropped-android-chrome-512x512-1.png","contentUrl":"http:\/\/vagonatinyhouse.com\/wp-content\/uploads\/2021\/07\/cropped-android-chrome-512x512-1.png","width":512,"height":512,"caption":"Vagona Tiny House"},"image":{"@id":"https:\/\/vagonatinyhouse.com\/ar\/#\/schema\/logo\/image\/"},"sameAs":["https:\/\/git.vagonatinyhouse.com\/facebook","https:\/\/git.vagonatinyhouse.com\/instagram","https:\/\/git.vagonatinyhouse.com\/pinterest","https:\/\/git.vagonatinyhouse.com\/youtube"]}]}},"_links":{"self":[{"href":"https:\/\/vagonatinyhouse.com\/en\/wp-json\/wp\/v2\/pages\/2161","targetHints":{"allow":["GET"]}}],"collection":[{"href":"https:\/\/vagonatinyhouse.com\/en\/wp-json\/wp\/v2\/pages"}],"about":[{"href":"https:\/\/vagonatinyhouse.com\/en\/wp-json\/wp\/v2\/types\/page"}],"author":[{"embeddable":true,"href":"https:\/\/vagonatinyhouse.com\/en\/wp-json\/wp\/v2\/users\/1"}],"replies":[{"embeddable":true,"href":"https:\/\/vagonatinyhouse.com\/en\/wp-json\/wp\/v2\/comments?post=2161"}],"version-history":[{"count":17,"href":"https:\/\/vagonatinyhouse.com\/en\/wp-json\/wp\/v2\/pages\/2161\/revisions"}],"predecessor-version":[{"id":2353,"href":"https:\/\/vagonatinyhouse.com\/en\/wp-json\/wp\/v2\/pages\/2161\/revisions\/2353"}],"wp:attachment":[{"href":"https:\/\/vagonatinyhouse.com\/en\/wp-json\/wp\/v2\/media?parent=2161"}],"curies":[{"name":"wp","href":"https:\/\/api.w.org\/{rel}","templated":true}]}}