{"id":931,"date":"2018-05-02T01:12:35","date_gmt":"2018-05-02T01:12:35","guid":{"rendered":"http:\/\/demo.zantetheme.com\/?page_id=931"},"modified":"2018-05-02T01:12:35","modified_gmt":"2018-05-02T01:12:35","slug":"terms-conditions","status":"publish","type":"page","link":"https:\/\/vagonatinyhouse.com\/de\/terms-conditions\/","title":{"rendered":"Terms &#038; Conditions"},"content":{"rendered":"<p>Lorem ipsum dolor sit amet, consectetuer adipiscing elit, sed diam nonummy nibh euismod tincidunt ut laoreet dolore magna aliquam erat volutpat. Ut wisi enim ad minim veniam, quis nostrud exerci tation ullamcorper suscipit lobortis nisl ut aliquip ex ea commodo consequat. Duis autem vel eum iriure dolor in hendrerit in vulputate velit esse molestie consequat, vel illum dolore eu feugiat nulla facilisis at vero eros et accumsan et iusto odio dignissim qui blandit praesent luptatum zzril delenit augue duis dolore te feugait nulla facilisi. Nam liber tempor cum soluta nobis eleifend option congue nihil imperdiet doming id quod mazim placerat facer possim assum. Typi non habent claritatem insitam; est usus legentis in iis qui facit eorum claritatem. Investigationes demonstraverunt lectores legere me lius quod ii legunt saepius Lorem ipsum dolor sit amet, consectetuer adipiscing elit, sed diam nonummy nibh euismod tincidunt ut laoreet dolore magna aliquam erat volutpat. Ut wisi enim ad minim veniam, quis nostrud exerci tation ullamcorper suscipit lobortis nisl ut aliquip ex ea commodo consequat.<\/p>\n<p>Lorem ipsum dolor sit amet, consectetuer adipiscng elit, sed diam nonummy nibh euismod tincidunt ut laoreet dolore magna aliquam erat volutpat. Ut wisi enim ad minim veniam, quis nostrud exerci tation ullamcorper suscipit lobortis nisl ut aliquip ex ea commodo consequat. Duis autem vel eum iriure dolor in hendrerit in vulputate velit esse molestie consequat, vel illum dolore eu feugiat nulla facilisis at vero eros et accumsan et iusto odio dignissim qui blandit praesent luptatum zzril delenit augue duis dolore te feugait nulla facilisi. Nam liber tempor cum soluta nobis eleifend option congue nihil imperdiet doming id quod mazim placerat facer possim assum. Typi non habent claritatem insitam; est usus legentis in iis qui facit eorum claritatem. Investigationes demonstraverunt lectores legere me lius quod ii legunt saepius Lorem ipsum dolor sit amet, consectetuer adipiscing elit, sed diam nonummy nibh euismod tincidunt ut laoreet dolore magna aliquam erat volutpat. Ut wisi enim ad minim veniam, quis nostrud exerci tation ullamcorper suscipit lobortis nisl ut aliquip ex ea commodo consequat.<\/p>","protected":false},"excerpt":{"rendered":"<p>Lorem ipsum dolor sit amet, consectetuer adipiscing elit, sed diam nonummy nibh euismod tincidunt ut laoreet dolore magna aliquam erat volutpat. Ut wisi enim ad minim veniam, quis nostrud exerci tation ullamcorper suscipit lobortis nisl ut aliquip ex ea commodo consequat. Duis autem vel eum iriure dolor in hendrerit in vulputate velit esse molestie consequat, [&hellip;]<\/p>","protected":false},"author":1,"featured_media":0,"parent":0,"menu_order":0,"comment_status":"closed","ping_status":"closed","template":"","meta":{"footnotes":""},"class_list":["post-931","page","type-page","status-publish","hentry"],"yoast_head":"<!-- This site is optimized with the Yoast SEO Premium plugin v20.8 (Yoast SEO v25.4) - https:\/\/yoast.com\/wordpress\/plugins\/seo\/ -->\n<title>Terms &amp; Conditions - Vagona Tiny House<\/title>\n<meta name=\"robots\" content=\"index, follow, max-snippet:-1, max-image-preview:large, max-video-preview:-1\" \/>\n<link rel=\"canonical\" href=\"https:\/\/vagonatinyhouse.com\/de\/terms-conditions\/\" \/>\n<meta property=\"og:locale\" content=\"de_DE\" \/>\n<meta property=\"og:type\" content=\"article\" \/>\n<meta property=\"og:title\" content=\"Terms &amp; Conditions - Vagona Tiny House\" \/>\n<meta property=\"og:description\" content=\"Lorem ipsum dolor sit amet, consectetuer adipiscing elit, sed diam nonummy nibh euismod tincidunt ut laoreet dolore magna aliquam erat volutpat. Ut wisi enim ad minim veniam, quis nostrud exerci tation ullamcorper suscipit lobortis nisl ut aliquip ex ea commodo consequat. Duis autem vel eum iriure dolor in hendrerit in vulputate velit esse molestie consequat, [&hellip;]\" \/>\n<meta property=\"og:url\" content=\"https:\/\/vagonatinyhouse.com\/de\/terms-conditions\/\" \/>\n<meta property=\"og:site_name\" content=\"Vagona Tiny House\" \/>\n<meta property=\"article:publisher\" content=\"https:\/\/git.vagonatinyhouse.com\/facebook\" \/>\n<meta name=\"twitter:card\" content=\"summary_large_image\" \/>\n<meta name=\"twitter:label1\" content=\"Gesch\u00e4tzte Lesezeit\" \/>\n\t<meta name=\"twitter:data1\" content=\"2\u00a0Minuten\" \/>\n<script type=\"application\/ld+json\" class=\"yoast-schema-graph\">{\"@context\":\"https:\/\/schema.org\",\"@graph\":[{\"@type\":\"WebPage\",\"@id\":\"https:\/\/vagonatinyhouse.com\/ar\/terms-conditions\/\",\"url\":\"https:\/\/vagonatinyhouse.com\/ar\/terms-conditions\/\",\"name\":\"Terms & Conditions - Vagona Tiny House\",\"isPartOf\":{\"@id\":\"https:\/\/vagonatinyhouse.com\/ar\/#website\"},\"datePublished\":\"2018-05-02T01:12:35+00:00\",\"inLanguage\":\"de\",\"potentialAction\":[{\"@type\":\"ReadAction\",\"target\":[\"https:\/\/vagonatinyhouse.com\/ar\/terms-conditions\/\"]}]},{\"@type\":\"WebSite\",\"@id\":\"https:\/\/vagonatinyhouse.com\/ar\/#website\",\"url\":\"https:\/\/vagonatinyhouse.com\/ar\/\",\"name\":\"Vagona Tiny House\",\"description\":\"Karadenizin dillere destan \u00c7aml\u0131hem\u015fin bolgesi giri\u015finde, f\u0131rt\u0131na deresi \u00fczerinde al\u0131\u015fm\u0131\u015f oldu\u011funuz kal\u0131plardan uzakta do\u011fa dahil konseptimiz ile Karadenizin ilk TinyHouse tatil k\u00f6y\u00fc ile size muhte\u015fem bir deneyim ya\u015fatmak i\u00e7in buraday\u0131z.\",\"publisher\":{\"@id\":\"https:\/\/vagonatinyhouse.com\/ar\/#organization\"},\"potentialAction\":[{\"@type\":\"SearchAction\",\"target\":{\"@type\":\"EntryPoint\",\"urlTemplate\":\"https:\/\/vagonatinyhouse.com\/ar\/?s={search_term_string}\"},\"query-input\":{\"@type\":\"PropertyValueSpecification\",\"valueRequired\":true,\"valueName\":\"search_term_string\"}}],\"inLanguage\":\"de\"},{\"@type\":\"Organization\",\"@id\":\"https:\/\/vagonatinyhouse.com\/ar\/#organization\",\"name\":\"Vagona Tiny House\",\"url\":\"https:\/\/vagonatinyhouse.com\/ar\/\",\"logo\":{\"@type\":\"ImageObject\",\"inLanguage\":\"de\",\"@id\":\"https:\/\/vagonatinyhouse.com\/ar\/#\/schema\/logo\/image\/\",\"url\":\"http:\/\/vagonatinyhouse.com\/wp-content\/uploads\/2021\/07\/cropped-android-chrome-512x512-1.png\",\"contentUrl\":\"http:\/\/vagonatinyhouse.com\/wp-content\/uploads\/2021\/07\/cropped-android-chrome-512x512-1.png\",\"width\":512,\"height\":512,\"caption\":\"Vagona Tiny House\"},\"image\":{\"@id\":\"https:\/\/vagonatinyhouse.com\/ar\/#\/schema\/logo\/image\/\"},\"sameAs\":[\"https:\/\/git.vagonatinyhouse.com\/facebook\",\"https:\/\/git.vagonatinyhouse.com\/instagram\",\"https:\/\/git.vagonatinyhouse.com\/pinterest\",\"https:\/\/git.vagonatinyhouse.com\/youtube\"]}]}<\/script>\n<!-- \/ Yoast SEO Premium plugin. -->","yoast_head_json":{"title":"Terms & Conditions - Vagona Tiny House","robots":{"index":"index","follow":"follow","max-snippet":"max-snippet:-1","max-image-preview":"max-image-preview:large","max-video-preview":"max-video-preview:-1"},"canonical":"https:\/\/vagonatinyhouse.com\/de\/terms-conditions\/","og_locale":"de_DE","og_type":"article","og_title":"Terms & Conditions - Vagona Tiny House","og_description":"Lorem ipsum dolor sit amet, consectetuer adipiscing elit, sed diam nonummy nibh euismod tincidunt ut laoreet dolore magna aliquam erat volutpat. Ut wisi enim ad minim veniam, quis nostrud exerci tation ullamcorper suscipit lobortis nisl ut aliquip ex ea commodo consequat. Duis autem vel eum iriure dolor in hendrerit in vulputate velit esse molestie consequat, [&hellip;]","og_url":"https:\/\/vagonatinyhouse.com\/de\/terms-conditions\/","og_site_name":"Vagona Tiny House","article_publisher":"https:\/\/git.vagonatinyhouse.com\/facebook","twitter_card":"summary_large_image","twitter_misc":{"Gesch\u00e4tzte Lesezeit":"2\u00a0Minuten"},"schema":{"@context":"https:\/\/schema.org","@graph":[{"@type":"WebPage","@id":"https:\/\/vagonatinyhouse.com\/ar\/terms-conditions\/","url":"https:\/\/vagonatinyhouse.com\/ar\/terms-conditions\/","name":"Terms & Conditions - Vagona Tiny House","isPartOf":{"@id":"https:\/\/vagonatinyhouse.com\/ar\/#website"},"datePublished":"2018-05-02T01:12:35+00:00","inLanguage":"de","potentialAction":[{"@type":"ReadAction","target":["https:\/\/vagonatinyhouse.com\/ar\/terms-conditions\/"]}]},{"@type":"WebSite","@id":"https:\/\/vagonatinyhouse.com\/ar\/#website","url":"https:\/\/vagonatinyhouse.com\/ar\/","name":"Vagona Tiny House","description":"Karadenizin dillere destan \u00c7aml\u0131hem\u015fin bolgesi giri\u015finde, f\u0131rt\u0131na deresi \u00fczerinde al\u0131\u015fm\u0131\u015f oldu\u011funuz kal\u0131plardan uzakta do\u011fa dahil konseptimiz ile Karadenizin ilk TinyHouse tatil k\u00f6y\u00fc ile size muhte\u015fem bir deneyim ya\u015fatmak i\u00e7in buraday\u0131z.","publisher":{"@id":"https:\/\/vagonatinyhouse.com\/ar\/#organization"},"potentialAction":[{"@type":"SearchAction","target":{"@type":"EntryPoint","urlTemplate":"https:\/\/vagonatinyhouse.com\/ar\/?s={search_term_string}"},"query-input":{"@type":"PropertyValueSpecification","valueRequired":true,"valueName":"search_term_string"}}],"inLanguage":"de"},{"@type":"Organization","@id":"https:\/\/vagonatinyhouse.com\/ar\/#organization","name":"Vagona Tiny House","url":"https:\/\/vagonatinyhouse.com\/ar\/","logo":{"@type":"ImageObject","inLanguage":"de","@id":"https:\/\/vagonatinyhouse.com\/ar\/#\/schema\/logo\/image\/","url":"http:\/\/vagonatinyhouse.com\/wp-content\/uploads\/2021\/07\/cropped-android-chrome-512x512-1.png","contentUrl":"http:\/\/vagonatinyhouse.com\/wp-content\/uploads\/2021\/07\/cropped-android-chrome-512x512-1.png","width":512,"height":512,"caption":"Vagona Tiny House"},"image":{"@id":"https:\/\/vagonatinyhouse.com\/ar\/#\/schema\/logo\/image\/"},"sameAs":["https:\/\/git.vagonatinyhouse.com\/facebook","https:\/\/git.vagonatinyhouse.com\/instagram","https:\/\/git.vagonatinyhouse.com\/pinterest","https:\/\/git.vagonatinyhouse.com\/youtube"]}]}},"_links":{"self":[{"href":"https:\/\/vagonatinyhouse.com\/de\/wp-json\/wp\/v2\/pages\/931","targetHints":{"allow":["GET"]}}],"collection":[{"href":"https:\/\/vagonatinyhouse.com\/de\/wp-json\/wp\/v2\/pages"}],"about":[{"href":"https:\/\/vagonatinyhouse.com\/de\/wp-json\/wp\/v2\/types\/page"}],"author":[{"embeddable":true,"href":"https:\/\/vagonatinyhouse.com\/de\/wp-json\/wp\/v2\/users\/1"}],"replies":[{"embeddable":true,"href":"https:\/\/vagonatinyhouse.com\/de\/wp-json\/wp\/v2\/comments?post=931"}],"version-history":[{"count":0,"href":"https:\/\/vagonatinyhouse.com\/de\/wp-json\/wp\/v2\/pages\/931\/revisions"}],"wp:attachment":[{"href":"https:\/\/vagonatinyhouse.com\/de\/wp-json\/wp\/v2\/media?parent=931"}],"curies":[{"name":"wp","href":"https:\/\/api.w.org\/{rel}","templated":true}]}}