{"id":456,"date":"2018-04-19T14:12:12","date_gmt":"2018-04-19T14:12:12","guid":{"rendered":"http:\/\/demo.zantetheme.com\/?page_id=456"},"modified":"2021-07-07T12:58:43","modified_gmt":"2021-07-07T09:58:43","slug":"iletisim","status":"publish","type":"page","link":"https:\/\/vagonatinyhouse.com\/de\/iletisim\/","title":{"rendered":"Kontakt"},"content":{"rendered":"<section class=\"wpb-content-wrapper\"><div data-vc-full-width=\"true\" data-vc-full-width-init=\"false\" data-vc-stretch-content=\"true\" class=\"vc_row wpb_row vc_row-fluid vc_custom_1531697180247 vc_row-no-padding\"><div class=\"wpb_column vc_column_container vc_col-sm-12\"><div class=\"vc_column-inner\"><div class=\"wpb_wrapper\">\r\n                \r\n        <style>\r\n        #map-canvas-W2qz9 {\r\n            border: 1px solid #f2f2f2;\r\n            border-radius: 2px;\r\n            width: 100%;\r\n            height: 500px;\r\n        }\r\n\r\n        <\/style>\r\n\r\n        \r\n        <script>\r\n        jQuery(document).ready(function ($) {\r\n           jQuery(function($) {\r\n\r\n                function initialize() {\r\n                    var map;\r\n                    var panorama;\r\n                    var latitude = 41.086758;\r\n                    var longitude = 41.040546;\r\n                    var pin = 'https:\/\/vagonatinyhouse.com\/wp-content\/uploads\/2018\/07\/pin-2.png';\r\n\r\n                    \/\/Map pin-window details\r\n                    var title = \"Vagona Tiny House\";\r\n                    var hotel_name = \"Vagona Tiny House\";\r\n                    var hotel_address = \"Behice K\u00f6y\u00fc, Taskurzeni Mevki, No: 120, \u00c7aml\u0131hem\u015fin Rize\/T\u00fcrkiye\";\r\n                    var hotel_desc = \"E\u015fsiz bir Tiny House deneyimi.\";\r\n\r\n                    var hotel_location = new google.maps.LatLng(latitude, longitude);\r\n                    var mapOptions = {\r\n                        center: hotel_location,\r\n                        zoom: 15,\r\n                        scrollwheel: false,\r\n                        streetViewControl: false\r\n                    };\r\n                    map = new google.maps.Map(document.getElementById('map-canvas-W2qz9'),\r\n                        mapOptions);\r\n                    var contentString =\r\n                        '<div id=\"infowindow_content\">' +\r\n                        '<p><strong>' + hotel_name + '<\/strong><br>' +\r\n                        hotel_address + '<br>' +\r\n                        hotel_desc + '<\/p>' +\r\n                        '<\/div>';\r\n\r\n                    var var_infowindow = new google.maps.InfoWindow({\r\n                        content: contentString\r\n                    });\r\n\r\n                    var marker = new google.maps.Marker({\r\n                        position: hotel_location,\r\n                        map: map,\r\n                        icon: pin,\r\n                        title: title,\r\n                        maxWidth: 100,\r\n                        optimized: false,\r\n                    });\r\n                    google.maps.event.addListener(marker, 'click', function () {\r\n                        var_infowindow.open(map, marker);\r\n                    });\r\n                    panorama = map.getStreetView();\r\n                    panorama.setPosition(hotel_location);\r\n                    panorama.setPov( \/** @type {google.maps.StreetViewPov} *\/ ({\r\n                        heading: 265,\r\n                        pitch: 0\r\n                    }));\r\n\r\n                    var openStreet = document.getElementById('openStreetView');\r\n                    if (openStreet) {\r\n                        document.getElementById(\"openStreetView\").onclick = function () {\r\n                            toggleStreetView()\r\n                        };\r\n                    }\r\n\r\n                    function toggleStreetView() {\r\n                        var toggle = panorama.getVisible();\r\n                        if (toggle == false) {\r\n                            panorama.setVisible(true);\r\n                        } else {\r\n                            panorama.setVisible(false);\r\n                        }\r\n                    }\r\n                }\r\n\r\n                \/\/Check if google map div exist\r\n                if ($(\"#map-canvas-W2qz9\").length){\r\n                   google.maps.event.addDomListener(window, 'load', initialize);\r\n                }\r\n\r\n                });\r\n                });\r\n\r\n                <\/script>\r\n\r\n                \r\n                <div class=\"google-map\">\r\n                                    <div class=\"toggle-streetview\" id=\"openStreetView\"><i class=\"fa fa-street-view\" aria-hidden=\"true\"><\/i><\/div>\r\n                                    <div id=\"map-canvas-W2qz9\"><\/div>\r\n                <\/div>\r\n\r\n\r\n        <\/div><\/div><\/div><\/div><div class=\"vc_row-full-width vc_clearfix\"><\/div><div class=\"vc_row wpb_row vc_row-fluid\"><div class=\"wpb_column vc_column_container vc_col-sm-12\"><div class=\"vc_column-inner\"><div class=\"wpb_wrapper\"><div class=\"vc_empty_space\"   style=\"height: 100px\"><span class=\"vc_empty_space_inner\"><\/span><\/div><\/div><\/div><\/div><\/div><div class=\"vc_row wpb_row vc_row-fluid\"><div class=\"wpb_column vc_column_container vc_col-sm-8\"><div class=\"vc_column-inner\"><div class=\"wpb_wrapper\">\t\t\t<div\r\n\t\t\t\tclass=\"main_title  text-left\">\r\n\t\t\t\t<h2 class=\"title\">KONTAKTIERE UNS<\/h2>\r\n\t\t\t\t\t\t\t<\/div>\r\n\t\t\n<div class=\"wpcf7 no-js\" id=\"wpcf7-f1079-o1\" lang=\"en-US\" dir=\"ltr\" data-wpcf7-id=\"1079\">\n<div class=\"screen-reader-response\"><p role=\"status\" aria-live=\"polite\" aria-atomic=\"true\"><\/p> <ul><\/ul><\/div>\n<form action=\"\/de\/wp-json\/wp\/v2\/pages\/456#wpcf7-f1079-o1\" method=\"post\" class=\"wpcf7-form init\" aria-label=\"Contact form\" novalidate=\"novalidate\" data-status=\"init\" data-trp-original-action=\"\/de\/wp-json\/wp\/v2\/pages\/456#wpcf7-f1079-o1\">\n<fieldset class=\"hidden-fields-container\"><input type=\"hidden\" name=\"_wpcf7\" value=\"1079\" \/><input type=\"hidden\" name=\"_wpcf7_version\" value=\"6.1\" \/><input type=\"hidden\" name=\"_wpcf7_locale\" value=\"en_US\" \/><input type=\"hidden\" name=\"_wpcf7_unit_tag\" value=\"wpcf7-f1079-o1\" \/><input type=\"hidden\" name=\"_wpcf7_container_post\" value=\"0\" \/><input type=\"hidden\" name=\"_wpcf7_posted_data_hash\" value=\"\" \/><input type=\"hidden\" name=\"_wpcf7_recaptcha_response\" value=\"\" \/>\n<\/fieldset>\n<div class=\"contact-page-form\">\n<div class=\"wpcf7-response-output\" aria-hidden=\"true\"><\/div>\n\t<div class=\"row\">\n\t\t<div class=\"form-group col-md-6\">\n\t\t\t<p><span class=\"wpcf7-form-control-wrap\" data-name=\"your-name\"><input size=\"40\" maxlength=\"400\" class=\"wpcf7-form-control wpcf7-text wpcf7-validates-as-required form-control\" aria-required=\"true\" aria-invalid=\"false\" placeholder=\"Vorname Familienname\" value=\"\" type=\"text\" name=\"your-name\" \/><\/span>\n\t\t\t<\/p>\n\t\t<\/div>\n\t\t<div class=\"form-group col-md-6\">\n\t\t\t<p>[text* your-phone class:form-control placeholder \"Telefon]\n\t\t\t<\/p>\n\t\t<\/div>\n\t\t<div class=\"form-group col-md-6\">\n\t\t\t<p><span class=\"wpcf7-form-control-wrap\" data-name=\"your-email\"><input size=\"40\" maxlength=\"400\" class=\"wpcf7-form-control wpcf7-email wpcf7-validates-as-required wpcf7-text wpcf7-validates-as-email form-control\" aria-required=\"true\" aria-invalid=\"false\" placeholder=\"Email\" value=\"\" type=\"email\" name=\"your-email\" \/><\/span>\n\t\t\t<\/p>\n\t\t<\/div>\n\t\t<div class=\"form-group col-md-6\">\n\t\t\t<p><span class=\"wpcf7-form-control-wrap\" data-name=\"your-subject\"><input size=\"40\" maxlength=\"400\" class=\"wpcf7-form-control wpcf7-text form-control\" aria-invalid=\"false\" placeholder=\"Thema\" value=\"\" type=\"text\" name=\"your-subject\" \/><\/span>\n\t\t\t<\/p>\n\t\t<\/div>\n\t<\/div>\n\t<div class=\"form-group\">\n\t\t<p><span class=\"wpcf7-form-control-wrap\" data-name=\"your-message\"><textarea cols=\"40\" rows=\"10\" maxlength=\"2000\" class=\"wpcf7-form-control wpcf7-textarea wpcf7-validates-as-required form-control\" aria-required=\"true\" aria-invalid=\"false\" placeholder=\"Ihre Nachricht\" name=\"your-message\"><\/textarea><\/span>\n\t\t<\/p>\n\t<\/div>\n\t<div class=\"form-group\">\n\t\t<p><span class=\"wpcf7-form-control-wrap\" data-name=\"terms\"><span class=\"wpcf7-form-control wpcf7-checkbox wpcf7-validates-as-required\"><span class=\"wpcf7-list-item first last\"><input type=\"checkbox\" name=\"terms[]\" value=\"Vagona Tiny House&#039;un benimle ileti\u015fime ge\u00e7mesini onayl\u0131yorum.\" \/><span class=\"wpcf7-list-item-label\">I consent to Vagona Tiny House to contact me.<\/span><\/span><\/span><\/span>\n\t\t<\/p>\n\t<\/div>\n\t<p><input class=\"wpcf7-form-control wpcf7-submit has-spinner button btn-lg mt10 mt30\" type=\"submit\" value=\"Nachricht senden\" \/>\n\t<\/p>\n<\/div>\n<input type=\"hidden\" name=\"trp-form-language\" value=\"de\"\/><\/form>\n<\/div>\n<\/div><\/div><\/div><div class=\"wpb_column vc_column_container vc_col-sm-4\"><div class=\"vc_column-inner\"><div class=\"wpb_wrapper\"><div class=\"vc_row wpb_row vc_inner vc_row-fluid\"><div class=\"wpb_column vc_column_container vc_col-sm-12 vc_hidden-lg vc_hidden-md\"><div class=\"vc_column-inner\"><div class=\"wpb_wrapper\"><div class=\"vc_empty_space\"   style=\"height: 50px\"><span class=\"vc_empty_space_inner\"><\/span><\/div><\/div><\/div><\/div><\/div>\t\t\t<div\r\n\t\t\t\tclass=\"main_title  text-left\">\r\n\t\t\t\t<h2 class=\"title\">UNSERE INFORMATIONEN<\/h2>\r\n\t\t\t\t\t\t\t<\/div>\r\n\t\t\n\t<div class=\"wpb_text_column wpb_content_element  contact-info\" >\n\t\t<div class=\"wpb_wrapper\">\n\t\t\t<p><strong>ADRESSE:<\/strong><\/p>\n<p>Dorf Behice, Taskurzeni Mevki, No: 120, Camlihemsin Rize\/T\u00fcrkei<\/p>\n<p><strong>EMAIL:<\/strong><\/p>\n<p>info@VagonaTinyHouse.com<\/p>\n<p><strong>NETZ:<\/strong><\/p>\n<p>www.VagonaTinyHouse.com<\/p>\n<p><strong>TELEFON:<\/strong><\/p>\n<p><a href=\"https:\/\/git.vagonatinyhouse.com\/telefon\">+90 (533) 196 21 53<\/a><\/p>\n\n\t\t<\/div>\n\t<\/div>\n    <div class=\"social_media\">\r\n              <a class=\"facebook\" href=\"https:\/\/git.vagonatinyhouse.com\/facebook\"><i class=\"fa fa-facebook\"><\/i><\/a>\r\n                          <a class=\"pinterest\" href=\"https:\/\/git.vagonatinyhouse.com\/pinterest\"><i class=\"fa fa-pinterest\"><\/i><\/a>\r\n                          <a class=\"youtube\" href=\"https:\/\/git.vagonatinyhouse.com\/youtube\"><i class=\"fa fa-youtube\"><\/i><\/a>\r\n                    <a class=\"instagram\" href=\"https:\/\/git.vagonatinyhouse.com\/instagram\"><i class=\"fa fa-instagram\"><\/i><\/a>\r\n          <\/div>\r\n\r\n\t\t<\/div><\/div><\/div><\/div><div class=\"vc_row wpb_row vc_row-fluid\"><div class=\"wpb_column vc_column_container vc_col-sm-12\"><div class=\"vc_column-inner\"><div class=\"wpb_wrapper\"><div class=\"vc_empty_space\"   style=\"height: 100px\"><span class=\"vc_empty_space_inner\"><\/span><\/div><\/div><\/div><\/div><\/div>\n<\/section>","protected":false},"excerpt":{"rendered":"B\u0130ZE ULA\u015eIN [text* your-phone class:form-control placeholder \"Telefon] Vagona Tiny House&#039;un benimle ileti\u015fime ge\u00e7mesini onayl\u0131yorum. B\u0130LG\u0130LER\u0130M\u0130Z ADDRESS: Behice K\u00f6y\u00fc, Taskurzeni Mevki, No: 120, \u00c7aml\u0131hem\u015fin Rize\/T\u00fcrkiye E-POSTA: info@VagonaTinyHouse.com WEB: www.VagonaTinyHouse.com TELEFON: +90 (533) 196 21 53","protected":false},"author":1,"featured_media":0,"parent":0,"menu_order":0,"comment_status":"closed","ping_status":"closed","template":"","meta":{"footnotes":""},"class_list":["post-456","page","type-page","status-publish","hentry"],"yoast_head":"<!-- This site is optimized with the Yoast SEO Premium plugin v20.8 (Yoast SEO v25.4) - https:\/\/yoast.com\/wordpress\/plugins\/seo\/ -->\n<title>\u0130leti\u015fim - Vagona Tiny House<\/title>\n<meta name=\"robots\" content=\"index, follow, max-snippet:-1, max-image-preview:large, max-video-preview:-1\" \/>\n<link rel=\"canonical\" href=\"https:\/\/vagonatinyhouse.com\/de\/iletisim\/\" \/>\n<meta property=\"og:locale\" content=\"de_DE\" \/>\n<meta property=\"og:type\" content=\"article\" \/>\n<meta property=\"og:title\" content=\"\u0130leti\u015fim - Vagona Tiny House\" \/>\n<meta property=\"og:url\" content=\"https:\/\/vagonatinyhouse.com\/de\/iletisim\/\" \/>\n<meta property=\"og:site_name\" content=\"Vagona Tiny House\" \/>\n<meta property=\"article:publisher\" content=\"https:\/\/git.vagonatinyhouse.com\/facebook\" \/>\n<meta property=\"article:modified_time\" content=\"2021-07-07T09:58:43+00:00\" \/>\n<meta name=\"twitter:card\" content=\"summary_large_image\" \/>\n<meta name=\"twitter:label1\" content=\"Gesch\u00e4tzte Lesezeit\" \/>\n\t<meta name=\"twitter:data1\" content=\"1\u00a0Minute\" \/>\n<script type=\"application\/ld+json\" class=\"yoast-schema-graph\">{\"@context\":\"https:\/\/schema.org\",\"@graph\":[{\"@type\":\"WebPage\",\"@id\":\"https:\/\/vagonatinyhouse.com\/tr\/iletisim\/\",\"url\":\"https:\/\/vagonatinyhouse.com\/tr\/iletisim\/\",\"name\":\"\u0130leti\u015fim - Vagona Tiny House\",\"isPartOf\":{\"@id\":\"https:\/\/vagonatinyhouse.com\/ar\/#website\"},\"datePublished\":\"2018-04-19T14:12:12+00:00\",\"dateModified\":\"2021-07-07T09:58:43+00:00\",\"inLanguage\":\"de\",\"potentialAction\":[{\"@type\":\"ReadAction\",\"target\":[\"https:\/\/vagonatinyhouse.com\/tr\/iletisim\/\"]}]},{\"@type\":\"WebSite\",\"@id\":\"https:\/\/vagonatinyhouse.com\/ar\/#website\",\"url\":\"https:\/\/vagonatinyhouse.com\/ar\/\",\"name\":\"Vagona Tiny House\",\"description\":\"Karadenizin dillere destan \u00c7aml\u0131hem\u015fin bolgesi giri\u015finde, f\u0131rt\u0131na deresi \u00fczerinde al\u0131\u015fm\u0131\u015f oldu\u011funuz kal\u0131plardan uzakta do\u011fa dahil konseptimiz ile Karadenizin ilk TinyHouse tatil k\u00f6y\u00fc ile size muhte\u015fem bir deneyim ya\u015fatmak i\u00e7in buraday\u0131z.\",\"publisher\":{\"@id\":\"https:\/\/vagonatinyhouse.com\/ar\/#organization\"},\"potentialAction\":[{\"@type\":\"SearchAction\",\"target\":{\"@type\":\"EntryPoint\",\"urlTemplate\":\"https:\/\/vagonatinyhouse.com\/ar\/?s={search_term_string}\"},\"query-input\":{\"@type\":\"PropertyValueSpecification\",\"valueRequired\":true,\"valueName\":\"search_term_string\"}}],\"inLanguage\":\"de\"},{\"@type\":\"Organization\",\"@id\":\"https:\/\/vagonatinyhouse.com\/ar\/#organization\",\"name\":\"Vagona Tiny House\",\"url\":\"https:\/\/vagonatinyhouse.com\/ar\/\",\"logo\":{\"@type\":\"ImageObject\",\"inLanguage\":\"de\",\"@id\":\"https:\/\/vagonatinyhouse.com\/ar\/#\/schema\/logo\/image\/\",\"url\":\"http:\/\/vagonatinyhouse.com\/wp-content\/uploads\/2021\/07\/cropped-android-chrome-512x512-1.png\",\"contentUrl\":\"http:\/\/vagonatinyhouse.com\/wp-content\/uploads\/2021\/07\/cropped-android-chrome-512x512-1.png\",\"width\":512,\"height\":512,\"caption\":\"Vagona Tiny House\"},\"image\":{\"@id\":\"https:\/\/vagonatinyhouse.com\/ar\/#\/schema\/logo\/image\/\"},\"sameAs\":[\"https:\/\/git.vagonatinyhouse.com\/facebook\",\"https:\/\/git.vagonatinyhouse.com\/instagram\",\"https:\/\/git.vagonatinyhouse.com\/pinterest\",\"https:\/\/git.vagonatinyhouse.com\/youtube\"]}]}<\/script>\n<!-- \/ Yoast SEO Premium plugin. -->","yoast_head_json":{"title":"\u0130leti\u015fim - Vagona Tiny House","robots":{"index":"index","follow":"follow","max-snippet":"max-snippet:-1","max-image-preview":"max-image-preview:large","max-video-preview":"max-video-preview:-1"},"canonical":"https:\/\/vagonatinyhouse.com\/de\/iletisim\/","og_locale":"de_DE","og_type":"article","og_title":"\u0130leti\u015fim - Vagona Tiny House","og_url":"https:\/\/vagonatinyhouse.com\/de\/iletisim\/","og_site_name":"Vagona Tiny House","article_publisher":"https:\/\/git.vagonatinyhouse.com\/facebook","article_modified_time":"2021-07-07T09:58:43+00:00","twitter_card":"summary_large_image","twitter_misc":{"Gesch\u00e4tzte Lesezeit":"1\u00a0Minute"},"schema":{"@context":"https:\/\/schema.org","@graph":[{"@type":"WebPage","@id":"https:\/\/vagonatinyhouse.com\/tr\/iletisim\/","url":"https:\/\/vagonatinyhouse.com\/tr\/iletisim\/","name":"\u0130leti\u015fim - Vagona Tiny House","isPartOf":{"@id":"https:\/\/vagonatinyhouse.com\/ar\/#website"},"datePublished":"2018-04-19T14:12:12+00:00","dateModified":"2021-07-07T09:58:43+00:00","inLanguage":"de","potentialAction":[{"@type":"ReadAction","target":["https:\/\/vagonatinyhouse.com\/tr\/iletisim\/"]}]},{"@type":"WebSite","@id":"https:\/\/vagonatinyhouse.com\/ar\/#website","url":"https:\/\/vagonatinyhouse.com\/ar\/","name":"Vagona Tiny House","description":"Karadenizin dillere destan \u00c7aml\u0131hem\u015fin bolgesi giri\u015finde, f\u0131rt\u0131na deresi \u00fczerinde al\u0131\u015fm\u0131\u015f oldu\u011funuz kal\u0131plardan uzakta do\u011fa dahil konseptimiz ile Karadenizin ilk TinyHouse tatil k\u00f6y\u00fc ile size muhte\u015fem bir deneyim ya\u015fatmak i\u00e7in buraday\u0131z.","publisher":{"@id":"https:\/\/vagonatinyhouse.com\/ar\/#organization"},"potentialAction":[{"@type":"SearchAction","target":{"@type":"EntryPoint","urlTemplate":"https:\/\/vagonatinyhouse.com\/ar\/?s={search_term_string}"},"query-input":{"@type":"PropertyValueSpecification","valueRequired":true,"valueName":"search_term_string"}}],"inLanguage":"de"},{"@type":"Organization","@id":"https:\/\/vagonatinyhouse.com\/ar\/#organization","name":"Vagona Tiny House","url":"https:\/\/vagonatinyhouse.com\/ar\/","logo":{"@type":"ImageObject","inLanguage":"de","@id":"https:\/\/vagonatinyhouse.com\/ar\/#\/schema\/logo\/image\/","url":"http:\/\/vagonatinyhouse.com\/wp-content\/uploads\/2021\/07\/cropped-android-chrome-512x512-1.png","contentUrl":"http:\/\/vagonatinyhouse.com\/wp-content\/uploads\/2021\/07\/cropped-android-chrome-512x512-1.png","width":512,"height":512,"caption":"Vagona Tiny House"},"image":{"@id":"https:\/\/vagonatinyhouse.com\/ar\/#\/schema\/logo\/image\/"},"sameAs":["https:\/\/git.vagonatinyhouse.com\/facebook","https:\/\/git.vagonatinyhouse.com\/instagram","https:\/\/git.vagonatinyhouse.com\/pinterest","https:\/\/git.vagonatinyhouse.com\/youtube"]}]}},"_links":{"self":[{"href":"https:\/\/vagonatinyhouse.com\/de\/wp-json\/wp\/v2\/pages\/456","targetHints":{"allow":["GET"]}}],"collection":[{"href":"https:\/\/vagonatinyhouse.com\/de\/wp-json\/wp\/v2\/pages"}],"about":[{"href":"https:\/\/vagonatinyhouse.com\/de\/wp-json\/wp\/v2\/types\/page"}],"author":[{"embeddable":true,"href":"https:\/\/vagonatinyhouse.com\/de\/wp-json\/wp\/v2\/users\/1"}],"replies":[{"embeddable":true,"href":"https:\/\/vagonatinyhouse.com\/de\/wp-json\/wp\/v2\/comments?post=456"}],"version-history":[{"count":2,"href":"https:\/\/vagonatinyhouse.com\/de\/wp-json\/wp\/v2\/pages\/456\/revisions"}],"predecessor-version":[{"id":2333,"href":"https:\/\/vagonatinyhouse.com\/de\/wp-json\/wp\/v2\/pages\/456\/revisions\/2333"}],"wp:attachment":[{"href":"https:\/\/vagonatinyhouse.com\/de\/wp-json\/wp\/v2\/media?parent=456"}],"curies":[{"name":"wp","href":"https:\/\/api.w.org\/{rel}","templated":true}]}}