{"id":1163,"date":"2018-06-02T22:01:59","date_gmt":"2018-06-02T22:01:59","guid":{"rendered":"http:\/\/demo.zantetheme.com\/?page_id=1163"},"modified":"2018-06-02T22:01:59","modified_gmt":"2018-06-02T22:01:59","slug":"spa","status":"publish","type":"page","link":"https:\/\/vagonatinyhouse.com\/de\/spa\/","title":{"rendered":"Spa"},"content":{"rendered":"<section class=\"wpb-content-wrapper\"><div class=\"vc_row wpb_row vc_row-fluid\"><div class=\"wpb_column vc_column_container vc_col-sm-12\"><div class=\"vc_column-inner\"><div class=\"wpb_wrapper\"><div class=\"wpb_revslider_element wpb_content_element gradient-overlay-slider\">\n\t\t\t<!-- START Spa REVOLUTION SLIDER 6.5.18 --><p class=\"rs-p-wp-fix\"><\/p>\n\t\t\t<rs-module-wrap id=\"hero_wrapper\" data-source=\"gallery\" style=\"visibility:hidden;background:transparent;padding:0;margin:0px auto;margin-top:0;margin-bottom:0;\">\n\t\t\t\t<rs-module id=\"hero\" style=\"\" data-version=\"6.5.18\">\n\t\t\t\t\t<rs-slides>\n\t\t\t\t\t\t<rs-slide style=\"position: absolute;\" data-key=\"rs-5\" data-title=\"Slide\" data-anim=\"ms:600;\" data-in=\"o:0;\" data-out=\"a:false;\">\n\t\t\t\t\t\t\t<img decoding=\"async\" src=\"\/\/vagonatinyhouse.com\/wp-content\/plugins\/revslider\/public\/assets\/assets\/dummy.png\" alt=\"\" title=\"Spa\" class=\"rev-slidebg tp-rs-img rs-lazyload\" data-lazyload=\"\/\/localhost\/zante\/wp-content\/uploads\/2018\/06\/spa_hero.jpg\" data-parallax=\"5\" data-no-retina>\n<!--\n\t\t\t\t\t\t\t--><rs-layer\n\t\t\t\t\t\t\t\tid=\"slider-3-slide-5-layer-1\" \n\t\t\t\t\t\t\t\tdata-type=\"text\"\n\t\t\t\t\t\t\t\tdata-rsp_ch=\"on\"\n\t\t\t\t\t\t\t\tdata-xy=\"x:c;y:m;yo:-1px,-1px,0,0;\"\n\t\t\t\t\t\t\t\tdata-text=\"s:50,50,30,18;l:50,50,30,30;fw:800,800,700,700;a:inherit;\"\n\t\t\t\t\t\t\t\tdata-frame_0=\"y:100%;tp:600;\"\n\t\t\t\t\t\t\t\tdata-frame_0_mask=\"u:t;y:100%;\"\n\t\t\t\t\t\t\t\tdata-frame_1=\"tp:600;e:power2.inOut;st:500;sp:1500;sR:500;\"\n\t\t\t\t\t\t\t\tdata-frame_1_mask=\"u:t;\"\n\t\t\t\t\t\t\t\tdata-frame_999=\"o:0;tp:600;st:w;sR:7000;\"\n\t\t\t\t\t\t\t\tstyle=\"z-index:5;font-family:'Raleway';\"\n\t\t\t\t\t\t\t>WELCOME TO YOUR RELAXATION PARADISE \n\t\t\t\t\t\t\t<\/rs-layer><!--\n-->\t\t\t\t\t\t<\/rs-slide>\n\t\t\t\t\t<\/rs-slides>\n\t\t\t\t<\/rs-module>\n\t\t\t\t<script>\n\t\t\t\t\tsetREVStartSize({c: 'hero',rl:[1240,1024,778,480],el:[],gw:[1170,1024,778,480],gh:[600,768,500,500],type:'hero',justify:'',layout:'fullwidth',mh:\"0\"});if (window.RS_MODULES!==undefined && window.RS_MODULES.modules!==undefined && window.RS_MODULES.modules[\"hero\"]!==undefined) {window.RS_MODULES.modules[\"hero\"].once = false;window.revapi3 = undefined;if (window.RS_MODULES.checkMinimal!==undefined) window.RS_MODULES.checkMinimal()}\n\t\t\t\t<\/script>\n\t\t\t<\/rs-module-wrap>\n\t\t\t<!-- END REVOLUTION SLIDER -->\n<\/div><div class=\"vc_empty_space\"   style=\"height: 100px\"><span class=\"vc_empty_space_inner\"><\/span><\/div><\/div><\/div><\/div><\/div><div class=\"vc_row wpb_row vc_row-fluid\"><div class=\"wpb_column vc_column_container vc_col-sm-7\"><div class=\"vc_column-inner\"><div class=\"wpb_wrapper\">\t\t\t<div\r\n\t\t\t\tclass=\"main_title  text-left\">\r\n\t\t\t\t<h2 class=\"title\">ZANTE SPA THERAPY<\/h2>\r\n\t\t\t\t\t\t\t<\/div>\r\n\t\t\n\t<div class=\"wpb_text_column wpb_content_element\" >\n\t\t<div class=\"wpb_wrapper\">\n\t\t\t<p>Lorem ipsum dolor sit amet, consectetuer adipiscing elit, sed diam nonummy nibh euismod tincidunt ut laoreet dolore magna aliquam erat volutpat. Ut wisi enim ad minim veniam, quis nostrud exerci tation ullamcorper suscipit lobortis nisl ut aliquip ex ea commodo consequat. Duis autem vel eum iriure dolor in hendrerit in vulputate velit esse molestie consequat, vel illum dolore eu feugiat nulla facilisis at vero eros et accumsan et iusto odio dignissim qui blandit praesent luptatum zzril delenit augue duis dolore te feugait nulla facilisi. Nam liber tempor cum soluta nobis eleifend option congue nihil imperdiet doming id quod mazim placerat facer possim assum. Typi non habent claritatem insitam; est usus legentis in iis qui facit eorum claritatem. Investigationes demonstraverunt lectores.<\/p>\n\n\t\t<\/div>\n\t<\/div>\n<\/div><\/div><\/div><div class=\"wpb_column vc_column_container vc_col-sm-5\"><div class=\"vc_column-inner\"><div class=\"wpb_wrapper\">\n\t<div  class=\"wpb_single_image wpb_content_element vc_align_left\">\n\t\t\n\t\t<figure class=\"wpb_wrapper vc_figure\">\n\t\t\t<div class=\"vc_single_image-wrapper   vc_box_border_grey\"><img loading=\"lazy\" decoding=\"async\" width=\"1984\" height=\"1145\" src=\"https:\/\/vagonatinyhouse.com\/wp-content\/uploads\/2018\/06\/spa_big-1.jpg\" class=\"vc_single_image-img attachment-full\" alt=\"\" title=\"spa_big\" srcset=\"https:\/\/vagonatinyhouse.com\/wp-content\/uploads\/2018\/06\/spa_big-1.jpg 1984w, https:\/\/vagonatinyhouse.com\/wp-content\/uploads\/2018\/06\/spa_big-1-300x173.jpg 300w, https:\/\/vagonatinyhouse.com\/wp-content\/uploads\/2018\/06\/spa_big-1-1024x591.jpg 1024w, https:\/\/vagonatinyhouse.com\/wp-content\/uploads\/2018\/06\/spa_big-1-768x443.jpg 768w, https:\/\/vagonatinyhouse.com\/wp-content\/uploads\/2018\/06\/spa_big-1-80x46.jpg 80w, https:\/\/vagonatinyhouse.com\/wp-content\/uploads\/2018\/06\/spa_big-1-1536x886.jpg 1536w\" sizes=\"auto, (max-width: 1984px) 100vw, 1984px\" \/><\/div>\n\t\t<\/figure>\n\t<\/div>\n<\/div><\/div><\/div><\/div><div class=\"vc_row wpb_row vc_row-fluid\"><div class=\"wpb_column vc_column_container vc_col-sm-12\"><div class=\"vc_column-inner\"><div class=\"wpb_wrapper\">\n\t<div class=\"wpb_text_column wpb_content_element\" >\n\t\t<div class=\"wpb_wrapper\">\n\t\t\t<p>Lorem ipsum dolor sit amet, consectetuer adipiscing elit, sed diam nonummy nibh euismod tincidunt ut laoreet dolore magna aliquam erat volutpat. Ut wisi enim ad minim veniam, quis nostrud exerci tation ullamcorper suscipit lobortis nisl ut aliquip ex ea commodo consequat. Duis autem vel eum iriure dolor in hendrerit in vulputate velit esse molestie consequat, vel illum dolore eu feugiat nulla facilisis at vero eros et accumsan et iusto odio dignissim qui blandit praesent luptatum zzril delenit augue duis dolore te feugait nulla facilisi. Nam liber tempor cum soluta nobis eleifend option congue nihil imperdiet doming id quod mazim placerat facer possim assum. Typi non habent claritatem insitam; est usus legentis in iis qui facit eorum claritatem. Investigationes demonstraverunt lectores legere me lius quod ii legunt saepius. Claritas est etiam processus dynamicus, qui sequitur mutationem consuetudium lectorum. Mirum est notare quam littera gothica, quam nunc putamus parum claram, anteposuerit litterarum formas humanitatis per seacula quarta decima et quinta decima. Eodem modo typi, qui nunc nobis videntur parum clari, fiant sollemnes in futurum.<\/p>\n\n\t\t<\/div>\n\t<\/div>\n<\/div><\/div><\/div><\/div><div class=\"vc_row wpb_row vc_row-fluid\"><div class=\"wpb_column vc_column_container vc_col-sm-12\"><div class=\"vc_column-inner\"><div class=\"wpb_wrapper\">           \r\n            <div class=\"row\">\r\n\t            <div class=\"image-gallery\">\r\n\r\n                   \r\n                    <!-- GALLERY ITEM -->\r\n                    <div class=\"col-lg-3 col-sm-6\">\r\n                      <figure class=\"gradient-overlay-hover icon-zoom-hover zoom-image-hover\">\r\n                                                <a href=\"https:\/\/vagonatinyhouse.com\/wp-content\/uploads\/2018\/06\/spa1-1.jpg\">\r\n                          <img decoding=\"async\" src=\"https:\/\/vagonatinyhouse.com\/wp-content\/uploads\/2018\/06\/spa1-1.jpg\" class=\"img-responsive\">\r\n                        <\/a>\r\n                                            <\/figure>\r\n                    <\/div>\r\n\r\n                    \r\n                    <!-- GALLERY ITEM -->\r\n                    <div class=\"col-lg-3 col-sm-6\">\r\n                      <figure class=\"gradient-overlay-hover icon-zoom-hover zoom-image-hover\">\r\n                                                <a href=\"https:\/\/vagonatinyhouse.com\/wp-content\/uploads\/2018\/06\/spa2-1.jpg\">\r\n                          <img decoding=\"async\" src=\"https:\/\/vagonatinyhouse.com\/wp-content\/uploads\/2018\/06\/spa2-1.jpg\" class=\"img-responsive\">\r\n                        <\/a>\r\n                                            <\/figure>\r\n                    <\/div>\r\n\r\n                    \r\n                    <!-- GALLERY ITEM -->\r\n                    <div class=\"col-lg-3 col-sm-6\">\r\n                      <figure class=\"gradient-overlay-hover icon-zoom-hover zoom-image-hover\">\r\n                                                <a href=\"https:\/\/vagonatinyhouse.com\/wp-content\/uploads\/2018\/06\/spa3-1.jpg\">\r\n                          <img decoding=\"async\" src=\"https:\/\/vagonatinyhouse.com\/wp-content\/uploads\/2018\/06\/spa3-1.jpg\" class=\"img-responsive\">\r\n                        <\/a>\r\n                                            <\/figure>\r\n                    <\/div>\r\n\r\n                    \r\n                    <!-- GALLERY ITEM -->\r\n                    <div class=\"col-lg-3 col-sm-6\">\r\n                      <figure class=\"gradient-overlay-hover icon-zoom-hover zoom-image-hover\">\r\n                                                <a href=\"https:\/\/vagonatinyhouse.com\/wp-content\/uploads\/2018\/06\/spa4-1.jpg\">\r\n                          <img decoding=\"async\" src=\"https:\/\/vagonatinyhouse.com\/wp-content\/uploads\/2018\/06\/spa4-1.jpg\" class=\"img-responsive\">\r\n                        <\/a>\r\n                                            <\/figure>\r\n                    <\/div>\r\n\r\n                    \r\n\t                \t            <\/div>\r\n            <\/div>\r\n\r\n        <\/div><\/div><\/div><\/div><div class=\"vc_row wpb_row vc_row-fluid\"><div class=\"wpb_column vc_column_container vc_col-sm-12\"><div class=\"vc_column-inner\"><div class=\"wpb_wrapper\">\n\t<div class=\"wpb_text_column wpb_content_element\" >\n\t\t<div class=\"wpb_wrapper\">\n\t\t\t<p>Lorem ipsum dolor sit amet, consectetuer adipiscing elit, sed diam nonummy nibh euismod tincidunt ut laoreet dolore magna aliquam erat volutpat. Ut wisi enim ad minim veniam, quis nostrud exerci tation ullamcorper suscipit lobortis nisl ut aliquip ex ea commodo consequat. Duis autem vel eum iriure dolor in hendrerit in vulputate velit esse molestie consequat, vel illum dolore eu feugiat nulla facilisis at vero eros et accumsan et iusto odio dignissim qui blandit praesent luptatum zzril delenit augue duis dolore te feugait nulla facilisi.<\/p>\n<ul class=\"list_menu\">\n<li>Lorem ipsum dolor sit amet, consectetuer adipiscing elit, sed diam nonummy<\/li>\n<li>Lorem ipsum dolor sit amet, consectetuer adipiscing elit..<\/li>\n<li>Lorem ipsum dolor sit amet, consectetuer adipiscing elit, sed diam nonummy.<\/li>\n<li>Lorem ipsum dolor sit amet, consectetuer adipiscing elit.<\/li>\n<li>Lorem ipsum dolor sit amet.<\/li>\n<\/ul>\n<p>Nam liber tempor cum soluta nobis eleifend option congue nihil imperdiet doming id quod mazim placerat facer possim assum. Typi non habent claritatem insitam; est usus legentis in iis qui facit eorum claritatem. Investigationes demonstraverunt lectores legere me lius quod ii legunt saepius. Claritas est etiam processus dynamicus, qui sequitur mutationem consuetudium lectorum. Mirum est notare quam littera gothica, quam nunc putamus parum claram, anteposuerit litterarum formas humanitatis<\/p>\n\n\t\t<\/div>\n\t<\/div>\n<\/div><\/div><\/div><\/div><div class=\"vc_row wpb_row vc_row-fluid\"><div class=\"wpb_column vc_column_container vc_col-sm-12\"><div class=\"vc_column-inner\"><div class=\"wpb_wrapper\"><div class=\"vc_empty_space\"   style=\"height: 100px\"><span class=\"vc_empty_space_inner\"><\/span><\/div><\/div><\/div><\/div><\/div>\n<\/section>","protected":false},"excerpt":{"rendered":"WELCOME TO YOUR RELAXATION PARADISE ZANTE SPA THERAPY Lorem ipsum dolor sit amet, consectetuer adipiscing elit, sed diam nonummy nibh euismod tincidunt ut laoreet dolore magna aliquam erat volutpat. Ut wisi enim ad minim veniam, quis nostrud exerci tation ullamcorper suscipit lobortis nisl ut aliquip ex ea commodo consequat. Duis autem vel eum iriure dolor [...]","protected":false},"author":1,"featured_media":0,"parent":0,"menu_order":0,"comment_status":"closed","ping_status":"closed","template":"","meta":{"footnotes":""},"class_list":["post-1163","page","type-page","status-publish","hentry"],"yoast_head":"<!-- This site is optimized with the Yoast SEO Premium plugin v20.8 (Yoast SEO v25.4) - https:\/\/yoast.com\/wordpress\/plugins\/seo\/ -->\n<title>Spa - Vagona Tiny House<\/title>\n<meta name=\"robots\" content=\"index, follow, max-snippet:-1, max-image-preview:large, max-video-preview:-1\" \/>\n<link rel=\"canonical\" href=\"https:\/\/vagonatinyhouse.com\/de\/spa\/\" \/>\n<meta property=\"og:locale\" content=\"de_DE\" \/>\n<meta property=\"og:type\" content=\"article\" \/>\n<meta property=\"og:title\" content=\"Spa - Vagona Tiny House\" \/>\n<meta property=\"og:url\" content=\"https:\/\/vagonatinyhouse.com\/de\/spa\/\" \/>\n<meta property=\"og:site_name\" content=\"Vagona Tiny House\" \/>\n<meta property=\"article:publisher\" content=\"https:\/\/git.vagonatinyhouse.com\/facebook\" \/>\n<meta name=\"twitter:card\" content=\"summary_large_image\" \/>\n<meta name=\"twitter:label1\" content=\"Gesch\u00e4tzte Lesezeit\" \/>\n\t<meta name=\"twitter:data1\" content=\"3\u00a0Minuten\" \/>\n<script type=\"application\/ld+json\" class=\"yoast-schema-graph\">{\"@context\":\"https:\/\/schema.org\",\"@graph\":[{\"@type\":\"WebPage\",\"@id\":\"https:\/\/vagonatinyhouse.com\/ar\/spa\/\",\"url\":\"https:\/\/vagonatinyhouse.com\/ar\/spa\/\",\"name\":\"Spa - Vagona Tiny House\",\"isPartOf\":{\"@id\":\"https:\/\/vagonatinyhouse.com\/ar\/#website\"},\"datePublished\":\"2018-06-02T22:01:59+00:00\",\"inLanguage\":\"de\",\"potentialAction\":[{\"@type\":\"ReadAction\",\"target\":[\"https:\/\/vagonatinyhouse.com\/ar\/spa\/\"]}]},{\"@type\":\"WebSite\",\"@id\":\"https:\/\/vagonatinyhouse.com\/ar\/#website\",\"url\":\"https:\/\/vagonatinyhouse.com\/ar\/\",\"name\":\"Vagona Tiny House\",\"description\":\"Karadenizin dillere destan \u00c7aml\u0131hem\u015fin bolgesi giri\u015finde, f\u0131rt\u0131na deresi \u00fczerinde al\u0131\u015fm\u0131\u015f oldu\u011funuz kal\u0131plardan uzakta do\u011fa dahil konseptimiz ile Karadenizin ilk TinyHouse tatil k\u00f6y\u00fc ile size muhte\u015fem bir deneyim ya\u015fatmak i\u00e7in buraday\u0131z.\",\"publisher\":{\"@id\":\"https:\/\/vagonatinyhouse.com\/ar\/#organization\"},\"potentialAction\":[{\"@type\":\"SearchAction\",\"target\":{\"@type\":\"EntryPoint\",\"urlTemplate\":\"https:\/\/vagonatinyhouse.com\/ar\/?s={search_term_string}\"},\"query-input\":{\"@type\":\"PropertyValueSpecification\",\"valueRequired\":true,\"valueName\":\"search_term_string\"}}],\"inLanguage\":\"de\"},{\"@type\":\"Organization\",\"@id\":\"https:\/\/vagonatinyhouse.com\/ar\/#organization\",\"name\":\"Vagona Tiny House\",\"url\":\"https:\/\/vagonatinyhouse.com\/ar\/\",\"logo\":{\"@type\":\"ImageObject\",\"inLanguage\":\"de\",\"@id\":\"https:\/\/vagonatinyhouse.com\/ar\/#\/schema\/logo\/image\/\",\"url\":\"http:\/\/vagonatinyhouse.com\/wp-content\/uploads\/2021\/07\/cropped-android-chrome-512x512-1.png\",\"contentUrl\":\"http:\/\/vagonatinyhouse.com\/wp-content\/uploads\/2021\/07\/cropped-android-chrome-512x512-1.png\",\"width\":512,\"height\":512,\"caption\":\"Vagona Tiny House\"},\"image\":{\"@id\":\"https:\/\/vagonatinyhouse.com\/ar\/#\/schema\/logo\/image\/\"},\"sameAs\":[\"https:\/\/git.vagonatinyhouse.com\/facebook\",\"https:\/\/git.vagonatinyhouse.com\/instagram\",\"https:\/\/git.vagonatinyhouse.com\/pinterest\",\"https:\/\/git.vagonatinyhouse.com\/youtube\"]}]}<\/script>\n<!-- \/ Yoast SEO Premium plugin. -->","yoast_head_json":{"title":"Spa - Vagona Tiny House","robots":{"index":"index","follow":"follow","max-snippet":"max-snippet:-1","max-image-preview":"max-image-preview:large","max-video-preview":"max-video-preview:-1"},"canonical":"https:\/\/vagonatinyhouse.com\/de\/spa\/","og_locale":"de_DE","og_type":"article","og_title":"Spa - Vagona Tiny House","og_url":"https:\/\/vagonatinyhouse.com\/de\/spa\/","og_site_name":"Vagona Tiny House","article_publisher":"https:\/\/git.vagonatinyhouse.com\/facebook","twitter_card":"summary_large_image","twitter_misc":{"Gesch\u00e4tzte Lesezeit":"3\u00a0Minuten"},"schema":{"@context":"https:\/\/schema.org","@graph":[{"@type":"WebPage","@id":"https:\/\/vagonatinyhouse.com\/ar\/spa\/","url":"https:\/\/vagonatinyhouse.com\/ar\/spa\/","name":"Spa - Vagona Tiny House","isPartOf":{"@id":"https:\/\/vagonatinyhouse.com\/ar\/#website"},"datePublished":"2018-06-02T22:01:59+00:00","inLanguage":"de","potentialAction":[{"@type":"ReadAction","target":["https:\/\/vagonatinyhouse.com\/ar\/spa\/"]}]},{"@type":"WebSite","@id":"https:\/\/vagonatinyhouse.com\/ar\/#website","url":"https:\/\/vagonatinyhouse.com\/ar\/","name":"Vagona Tiny House","description":"Karadenizin dillere destan \u00c7aml\u0131hem\u015fin bolgesi giri\u015finde, f\u0131rt\u0131na deresi \u00fczerinde al\u0131\u015fm\u0131\u015f oldu\u011funuz kal\u0131plardan uzakta do\u011fa dahil konseptimiz ile Karadenizin ilk TinyHouse tatil k\u00f6y\u00fc ile size muhte\u015fem bir deneyim ya\u015fatmak i\u00e7in buraday\u0131z.","publisher":{"@id":"https:\/\/vagonatinyhouse.com\/ar\/#organization"},"potentialAction":[{"@type":"SearchAction","target":{"@type":"EntryPoint","urlTemplate":"https:\/\/vagonatinyhouse.com\/ar\/?s={search_term_string}"},"query-input":{"@type":"PropertyValueSpecification","valueRequired":true,"valueName":"search_term_string"}}],"inLanguage":"de"},{"@type":"Organization","@id":"https:\/\/vagonatinyhouse.com\/ar\/#organization","name":"Vagona Tiny House","url":"https:\/\/vagonatinyhouse.com\/ar\/","logo":{"@type":"ImageObject","inLanguage":"de","@id":"https:\/\/vagonatinyhouse.com\/ar\/#\/schema\/logo\/image\/","url":"http:\/\/vagonatinyhouse.com\/wp-content\/uploads\/2021\/07\/cropped-android-chrome-512x512-1.png","contentUrl":"http:\/\/vagonatinyhouse.com\/wp-content\/uploads\/2021\/07\/cropped-android-chrome-512x512-1.png","width":512,"height":512,"caption":"Vagona Tiny House"},"image":{"@id":"https:\/\/vagonatinyhouse.com\/ar\/#\/schema\/logo\/image\/"},"sameAs":["https:\/\/git.vagonatinyhouse.com\/facebook","https:\/\/git.vagonatinyhouse.com\/instagram","https:\/\/git.vagonatinyhouse.com\/pinterest","https:\/\/git.vagonatinyhouse.com\/youtube"]}]}},"_links":{"self":[{"href":"https:\/\/vagonatinyhouse.com\/de\/wp-json\/wp\/v2\/pages\/1163","targetHints":{"allow":["GET"]}}],"collection":[{"href":"https:\/\/vagonatinyhouse.com\/de\/wp-json\/wp\/v2\/pages"}],"about":[{"href":"https:\/\/vagonatinyhouse.com\/de\/wp-json\/wp\/v2\/types\/page"}],"author":[{"embeddable":true,"href":"https:\/\/vagonatinyhouse.com\/de\/wp-json\/wp\/v2\/users\/1"}],"replies":[{"embeddable":true,"href":"https:\/\/vagonatinyhouse.com\/de\/wp-json\/wp\/v2\/comments?post=1163"}],"version-history":[{"count":0,"href":"https:\/\/vagonatinyhouse.com\/de\/wp-json\/wp\/v2\/pages\/1163\/revisions"}],"wp:attachment":[{"href":"https:\/\/vagonatinyhouse.com\/de\/wp-json\/wp\/v2\/media?parent=1163"}],"curies":[{"name":"wp","href":"https:\/\/api.w.org\/{rel}","templated":true}]}}