{"id":33,"date":"2018-02-17T13:09:06","date_gmt":"2018-02-17T13:09:06","guid":{"rendered":"http:\/\/demo.zantetheme.com\/?page_id=33"},"modified":"2018-02-17T13:09:06","modified_gmt":"2018-02-17T13:09:06","slug":"location","status":"publish","type":"page","link":"https:\/\/vagonatinyhouse.com\/ar\/location\/","title":{"rendered":"Location"},"content":{"rendered":"<section class=\"wpb-content-wrapper\"><div data-vc-full-width=\"true\" data-vc-full-width-init=\"false\" data-vc-stretch-content=\"true\" class=\"vc_row wpb_row vc_row-fluid vc_row-no-padding\"><div class=\"wpb_column vc_column_container vc_col-sm-12\"><div class=\"vc_column-inner\"><div class=\"wpb_wrapper\">\r\n                \r\n        <style>\r\n        #map-canvas-qjK6Q {\r\n            border: 1px solid #f2f2f2;\r\n            border-radius: 2px;\r\n            width: 100%;\r\n            height: 700px;\r\n        }\r\n\r\n        <\/style>\r\n\r\n        \r\n        <script>\r\n        jQuery(document).ready(function ($) {\r\n           jQuery(function($) {\r\n\r\n                function initialize() {\r\n                    var map;\r\n                    var panorama;\r\n                    var latitude = 37.8614626;\r\n                    var longitude = 20.625886;\r\n                    var pin = 'https:\/\/vagonatinyhouse.com\/wp-content\/uploads\/2018\/07\/pin-2.png';\r\n\r\n                    \/\/Map pin-window details\r\n                    var title = \"Zante Hotel\";\r\n                    var hotel_name = \"Zante Hotel\";\r\n                    var hotel_address = \"25, Navagio Zakynthos, Greece\";\r\n                    var hotel_desc = \"5 Star Luxury Hotel\";\r\n\r\n                    var hotel_location = new google.maps.LatLng(latitude, longitude);\r\n                    var mapOptions = {\r\n                        center: hotel_location,\r\n                        zoom: 11,\r\n                        scrollwheel: false,\r\n                        streetViewControl: false\r\n                    };\r\n                    map = new google.maps.Map(document.getElementById('map-canvas-qjK6Q'),\r\n                        mapOptions);\r\n                    var contentString =\r\n                        '<div id=\"infowindow_content\">' +\r\n                        '<p><strong>' + hotel_name + '<\/strong><br>' +\r\n                        hotel_address + '<br>' +\r\n                        hotel_desc + '<\/p>' +\r\n                        '<\/div>';\r\n\r\n                    var var_infowindow = new google.maps.InfoWindow({\r\n                        content: contentString\r\n                    });\r\n\r\n                    var marker = new google.maps.Marker({\r\n                        position: hotel_location,\r\n                        map: map,\r\n                        icon: pin,\r\n                        title: title,\r\n                        maxWidth: 100,\r\n                        optimized: false,\r\n                    });\r\n                    google.maps.event.addListener(marker, 'click', function () {\r\n                        var_infowindow.open(map, marker);\r\n                    });\r\n                    panorama = map.getStreetView();\r\n                    panorama.setPosition(hotel_location);\r\n                    panorama.setPov( \/** @type {google.maps.StreetViewPov} *\/ ({\r\n                        heading: 265,\r\n                        pitch: 0\r\n                    }));\r\n\r\n                    var openStreet = document.getElementById('openStreetView');\r\n                    if (openStreet) {\r\n                        document.getElementById(\"openStreetView\").onclick = function () {\r\n                            toggleStreetView()\r\n                        };\r\n                    }\r\n\r\n                    function toggleStreetView() {\r\n                        var toggle = panorama.getVisible();\r\n                        if (toggle == false) {\r\n                            panorama.setVisible(true);\r\n                        } else {\r\n                            panorama.setVisible(false);\r\n                        }\r\n                    }\r\n                }\r\n\r\n                \/\/Check if google map div exist\r\n                if ($(\"#map-canvas-qjK6Q\").length){\r\n                   google.maps.event.addDomListener(window, 'load', initialize);\r\n                }\r\n\r\n                });\r\n                });\r\n\r\n                <\/script>\r\n\r\n                \r\n                <div class=\"google-map\">\r\n                                    <div id=\"map-canvas-qjK6Q\"><\/div>\r\n                <\/div>\r\n\r\n\r\n        <\/div><\/div><\/div><\/div><div class=\"vc_row-full-width vc_clearfix\"><\/div>\n<\/section>","protected":false},"excerpt":{"rendered":"","protected":false},"author":1,"featured_media":0,"parent":0,"menu_order":0,"comment_status":"closed","ping_status":"closed","template":"","meta":{"footnotes":""},"class_list":["post-33","page","type-page","status-publish","hentry"],"yoast_head":"<!-- This site is optimized with the Yoast SEO Premium plugin v20.8 (Yoast SEO v25.4) - https:\/\/yoast.com\/wordpress\/plugins\/seo\/ -->\n<title>Location - Vagona Tiny House<\/title>\n<meta name=\"robots\" content=\"index, follow, max-snippet:-1, max-image-preview:large, max-video-preview:-1\" \/>\n<link rel=\"canonical\" href=\"https:\/\/vagonatinyhouse.com\/ar\/location\/\" \/>\n<meta property=\"og:locale\" content=\"ar_AR\" \/>\n<meta property=\"og:type\" content=\"article\" \/>\n<meta property=\"og:title\" content=\"Location - Vagona Tiny House\" \/>\n<meta property=\"og:url\" content=\"https:\/\/vagonatinyhouse.com\/ar\/location\/\" \/>\n<meta property=\"og:site_name\" content=\"Vagona Tiny House\" \/>\n<meta property=\"article:publisher\" content=\"https:\/\/git.vagonatinyhouse.com\/facebook\" \/>\n<meta name=\"twitter:card\" content=\"summary_large_image\" \/>\n<script type=\"application\/ld+json\" class=\"yoast-schema-graph\">{\"@context\":\"https:\/\/schema.org\",\"@graph\":[{\"@type\":\"WebPage\",\"@id\":\"https:\/\/vagonatinyhouse.com\/ar\/location\/\",\"url\":\"https:\/\/vagonatinyhouse.com\/ar\/location\/\",\"name\":\"Location - Vagona Tiny House\",\"isPartOf\":{\"@id\":\"https:\/\/vagonatinyhouse.com\/ar\/#website\"},\"datePublished\":\"2018-02-17T13:09:06+00:00\",\"inLanguage\":\"ar\",\"potentialAction\":[{\"@type\":\"ReadAction\",\"target\":[\"https:\/\/vagonatinyhouse.com\/ar\/location\/\"]}]},{\"@type\":\"WebSite\",\"@id\":\"https:\/\/vagonatinyhouse.com\/ar\/#website\",\"url\":\"https:\/\/vagonatinyhouse.com\/ar\/\",\"name\":\"Vagona Tiny House\",\"description\":\"Karadenizin dillere destan \u00c7aml\u0131hem\u015fin bolgesi giri\u015finde, f\u0131rt\u0131na deresi \u00fczerinde al\u0131\u015fm\u0131\u015f oldu\u011funuz kal\u0131plardan uzakta do\u011fa dahil konseptimiz ile Karadenizin ilk TinyHouse tatil k\u00f6y\u00fc ile size muhte\u015fem bir deneyim ya\u015fatmak i\u00e7in buraday\u0131z.\",\"publisher\":{\"@id\":\"https:\/\/vagonatinyhouse.com\/ar\/#organization\"},\"potentialAction\":[{\"@type\":\"SearchAction\",\"target\":{\"@type\":\"EntryPoint\",\"urlTemplate\":\"https:\/\/vagonatinyhouse.com\/ar\/?s={search_term_string}\"},\"query-input\":{\"@type\":\"PropertyValueSpecification\",\"valueRequired\":true,\"valueName\":\"search_term_string\"}}],\"inLanguage\":\"ar\"},{\"@type\":\"Organization\",\"@id\":\"https:\/\/vagonatinyhouse.com\/ar\/#organization\",\"name\":\"Vagona Tiny House\",\"url\":\"https:\/\/vagonatinyhouse.com\/ar\/\",\"logo\":{\"@type\":\"ImageObject\",\"inLanguage\":\"ar\",\"@id\":\"https:\/\/vagonatinyhouse.com\/ar\/#\/schema\/logo\/image\/\",\"url\":\"http:\/\/vagonatinyhouse.com\/wp-content\/uploads\/2021\/07\/cropped-android-chrome-512x512-1.png\",\"contentUrl\":\"http:\/\/vagonatinyhouse.com\/wp-content\/uploads\/2021\/07\/cropped-android-chrome-512x512-1.png\",\"width\":512,\"height\":512,\"caption\":\"Vagona Tiny House\"},\"image\":{\"@id\":\"https:\/\/vagonatinyhouse.com\/ar\/#\/schema\/logo\/image\/\"},\"sameAs\":[\"https:\/\/git.vagonatinyhouse.com\/facebook\",\"https:\/\/git.vagonatinyhouse.com\/instagram\",\"https:\/\/git.vagonatinyhouse.com\/pinterest\",\"https:\/\/git.vagonatinyhouse.com\/youtube\"]}]}<\/script>\n<!-- \/ Yoast SEO Premium plugin. -->","yoast_head_json":{"title":"Location - Vagona Tiny House","robots":{"index":"index","follow":"follow","max-snippet":"max-snippet:-1","max-image-preview":"max-image-preview:large","max-video-preview":"max-video-preview:-1"},"canonical":"https:\/\/vagonatinyhouse.com\/ar\/location\/","og_locale":"ar_AR","og_type":"article","og_title":"Location - Vagona Tiny House","og_url":"https:\/\/vagonatinyhouse.com\/ar\/location\/","og_site_name":"Vagona Tiny House","article_publisher":"https:\/\/git.vagonatinyhouse.com\/facebook","twitter_card":"summary_large_image","schema":{"@context":"https:\/\/schema.org","@graph":[{"@type":"WebPage","@id":"https:\/\/vagonatinyhouse.com\/ar\/location\/","url":"https:\/\/vagonatinyhouse.com\/ar\/location\/","name":"Location - Vagona Tiny House","isPartOf":{"@id":"https:\/\/vagonatinyhouse.com\/ar\/#website"},"datePublished":"2018-02-17T13:09:06+00:00","inLanguage":"ar","potentialAction":[{"@type":"ReadAction","target":["https:\/\/vagonatinyhouse.com\/ar\/location\/"]}]},{"@type":"WebSite","@id":"https:\/\/vagonatinyhouse.com\/ar\/#website","url":"https:\/\/vagonatinyhouse.com\/ar\/","name":"Vagona Tiny House","description":"Karadenizin dillere destan \u00c7aml\u0131hem\u015fin bolgesi giri\u015finde, f\u0131rt\u0131na deresi \u00fczerinde al\u0131\u015fm\u0131\u015f oldu\u011funuz kal\u0131plardan uzakta do\u011fa dahil konseptimiz ile Karadenizin ilk TinyHouse tatil k\u00f6y\u00fc ile size muhte\u015fem bir deneyim ya\u015fatmak i\u00e7in buraday\u0131z.","publisher":{"@id":"https:\/\/vagonatinyhouse.com\/ar\/#organization"},"potentialAction":[{"@type":"SearchAction","target":{"@type":"EntryPoint","urlTemplate":"https:\/\/vagonatinyhouse.com\/ar\/?s={search_term_string}"},"query-input":{"@type":"PropertyValueSpecification","valueRequired":true,"valueName":"search_term_string"}}],"inLanguage":"ar"},{"@type":"Organization","@id":"https:\/\/vagonatinyhouse.com\/ar\/#organization","name":"Vagona Tiny House","url":"https:\/\/vagonatinyhouse.com\/ar\/","logo":{"@type":"ImageObject","inLanguage":"ar","@id":"https:\/\/vagonatinyhouse.com\/ar\/#\/schema\/logo\/image\/","url":"http:\/\/vagonatinyhouse.com\/wp-content\/uploads\/2021\/07\/cropped-android-chrome-512x512-1.png","contentUrl":"http:\/\/vagonatinyhouse.com\/wp-content\/uploads\/2021\/07\/cropped-android-chrome-512x512-1.png","width":512,"height":512,"caption":"Vagona Tiny House"},"image":{"@id":"https:\/\/vagonatinyhouse.com\/ar\/#\/schema\/logo\/image\/"},"sameAs":["https:\/\/git.vagonatinyhouse.com\/facebook","https:\/\/git.vagonatinyhouse.com\/instagram","https:\/\/git.vagonatinyhouse.com\/pinterest","https:\/\/git.vagonatinyhouse.com\/youtube"]}]}},"_links":{"self":[{"href":"https:\/\/vagonatinyhouse.com\/ar\/wp-json\/wp\/v2\/pages\/33","targetHints":{"allow":["GET"]}}],"collection":[{"href":"https:\/\/vagonatinyhouse.com\/ar\/wp-json\/wp\/v2\/pages"}],"about":[{"href":"https:\/\/vagonatinyhouse.com\/ar\/wp-json\/wp\/v2\/types\/page"}],"author":[{"embeddable":true,"href":"https:\/\/vagonatinyhouse.com\/ar\/wp-json\/wp\/v2\/users\/1"}],"replies":[{"embeddable":true,"href":"https:\/\/vagonatinyhouse.com\/ar\/wp-json\/wp\/v2\/comments?post=33"}],"version-history":[{"count":0,"href":"https:\/\/vagonatinyhouse.com\/ar\/wp-json\/wp\/v2\/pages\/33\/revisions"}],"wp:attachment":[{"href":"https:\/\/vagonatinyhouse.com\/ar\/wp-json\/wp\/v2\/media?parent=33"}],"curies":[{"name":"wp","href":"https:\/\/api.w.org\/{rel}","templated":true}]}}