{"id":2161,"date":"2018-02-17T13:08:13","date_gmt":"2018-02-17T13:08:13","guid":{"rendered":"http:\/\/vagonatinyhouse.com\/about-us\/"},"modified":"2021-07-08T23:12:35","modified_gmt":"2021-07-08T20:12:35","slug":"hakkimizda","status":"publish","type":"page","link":"https:\/\/vagonatinyhouse.com\/ar\/hakkimizda\/","title":{"rendered":"\u0645\u0639\u0644\u0648\u0645\u0627\u062a \u0639\u0646\u0627"},"content":{"rendered":"<section class=\"wpb-content-wrapper\"><div data-vc-full-width=\"true\" data-vc-full-width-init=\"false\" class=\"vc_row wpb_row vc_row-fluid vc_custom_1531729276201\"><div class=\"wpb_column vc_column_container vc_col-sm-6\"><div class=\"vc_column-inner\"><div class=\"wpb_wrapper\">\t\t\t<div\r\n\t\t\t\tclass=\"main_title  text-left\">\r\n\t\t\t\t<h2 class=\"title\">\u0627\u0644\u0637\u0628\u064a\u0639\u0629 \u0645\u0639 \u0639\u0631\u0628\u0629<\/h2>\r\n\t\t\t\t\t\t\t\t\t<p class=\"main_description\">\u0623\u0646\u062a \u0645\u062c\u0631\u062f \u0646\u0627\u0641\u0630\u0629<\/p>\r\n\t\t\t\t\t\t\t<\/div>\r\n\t\t\n\t<div class=\"wpb_text_column wpb_content_element\" >\n\t\t<div class=\"wpb_wrapper\">\n\t\t\t<p>\u0646\u062d\u0646 \u0647\u0646\u0627 \u0644\u0646\u0645\u0646\u062d\u0643 \u062a\u062c\u0631\u0628\u0629 \u0631\u0627\u0626\u0639\u0629 \u0645\u0639 \u0645\u0641\u0647\u0648\u0645\u0646\u0627 \u060c \u0628\u0645\u0627 \u0641\u064a \u0630\u0644\u0643 \u0627\u0644\u0637\u0628\u064a\u0639\u0629 \u060c \u0639\u0646\u062f \u0645\u062f\u062e\u0644 \u0645\u0646\u0637\u0642\u0629 \u062c\u0627\u0645\u0644\u064a\u0647\u0645\u0634\u064a\u0646 \u0627\u0644\u0623\u0633\u0637\u0648\u0631\u064a\u0629 \u0639\u0644\u0649 \u0627\u0644\u0628\u062d\u0631 \u0627\u0644\u0623\u0633\u0648\u062f \u060c \u0639\u0644\u0649 \u062a\u064a\u0627\u0631 \u0627\u0644\u0639\u0627\u0635\u0641\u0629 \u060c \u0628\u0639\u064a\u062f\u064b\u0627 \u0639\u0646 \u0627\u0644\u0623\u0646\u0645\u0627\u0637 \u0627\u0644\u062a\u064a \u0627\u0639\u062a\u062f\u062a \u0639\u0644\u064a\u0647\u0627 \u060c \u0645\u0639 \u0623\u0648\u0644 \u0642\u0631\u064a\u0629 \u0639\u0637\u0644\u0627\u062a \u0641\u064a TinyHouse \u0627\u0644\u0628\u062d\u0631 \u0627\u0644\u0623\u0633\u0648\u062f. Vagona Tiny House \u060c \u0645\u0639 5 \u0645\u0633\u0627\u062d\u0627\u062a \u0645\u0639\u064a\u0634\u0629 \u060c \u062a\u0645 \u062a\u0633\u0645\u064a\u0629 \u0643\u0644 \u0645\u0646\u0647\u0627 \u0639\u0644\u0649 \u0627\u0633\u0645 \u0627\u0644\u0639\u0645\u0627\u0631\u0629 \u0627\u0644\u062f\u0627\u062e\u0644\u064a\u0629 \u0627\u0644\u0645\u062e\u062a\u0644\u0641\u0629 \u0648\u0627\u0644\u062b\u0642\u0627\u0641\u0627\u062a \u0627\u0644\u062d\u064a\u0629 \u0641\u064a \u062a\u0631\u0643\u064a\u0627 \u060c \u0646\u0642\u062f\u0645 \u0644\u0643 \u062f\u0641\u0621 \u0645\u0646\u0632\u0644\u0643 \u060c \u0648\u0627\u0644\u0631\u0627\u062d\u0629 \u0627\u0644\u062a\u064a \u0627\u0639\u062a\u062f\u062a \u0639\u0644\u064a\u0647\u0627 \u060c \u0648\u0641\u0647\u0645 \u0645\u0641\u0647\u0648\u0645 \u0627\u0644\u0641\u0646\u062f\u0642 \u060c \u0648\u0628\u0634\u0643\u0644 \u0645\u062a\u0643\u0631\u0631. \u0646\u0631\u062d\u0628 \u0628\u0643\u0645 \u0628\u062c\u0645\u0627\u0644 \u0637\u0628\u064a\u0639\u064a \u064a\u0628\u0647\u0631\u0643 \u0628\u0634\u0631\u0648\u0642 \u0648\u063a\u0631\u0648\u0628 \u0627\u0644\u0634\u0645\u0633 \u0648\u0625\u0637\u0644\u0627\u0644\u0627\u062a \u0631\u0627\u0626\u0639\u0629 \u0639\u0644\u0649 \u0627\u0644\u062e\u0648\u0631 \u0648\u0627\u0644\u062c\u0628\u0644 \u0641\u064a \u0645\u0646\u0627\u0632\u0644 \u0645\u0633\u0627\u062d\u062a\u0647\u0627 24 \u0645\u062a\u0631\u064b\u0627 \u0645\u0631\u0628\u0639\u064b\u0627 \u0645\u0639 \u0645\u0637\u0628\u062e \u0648\u062d\u0645\u0627\u0645 \u0648\u063a\u0631\u0641\u0629 \u0645\u0639\u064a\u0634\u0629 \u0648\u063a\u0631\u0641\u0629 \u0646\u0648\u0645 \u0648\u0634\u0631\u0641\u0629 \u060c \u0645\u0646\u0639\u0632\u0644\u0629 \u062a\u0645\u0627\u0645\u064b\u0627 \u0628\u064a\u0646 \u0623\u0635\u0648\u0627\u062a \u0627\u0644\u0637\u064a\u0648\u0631.<\/p>\n\n\t\t<\/div>\n\t<\/div>\n<\/div><\/div><\/div><div class=\"wpb_column vc_column_container vc_col-sm-6\"><div class=\"vc_column-inner\"><div class=\"wpb_wrapper\">\r\n        <div class=\"image-3d-effect\">\r\n          <div class=\"side left\"><\/div>\r\n          <div class=\"side right\"><\/div>\r\n          <div class=\"images\">\r\n                        <div class=\"front-image\" style=\"background-image: url(https:\/\/vagonatinyhouse.com\/wp-content\/uploads\/2021\/06\/Untitled-1_0027_IMG_2765.jpg)\"><\/div>\r\n                                    <div class=\"back-image\" style=\"background-image: url(https:\/\/vagonatinyhouse.com\/wp-content\/uploads\/2021\/06\/Untitled-1_0033_IMG_2429.jpg)\"><\/div>\r\n                      <\/div>\r\n        <\/div>\r\n\r\n\r\n\r\n        <\/div><\/div><\/div><\/div><div class=\"vc_row-full-width vc_clearfix\"><\/div><div class=\"vc_row wpb_row vc_row-fluid\"><div class=\"wpb_column vc_column_container vc_col-sm-12\"><div class=\"vc_column-inner\"><div class=\"wpb_wrapper\"><div class=\"vc_row wpb_row vc_inner vc_row-fluid\"><div class=\"wpb_column vc_column_container vc_col-sm-3\"><div class=\"vc_column-inner\"><div class=\"wpb_wrapper\">\r\n          <div class=\"countup-item\">\r\n            <img decoding=\"async\" draggable=\"false\" src=\"https:\/\/vagonatinyhouse.com\/wp-content\/uploads\/2021\/06\/rooms-1-1.png\">\r\n            <span class=\"number\" data-count=\"5\">5<\/span>\r\n            <div class=\"text\">\u062c\u0645\u0644<\/div>\r\n          <\/div>\r\n\r\n\r\n        <\/div><\/div><\/div><div class=\"wpb_column vc_column_container vc_col-sm-3\"><div class=\"vc_column-inner\"><div class=\"wpb_wrapper\">\r\n          <div class=\"countup-item\">\r\n            <img decoding=\"async\" draggable=\"false\" src=\"\">\r\n            <span class=\"number\" data-count=\"1\">1<\/span>\r\n            <div class=\"text\">\u0645\u0648\u0642\u0639\u0643<\/div>\r\n          <\/div>\r\n\r\n\r\n        <\/div><\/div><\/div><div class=\"wpb_column vc_column_container vc_col-sm-3\"><div class=\"vc_column-inner\"><div class=\"wpb_wrapper\">\r\n          <div class=\"countup-item\">\r\n            <img decoding=\"async\" draggable=\"false\" src=\"https:\/\/vagonatinyhouse.com\/wp-content\/uploads\/2018\/07\/staff-1-1.png\">\r\n            <span class=\"number\" data-count=\"2021\">2021<\/span>\r\n            <div class=\"text\">\u0645\u0624\u0633\u0633\u0629<\/div>\r\n          <\/div>\r\n\r\n\r\n        <\/div><\/div><\/div><div class=\"wpb_column vc_column_container vc_col-sm-3\"><div class=\"vc_column-inner\"><div class=\"wpb_wrapper\">\r\n          <div class=\"countup-item\">\r\n            <img decoding=\"async\" draggable=\"false\" src=\"https:\/\/vagonatinyhouse.com\/wp-content\/uploads\/2021\/06\/leaf-plants-nature-icon-23.png\">\r\n            <span class=\"number\" data-count=\"99\">99<\/span>\r\n            <div class=\"text\">\u0645\u0635\u062f\u0631 \u0627\u0644\u0637\u0628\u064a\u0639\u0629<\/div>\r\n          <\/div>\r\n\r\n\r\n        <\/div><\/div><\/div><\/div><div class=\"vc_empty_space\"   style=\"height: 50px\"><span class=\"vc_empty_space_inner\"><\/span><\/div>\t\t\t<div\r\n\t\t\t\tclass=\"main_title  text-left\">\r\n\t\t\t\t<h2 class=\"title\">\u062e\u062f\u0645\u0627\u062a\u0646\u0627 \u0627\u0644\u062a\u064a \u0646\u0642\u062f\u0645\u0647\u0627<\/h2>\r\n\t\t\t\t\t\t\t\t\t<p class=\"main_description\">Vagona Tiny House &amp; #039 \u061b \u0627\u0644\u062e\u062f\u0645\u0627\u062a \u0627\u0644\u062a\u064a \u0646\u0642\u062f\u0645\u0647\u0627 \u0628\u0627\u0644\u0625\u0636\u0627\u0641\u0629 \u0625\u0644\u0649 \u062e\u062f\u0645\u0629 \u0627\u0644\u0625\u0642\u0627\u0645\u0629 \u0627\u0644\u062a\u064a \u0646\u0642\u062f\u0645\u0647\u0627 \u0645\u0639 \u0627\u0644\u0637\u0628\u064a\u0639\u0629<\/p>\r\n\t\t\t\t\t\t\t<\/div>\r\n\t\t\r\n      \r\n    <script>\r\n      jQuery(document).ready(function ($) {\r\n        $('#features-slider-izXW2').owlCarousel({\r\n            thumbs: true,\r\n            thumbsPrerendered: true,\r\n            items: 1,\r\n                        loop: true,\r\n                        autoplay: true,\r\n                        dots: false,\r\n            nav: false,\r\n            touchDrag  : true,\r\n            mouseDrag  : false\r\n          });\r\n      });\r\n    <\/script>\r\n\r\n\r\n    <div class=\"features\">\r\n      <div class=\"row\">\r\n          <div class=\"col-md-7\">\r\n              <div data-slider-id=\"features-izXW2\" id=\"features-slider-izXW2\" class=\"main-image owl-carousel\">\r\n\r\n\r\n  <div class=\"gradient-overlay overlay-opacity-02\"><img decoding=\"async\" src=\"https:\/\/vagonatinyhouse.com\/wp-content\/uploads\/2021\/07\/cbd2aebe-fcd0-41f3-9346-0eae4208fae2.jpg\" class=\"img-responsive\" alt=\"\u00dccretsiz Kahvalt\u0131\"><\/div>\r\n\r\n  \r\n  <div class=\"gradient-overlay overlay-opacity-02\"><img decoding=\"async\" src=\"https:\/\/vagonatinyhouse.com\/wp-content\/uploads\/2021\/07\/uzungol.jpg\" class=\"img-responsive\" alt=\"Karadeniz Turlar\u0131\"><\/div>\r\n\r\n  \r\n  <div class=\"gradient-overlay overlay-opacity-02\"><img decoding=\"async\" src=\"https:\/\/vagonatinyhouse.com\/wp-content\/uploads\/2021\/07\/e5a6f152-3631-4abf-a089-af3f2c0299fb.jpg\" class=\"img-responsive\" alt=\"Otopark\"><\/div>\r\n\r\n  \r\n  <div class=\"gradient-overlay overlay-opacity-02\"><img decoding=\"async\" src=\"https:\/\/vagonatinyhouse.com\/wp-content\/uploads\/2020\/05\/1734eece-982f-446d-bebb-4b44d270fb22.jpg\" class=\"img-responsive\" alt=\"G\u00fcvenlik\"><\/div>\r\n\r\n  <\/div>\r\n<\/div>\r\n<div class=\"col-md-5\">\r\n  <div class=\"owl-thumbs\" data-slider-id=\"features-izXW2\">\r\n\r\n    \r\n    <!-- SLIDE -->\r\n    <div class=\"owl-thumb-item\">\r\n        <span class=\"media-left\"><image src=\"https:\/\/vagonatinyhouse.com\/wp-content\/uploads\/2021\/07\/plate-1.png\" alt=\"\u00dccretsiz Kahvalt\u0131\"><\/span>\r\n        <div class=\"media-body\">\r\n            <h3>\u0625\u0641\u0637\u0627\u0631 \u0645\u062c\u0627\u0646\u064a<\/h3>\r\n            <p>\u0644\u062f\u064a\u0646\u0627 \u062e\u062f\u0645\u0629 \u0625\u0641\u0637\u0627\u0631 \u0645\u062c\u0627\u0646\u064a\u0629 \u0644\u0645\u0627 \u064a\u0635\u0644 \u0625\u0644\u0649 \u0634\u062e\u0635\u064a\u0646 \u0644\u0643\u0644 \u0645\u0646\u0632\u0644.<\/p>\r\n        <\/div>\r\n    <\/div>\r\n\r\n    \r\n    <!-- SLIDE -->\r\n    <div class=\"owl-thumb-item\">\r\n        <span class=\"media-left\"><image src=\"https:\/\/vagonatinyhouse.com\/wp-content\/uploads\/2018\/05\/spa-1.png\" alt=\"Karadeniz Turlar\u0131\"><\/span>\r\n        <div class=\"media-body\">\r\n            <h3>\u0628\u0644\u0627\u0643 \u0633\u064a \u062a\u0648\u0631\u0632<\/h3>\r\n            <p>\u064a\u0645\u0643\u0646\u0643 \u0627\u0644\u062a\u0648\u0627\u0635\u0644 \u0645\u0639\u0646\u0627 \u0639\u0644\u0649 \u0631\u0642\u0645 \u0647\u0627\u062a\u0641\u0646\u0627 \u0628\u062e\u0635\u0648\u0635 \u062c\u0648\u0644\u0627\u062a\u0646\u0627.<\/p>\r\n        <\/div>\r\n    <\/div>\r\n\r\n    \r\n    <!-- SLIDE -->\r\n    <div class=\"owl-thumb-item\">\r\n        <span class=\"media-left\"><image src=\"https:\/\/vagonatinyhouse.com\/wp-content\/uploads\/2021\/07\/otopark.png\" alt=\"Otopark\"><\/span>\r\n        <div class=\"media-body\">\r\n            <h3>\u0645\u0648\u0642\u0641 \u0627\u0644\u0633\u064a\u0627\u0631\u0627\u062a<\/h3>\r\n            <p>\u062a\u062a\u0648\u0641\u0631 \u0645\u0648\u0627\u0642\u0641 \u0645\u062c\u0627\u0646\u064a\u0629 \u0644\u0644\u0633\u064a\u0627\u0631\u0627\u062a \u0641\u064a \u0645\u0646\u0634\u0623\u062a\u0646\u0627 \u062d\u062a\u0649 \u062a\u062a\u0645\u0643\u0646 \u0645\u0646 \u0625\u064a\u0642\u0627\u0641 \u0633\u064a\u0627\u0631\u0627\u062a\u0643.<\/p>\r\n        <\/div>\r\n    <\/div>\r\n\r\n    \r\n    <!-- SLIDE -->\r\n    <div class=\"owl-thumb-item\">\r\n        <span class=\"media-left\"><image src=\"https:\/\/vagonatinyhouse.com\/wp-content\/uploads\/2021\/06\/guvenlik.png\" alt=\"G\u00fcvenlik\"><\/span>\r\n        <div class=\"media-body\">\r\n            <h3>\u062d\u0645\u0627\u064a\u0629<\/h3>\r\n            <p>\u0642\u0631\u064a\u0629 \u0627\u0644\u0639\u0637\u0644\u0627\u062a \u0627\u0644\u062e\u0627\u0635\u0629 \u0628\u0646\u0627 \u0645\u064f\u0631\u0627\u0642\u0628\u0629 \u0628\u0643\u0627\u0645\u064a\u0631\u0627\u062a \u0623\u0645\u0646\u064a\u0629 \u0639\u0644\u0649 \u0645\u062f\u0627\u0631 \u0627\u0644\u0633\u0627\u0639\u0629 \u0637\u0648\u0627\u0644 \u0623\u064a\u0627\u0645 \u0627\u0644\u0623\u0633\u0628\u0648\u0639.<\/p>\r\n        <\/div>\r\n    <\/div>\r\n\r\n    \r\n  <\/div>\r\n<\/div>\r\n<\/div>\r\n<\/div>\r\n\r\n  <div class=\"vc_empty_space\"   style=\"height: 50px\"><span class=\"vc_empty_space_inner\"><\/span><\/div><\/div><\/div><\/div><\/div><div class=\"vc_row wpb_row vc_row-fluid\"><div class=\"wpb_column vc_column_container vc_col-sm-12\"><div class=\"vc_column-inner\"><div class=\"wpb_wrapper\">\t\t\t<div\r\n\t\t\t\tclass=\"main_title  text-left\">\r\n\t\t\t\t<h2 class=\"title\">\u0645\u0631\u0627\u062c\u0639\u0646\u0627<\/h2>\r\n\t\t\t\t\t\t\t\t\t<p class=\"main_description\">\u0628\u0639\u0636 \u062a\u0639\u0644\u064a\u0642\u0627\u062a \u0639\u0645\u0644\u0627\u0626\u0646\u0627 \u062d\u0648\u0644 \u0639\u0637\u0644\u0627\u062a\u0647\u0645<\/p>\r\n\t\t\t\t\t\t\t<\/div>\r\n\t\t<\/div><\/div><\/div><\/div><div class=\"vc_row wpb_row vc_row-fluid\"><div class=\"wpb_column vc_column_container vc_col-sm-12\"><div class=\"vc_column-inner\"><div class=\"wpb_wrapper\">\r\n        <div class=\"row flex-row\">\r\n            \t\t\t\t\t\t\t\t<!-- TESTIMONIAL GRID ITEM -->\r\n                <div class=\"col-lg-6 col-sm-6\">\r\n                    <div class=\"testimonial-item\">\r\n\t\t                  <div class=\"review\">\r\n\t\t                        <h3>\u0645\u0643\u0627\u0646 \u0631\u0627\u0626\u0639<\/h3>\r\n                                <div class=\"rating\">\r\n                                    <i class=\"fa fa-star\" aria-hidden=\"true\"><\/i><i class=\"fa fa-star\" aria-hidden=\"true\"><\/i><i class=\"fa fa-star\" aria-hidden=\"true\"><\/i><i class=\"fa fa-star\" aria-hidden=\"true\"><\/i><i class=\"fa fa-star\" aria-hidden=\"true\"><\/i>                                <\/div>\r\n\t\t                        <p>\u0627\u0644\u0645\u0641\u0647\u0648\u0645 \u0648\u0627\u0644\u0645\u0634\u063a\u0644 \u0631\u0627\u0626\u0639\u0627\u0646. \u0634\u0643\u0631\u0627 \u062c\u0632\u064a\u0644\u0627 \u0644\u0639\u062b\u0645\u0627\u0646 \u0639\u0644\u0649 \u0643\u0631\u0645 \u0636\u064a\u0627\u0641\u062a\u0647.<\/p>\r\n\t\t                    <\/div>\r\n\t\t                    <div class=\"author\">\r\n                                                                    <img decoding=\"async\" src=\"https:\/\/vagonatinyhouse.com\/wp-content\/uploads\/2021\/07\/209249750_1466217497063183_7066745261046707464_n-150x150.jpg\" alt=\"Fato\u015f Yazar\" width=\"80\">\r\n                                \t\t                        <div class=\"author-info\">\r\n\t\t                            <h5>Fato\u015f Yazar<\/h5>\r\n\t\t                            <span class=\"author-loacation\">\u062a\u0631\u0643\u064a\u0627<\/span>\r\n\t\t                        <\/div>\r\n\t\t                    <\/div>\r\n\t\t              <\/div>\r\n                <\/div>\r\n\r\n            \t\t\t\t\t\t\t\t<!-- TESTIMONIAL GRID ITEM -->\r\n                <div class=\"col-lg-6 col-sm-6\">\r\n                    <div class=\"testimonial-item\">\r\n\t\t                  <div class=\"review\">\r\n\t\t                        <h3>\u0633\u0644\u0645\u064a \u0644\u0644\u063a\u0627\u064a\u0629<\/h3>\r\n                                <div class=\"rating\">\r\n                                    <i class=\"fa fa-star\" aria-hidden=\"true\"><\/i><i class=\"fa fa-star\" aria-hidden=\"true\"><\/i><i class=\"fa fa-star\" aria-hidden=\"true\"><\/i><i class=\"fa fa-star\" aria-hidden=\"true\"><\/i><i class=\"fa fa-star\" aria-hidden=\"true\"><\/i>                                <\/div>\r\n\t\t                        <p>\u0644\u0642\u062f \u0623\u062d\u0628\u0628\u0646\u0627 \u0627\u0644\u0645\u0643\u0627\u0646 \u0645\u0639 \u0627\u0644\u0645\u0636\u064a\u0641\u064a\u0646 \u0627\u0644\u0648\u062f\u0648\u062f\u064a\u0646. \u0627\u0644\u0645\u0646\u0627\u0638\u0631 \u0627\u0644\u0637\u0628\u064a\u0639\u064a\u0629 \u0648\u0627\u0644\u0623\u0635\u0648\u0627\u062a \u0645\u0646 \u0627\u0644\u0646\u0647\u0631 \u0633\u0644\u0645\u064a\u0629 \u0644\u0644\u063a\u0627\u064a\u0629!<\/p>\r\n\t\t                    <\/div>\r\n\t\t                    <div class=\"author\">\r\n                                                                    <img decoding=\"async\" src=\"https:\/\/vagonatinyhouse.com\/wp-content\/uploads\/2021\/07\/unnamed.png\" alt=\"Nader Bastaki\" width=\"80\">\r\n                                \t\t                        <div class=\"author-info\">\r\n\t\t                            <h5>\u0646\u0627\u062f\u0631 \u0628\u0633\u062a\u0643\u064a<\/h5>\r\n\t\t                            <span class=\"author-loacation\"><\/span>\r\n\t\t                        <\/div>\r\n\t\t                    <\/div>\r\n\t\t              <\/div>\r\n                <\/div>\r\n\r\n            \t\t\t\t\t\t\t\t<!-- TESTIMONIAL GRID ITEM -->\r\n                <div class=\"col-lg-6 col-sm-6\">\r\n                    <div class=\"testimonial-item\">\r\n\t\t                  <div class=\"review\">\r\n\t\t                        <h3>E\u015fsiz<\/h3>\r\n                                <div class=\"rating\">\r\n                                    <i class=\"fa fa-star\" aria-hidden=\"true\"><\/i><i class=\"fa fa-star\" aria-hidden=\"true\"><\/i><i class=\"fa fa-star\" aria-hidden=\"true\"><\/i><i class=\"fa fa-star\" aria-hidden=\"true\"><\/i><i class=\"fa fa-star\" aria-hidden=\"true\"><\/i>                                <\/div>\r\n\t\t                        <p>\u0625\u0646\u0647 \u0644\u0627 \u064a\u0634\u0628\u0647 \u0623\u064a \u0645\u0643\u0627\u0646 \u0631\u0623\u064a\u062a\u0647 \u0641\u064a \u0627\u0644\u0628\u062d\u0631 \u0627\u0644\u0623\u0633\u0648\u062f. \u0645\u0646 \u0627\u0644\u0648\u0627\u0636\u062d \u062c\u062f\u064b\u0627 \u0623\u0646\u0647 \u062a\u0645 \u0635\u0646\u0639\u0647 \u0628\u0648\u0627\u0633\u0637\u0629 \u0645\u0647\u0646\u062f\u0633 \u0645\u0639\u0645\u0627\u0631\u064a. \u064a\u062c\u0639\u0644\u0643 \u062a\u0634\u0639\u0631 \u0628\u0631\u0627\u062d\u0629 \u0627\u0644\u0642\u0627\u0641\u0644\u0629 \u0648\u0645\u062a\u0639\u0629 \u0627\u0644\u0641\u0646\u062f\u0642. \u0625\u0646\u0647 \u0645\u0643\u0627\u0646 \u0644\u0637\u064a\u0641 \u0644\u0644\u063a\u0627\u064a\u0629 \u0644\u0644\u0627\u0633\u062a\u0631\u062e\u0627\u0621.<\/p>\r\n\t\t                    <\/div>\r\n\t\t                    <div class=\"author\">\r\n                                                                    <img decoding=\"async\" src=\"https:\/\/vagonatinyhouse.com\/wp-content\/uploads\/2021\/07\/131536684_1809520195873881_3316793797752155328_n-150x150.jpg\" alt=\"Sinem Av\u015far\" width=\"80\">\r\n                                \t\t                        <div class=\"author-info\">\r\n\t\t                            <h5>\u0633\u064a\u0646\u0645 \u0623\u0641\u0634\u0627\u0631<\/h5>\r\n\t\t                            <span class=\"author-loacation\">\u0627\u0633\u0637\u0646\u0628\u0648\u0644 \u060c TR<\/span>\r\n\t\t                        <\/div>\r\n\t\t                    <\/div>\r\n\t\t              <\/div>\r\n                <\/div>\r\n\r\n                                <\/div>\r\n\r\n        <\/div><\/div><\/div><\/div>\n<\/section>","protected":false},"excerpt":{"rendered":"","protected":false},"author":1,"featured_media":0,"parent":0,"menu_order":0,"comment_status":"closed","ping_status":"closed","template":"","meta":{"footnotes":""},"class_list":["post-2161","page","type-page","status-publish","hentry"],"yoast_head":"<!-- This site is optimized with the Yoast SEO Premium plugin v20.8 (Yoast SEO v25.4) - https:\/\/yoast.com\/wordpress\/plugins\/seo\/ -->\n<title>Hakk\u0131m\u0131zda - Vagona Tiny House<\/title>\n<meta name=\"robots\" content=\"index, follow, max-snippet:-1, max-image-preview:large, max-video-preview:-1\" \/>\n<link rel=\"canonical\" href=\"https:\/\/vagonatinyhouse.com\/ar\/hakkimizda\/\" \/>\n<meta property=\"og:locale\" content=\"ar_AR\" \/>\n<meta property=\"og:type\" content=\"article\" \/>\n<meta property=\"og:title\" content=\"Hakk\u0131m\u0131zda - Vagona Tiny House\" \/>\n<meta property=\"og:url\" content=\"https:\/\/vagonatinyhouse.com\/ar\/hakkimizda\/\" \/>\n<meta property=\"og:site_name\" content=\"Vagona Tiny House\" \/>\n<meta property=\"article:publisher\" content=\"https:\/\/git.vagonatinyhouse.com\/facebook\" \/>\n<meta property=\"article:modified_time\" content=\"2021-07-08T20:12:35+00:00\" \/>\n<meta name=\"twitter:card\" content=\"summary_large_image\" \/>\n<meta name=\"twitter:label1\" content=\"\u0648\u0642\u062a \u0627\u0644\u0642\u0631\u0627\u0621\u0629 \u0627\u0644\u0645\u064f\u0642\u062f\u0651\u0631\" \/>\n\t<meta name=\"twitter:data1\" content=\"\u062f\u0642\u064a\u0642\u0629 \u0648\u0627\u062d\u062f\u0629\" \/>\n<script type=\"application\/ld+json\" class=\"yoast-schema-graph\">{\"@context\":\"https:\/\/schema.org\",\"@graph\":[{\"@type\":\"WebPage\",\"@id\":\"https:\/\/vagonatinyhouse.com\/tr\/hakkimizda\/\",\"url\":\"https:\/\/vagonatinyhouse.com\/tr\/hakkimizda\/\",\"name\":\"Hakk\u0131m\u0131zda - Vagona Tiny House\",\"isPartOf\":{\"@id\":\"https:\/\/vagonatinyhouse.com\/ar\/#website\"},\"datePublished\":\"2018-02-17T13:08:13+00:00\",\"dateModified\":\"2021-07-08T20:12:35+00:00\",\"inLanguage\":\"ar\",\"potentialAction\":[{\"@type\":\"ReadAction\",\"target\":[\"https:\/\/vagonatinyhouse.com\/tr\/hakkimizda\/\"]}]},{\"@type\":\"WebSite\",\"@id\":\"https:\/\/vagonatinyhouse.com\/ar\/#website\",\"url\":\"https:\/\/vagonatinyhouse.com\/ar\/\",\"name\":\"Vagona Tiny House\",\"description\":\"Karadenizin dillere destan \u00c7aml\u0131hem\u015fin bolgesi giri\u015finde, f\u0131rt\u0131na deresi \u00fczerinde al\u0131\u015fm\u0131\u015f oldu\u011funuz kal\u0131plardan uzakta do\u011fa dahil konseptimiz ile Karadenizin ilk TinyHouse tatil k\u00f6y\u00fc ile size muhte\u015fem bir deneyim ya\u015fatmak i\u00e7in buraday\u0131z.\",\"publisher\":{\"@id\":\"https:\/\/vagonatinyhouse.com\/ar\/#organization\"},\"potentialAction\":[{\"@type\":\"SearchAction\",\"target\":{\"@type\":\"EntryPoint\",\"urlTemplate\":\"https:\/\/vagonatinyhouse.com\/ar\/?s={search_term_string}\"},\"query-input\":{\"@type\":\"PropertyValueSpecification\",\"valueRequired\":true,\"valueName\":\"search_term_string\"}}],\"inLanguage\":\"ar\"},{\"@type\":\"Organization\",\"@id\":\"https:\/\/vagonatinyhouse.com\/ar\/#organization\",\"name\":\"Vagona Tiny House\",\"url\":\"https:\/\/vagonatinyhouse.com\/ar\/\",\"logo\":{\"@type\":\"ImageObject\",\"inLanguage\":\"ar\",\"@id\":\"https:\/\/vagonatinyhouse.com\/ar\/#\/schema\/logo\/image\/\",\"url\":\"http:\/\/vagonatinyhouse.com\/wp-content\/uploads\/2021\/07\/cropped-android-chrome-512x512-1.png\",\"contentUrl\":\"http:\/\/vagonatinyhouse.com\/wp-content\/uploads\/2021\/07\/cropped-android-chrome-512x512-1.png\",\"width\":512,\"height\":512,\"caption\":\"Vagona Tiny House\"},\"image\":{\"@id\":\"https:\/\/vagonatinyhouse.com\/ar\/#\/schema\/logo\/image\/\"},\"sameAs\":[\"https:\/\/git.vagonatinyhouse.com\/facebook\",\"https:\/\/git.vagonatinyhouse.com\/instagram\",\"https:\/\/git.vagonatinyhouse.com\/pinterest\",\"https:\/\/git.vagonatinyhouse.com\/youtube\"]}]}<\/script>\n<!-- \/ Yoast SEO Premium plugin. -->","yoast_head_json":{"title":"Hakk\u0131m\u0131zda - Vagona Tiny House","robots":{"index":"index","follow":"follow","max-snippet":"max-snippet:-1","max-image-preview":"max-image-preview:large","max-video-preview":"max-video-preview:-1"},"canonical":"https:\/\/vagonatinyhouse.com\/ar\/hakkimizda\/","og_locale":"ar_AR","og_type":"article","og_title":"Hakk\u0131m\u0131zda - Vagona Tiny House","og_url":"https:\/\/vagonatinyhouse.com\/ar\/hakkimizda\/","og_site_name":"Vagona Tiny House","article_publisher":"https:\/\/git.vagonatinyhouse.com\/facebook","article_modified_time":"2021-07-08T20:12:35+00:00","twitter_card":"summary_large_image","twitter_misc":{"\u0648\u0642\u062a \u0627\u0644\u0642\u0631\u0627\u0621\u0629 \u0627\u0644\u0645\u064f\u0642\u062f\u0651\u0631":"\u062f\u0642\u064a\u0642\u0629 \u0648\u0627\u062d\u062f\u0629"},"schema":{"@context":"https:\/\/schema.org","@graph":[{"@type":"WebPage","@id":"https:\/\/vagonatinyhouse.com\/tr\/hakkimizda\/","url":"https:\/\/vagonatinyhouse.com\/tr\/hakkimizda\/","name":"Hakk\u0131m\u0131zda - Vagona Tiny House","isPartOf":{"@id":"https:\/\/vagonatinyhouse.com\/ar\/#website"},"datePublished":"2018-02-17T13:08:13+00:00","dateModified":"2021-07-08T20:12:35+00:00","inLanguage":"ar","potentialAction":[{"@type":"ReadAction","target":["https:\/\/vagonatinyhouse.com\/tr\/hakkimizda\/"]}]},{"@type":"WebSite","@id":"https:\/\/vagonatinyhouse.com\/ar\/#website","url":"https:\/\/vagonatinyhouse.com\/ar\/","name":"Vagona Tiny House","description":"Karadenizin dillere destan \u00c7aml\u0131hem\u015fin bolgesi giri\u015finde, f\u0131rt\u0131na deresi \u00fczerinde al\u0131\u015fm\u0131\u015f oldu\u011funuz kal\u0131plardan uzakta do\u011fa dahil konseptimiz ile Karadenizin ilk TinyHouse tatil k\u00f6y\u00fc ile size muhte\u015fem bir deneyim ya\u015fatmak i\u00e7in buraday\u0131z.","publisher":{"@id":"https:\/\/vagonatinyhouse.com\/ar\/#organization"},"potentialAction":[{"@type":"SearchAction","target":{"@type":"EntryPoint","urlTemplate":"https:\/\/vagonatinyhouse.com\/ar\/?s={search_term_string}"},"query-input":{"@type":"PropertyValueSpecification","valueRequired":true,"valueName":"search_term_string"}}],"inLanguage":"ar"},{"@type":"Organization","@id":"https:\/\/vagonatinyhouse.com\/ar\/#organization","name":"Vagona Tiny House","url":"https:\/\/vagonatinyhouse.com\/ar\/","logo":{"@type":"ImageObject","inLanguage":"ar","@id":"https:\/\/vagonatinyhouse.com\/ar\/#\/schema\/logo\/image\/","url":"http:\/\/vagonatinyhouse.com\/wp-content\/uploads\/2021\/07\/cropped-android-chrome-512x512-1.png","contentUrl":"http:\/\/vagonatinyhouse.com\/wp-content\/uploads\/2021\/07\/cropped-android-chrome-512x512-1.png","width":512,"height":512,"caption":"Vagona Tiny House"},"image":{"@id":"https:\/\/vagonatinyhouse.com\/ar\/#\/schema\/logo\/image\/"},"sameAs":["https:\/\/git.vagonatinyhouse.com\/facebook","https:\/\/git.vagonatinyhouse.com\/instagram","https:\/\/git.vagonatinyhouse.com\/pinterest","https:\/\/git.vagonatinyhouse.com\/youtube"]}]}},"_links":{"self":[{"href":"https:\/\/vagonatinyhouse.com\/ar\/wp-json\/wp\/v2\/pages\/2161","targetHints":{"allow":["GET"]}}],"collection":[{"href":"https:\/\/vagonatinyhouse.com\/ar\/wp-json\/wp\/v2\/pages"}],"about":[{"href":"https:\/\/vagonatinyhouse.com\/ar\/wp-json\/wp\/v2\/types\/page"}],"author":[{"embeddable":true,"href":"https:\/\/vagonatinyhouse.com\/ar\/wp-json\/wp\/v2\/users\/1"}],"replies":[{"embeddable":true,"href":"https:\/\/vagonatinyhouse.com\/ar\/wp-json\/wp\/v2\/comments?post=2161"}],"version-history":[{"count":17,"href":"https:\/\/vagonatinyhouse.com\/ar\/wp-json\/wp\/v2\/pages\/2161\/revisions"}],"predecessor-version":[{"id":2353,"href":"https:\/\/vagonatinyhouse.com\/ar\/wp-json\/wp\/v2\/pages\/2161\/revisions\/2353"}],"wp:attachment":[{"href":"https:\/\/vagonatinyhouse.com\/ar\/wp-json\/wp\/v2\/media?parent=2161"}],"curies":[{"name":"wp","href":"https:\/\/api.w.org\/{rel}","templated":true}]}}