{"id":1110,"date":"2018-06-01T13:01:22","date_gmt":"2018-06-01T13:01:22","guid":{"rendered":"http:\/\/demo.zantetheme.com\/?page_id=1110"},"modified":"2018-06-01T13:01:22","modified_gmt":"2018-06-01T13:01:22","slug":"testimonials","status":"publish","type":"page","link":"https:\/\/vagonatinyhouse.com\/ar\/testimonials\/","title":{"rendered":"Testimonials"},"content":{"rendered":"<section class=\"wpb-content-wrapper\"><div class=\"vc_row wpb_row vc_row-fluid\"><div class=\"wpb_column vc_column_container vc_col-sm-12\"><div class=\"vc_column-inner\"><div class=\"wpb_wrapper\">\r\n        <div class=\"row flex-row\">\r\n            \t\t\t\t\t\t\t\t<!-- TESTIMONIAL GRID ITEM -->\r\n                <div class=\"col-lg-4 col-sm-6\">\r\n                    <div class=\"testimonial-item\">\r\n\t\t                  <div class=\"review\">\r\n\t\t                        <h3>\u0645\u0643\u0627\u0646 \u0631\u0627\u0626\u0639<\/h3>\r\n                                <div class=\"rating\">\r\n                                    <i class=\"fa fa-star\" aria-hidden=\"true\"><\/i><i class=\"fa fa-star\" aria-hidden=\"true\"><\/i><i class=\"fa fa-star\" aria-hidden=\"true\"><\/i><i class=\"fa fa-star\" aria-hidden=\"true\"><\/i><i class=\"fa fa-star\" aria-hidden=\"true\"><\/i>                                <\/div>\r\n\t\t                        <p>\u0627\u0644\u0645\u0641\u0647\u0648\u0645 \u0648\u0627\u0644\u0645\u0634\u063a\u0644 \u0631\u0627\u0626\u0639\u0627\u0646. \u0634\u0643\u0631\u0627 \u062c\u0632\u064a\u0644\u0627 \u0644\u0639\u062b\u0645\u0627\u0646 \u0639\u0644\u0649 \u0643\u0631\u0645 \u0636\u064a\u0627\u0641\u062a\u0647.<\/p>\r\n\t\t                    <\/div>\r\n\t\t                    <div class=\"author\">\r\n                                                                    <img decoding=\"async\" src=\"https:\/\/vagonatinyhouse.com\/wp-content\/uploads\/2021\/07\/209249750_1466217497063183_7066745261046707464_n-150x150.jpg\" alt=\"Fato\u015f Yazar\" width=\"80\">\r\n                                \t\t                        <div class=\"author-info\">\r\n\t\t                            <h5>Fato\u015f Yazar<\/h5>\r\n\t\t                            <span class=\"author-loacation\">\u062a\u0631\u0643\u064a\u0627<\/span>\r\n\t\t                        <\/div>\r\n\t\t                    <\/div>\r\n\t\t              <\/div>\r\n                <\/div>\r\n\r\n            \t\t\t\t\t\t\t\t<!-- TESTIMONIAL GRID ITEM -->\r\n                <div class=\"col-lg-4 col-sm-6\">\r\n                    <div class=\"testimonial-item\">\r\n\t\t                  <div class=\"review\">\r\n\t\t                        <h3>\u0633\u0644\u0645\u064a \u0644\u0644\u063a\u0627\u064a\u0629<\/h3>\r\n                                <div class=\"rating\">\r\n                                    <i class=\"fa fa-star\" aria-hidden=\"true\"><\/i><i class=\"fa fa-star\" aria-hidden=\"true\"><\/i><i class=\"fa fa-star\" aria-hidden=\"true\"><\/i><i class=\"fa fa-star\" aria-hidden=\"true\"><\/i><i class=\"fa fa-star\" aria-hidden=\"true\"><\/i>                                <\/div>\r\n\t\t                        <p>\u0644\u0642\u062f \u0623\u062d\u0628\u0628\u0646\u0627 \u0627\u0644\u0645\u0643\u0627\u0646 \u0645\u0639 \u0627\u0644\u0645\u0636\u064a\u0641\u064a\u0646 \u0627\u0644\u0648\u062f\u0648\u062f\u064a\u0646. \u0627\u0644\u0645\u0646\u0627\u0638\u0631 \u0627\u0644\u0637\u0628\u064a\u0639\u064a\u0629 \u0648\u0627\u0644\u0623\u0635\u0648\u0627\u062a \u0645\u0646 \u0627\u0644\u0646\u0647\u0631 \u0633\u0644\u0645\u064a\u0629 \u0644\u0644\u063a\u0627\u064a\u0629!<\/p>\r\n\t\t                    <\/div>\r\n\t\t                    <div class=\"author\">\r\n                                                                    <img decoding=\"async\" src=\"https:\/\/vagonatinyhouse.com\/wp-content\/uploads\/2021\/07\/unnamed.png\" alt=\"Nader Bastaki\" width=\"80\">\r\n                                \t\t                        <div class=\"author-info\">\r\n\t\t                            <h5>\u0646\u0627\u062f\u0631 \u0628\u0633\u062a\u0643\u064a<\/h5>\r\n\t\t                            <span class=\"author-loacation\"><\/span>\r\n\t\t                        <\/div>\r\n\t\t                    <\/div>\r\n\t\t              <\/div>\r\n                <\/div>\r\n\r\n            \t\t\t\t\t\t\t\t<!-- TESTIMONIAL GRID ITEM -->\r\n                <div class=\"col-lg-4 col-sm-6\">\r\n                    <div class=\"testimonial-item\">\r\n\t\t                  <div class=\"review\">\r\n\t\t                        <h3>E\u015fsiz<\/h3>\r\n                                <div class=\"rating\">\r\n                                    <i class=\"fa fa-star\" aria-hidden=\"true\"><\/i><i class=\"fa fa-star\" aria-hidden=\"true\"><\/i><i class=\"fa fa-star\" aria-hidden=\"true\"><\/i><i class=\"fa fa-star\" aria-hidden=\"true\"><\/i><i class=\"fa fa-star\" aria-hidden=\"true\"><\/i>                                <\/div>\r\n\t\t                        <p>\u0625\u0646\u0647 \u0644\u0627 \u064a\u0634\u0628\u0647 \u0623\u064a \u0645\u0643\u0627\u0646 \u0631\u0623\u064a\u062a\u0647 \u0641\u064a \u0627\u0644\u0628\u062d\u0631 \u0627\u0644\u0623\u0633\u0648\u062f. \u0645\u0646 \u0627\u0644\u0648\u0627\u0636\u062d \u062c\u062f\u064b\u0627 \u0623\u0646\u0647 \u062a\u0645 \u0635\u0646\u0639\u0647 \u0628\u0648\u0627\u0633\u0637\u0629 \u0645\u0647\u0646\u062f\u0633 \u0645\u0639\u0645\u0627\u0631\u064a. \u064a\u062c\u0639\u0644\u0643 \u062a\u0634\u0639\u0631 \u0628\u0631\u0627\u062d\u0629 \u0627\u0644\u0642\u0627\u0641\u0644\u0629 \u0648\u0645\u062a\u0639\u0629 \u0627\u0644\u0641\u0646\u062f\u0642. \u0625\u0646\u0647 \u0645\u0643\u0627\u0646 \u0644\u0637\u064a\u0641 \u0644\u0644\u063a\u0627\u064a\u0629 \u0644\u0644\u0627\u0633\u062a\u0631\u062e\u0627\u0621.<\/p>\r\n\t\t                    <\/div>\r\n\t\t                    <div class=\"author\">\r\n                                                                    <img decoding=\"async\" src=\"https:\/\/vagonatinyhouse.com\/wp-content\/uploads\/2021\/07\/131536684_1809520195873881_3316793797752155328_n-150x150.jpg\" alt=\"Sinem Av\u015far\" width=\"80\">\r\n                                \t\t                        <div class=\"author-info\">\r\n\t\t                            <h5>\u0633\u064a\u0646\u0645 \u0623\u0641\u0634\u0627\u0631<\/h5>\r\n\t\t                            <span class=\"author-loacation\">\u0627\u0633\u0637\u0646\u0628\u0648\u0644 \u060c TR<\/span>\r\n\t\t                        <\/div>\r\n\t\t                    <\/div>\r\n\t\t              <\/div>\r\n                <\/div>\r\n\r\n            \t\t\t\t\t\t\t\t<!-- TESTIMONIAL GRID ITEM -->\r\n                <div class=\"col-lg-4 col-sm-6\">\r\n                    <div class=\"testimonial-item\">\r\n\t\t                  <div class=\"review\">\r\n\t\t                        <h3>\u0641\u064a \u0628\u064a\u0626\u0629 \u0627\u0644\u0623\u0633\u0631\u0629<\/h3>\r\n                                <div class=\"rating\">\r\n                                    <i class=\"fa fa-star\" aria-hidden=\"true\"><\/i><i class=\"fa fa-star\" aria-hidden=\"true\"><\/i><i class=\"fa fa-star\" aria-hidden=\"true\"><\/i><i class=\"fa fa-star\" aria-hidden=\"true\"><\/i><i class=\"fa fa-star\" aria-hidden=\"true\"><\/i>                                <\/div>\r\n\t\t                        <p>\u0627\u0644\u0645\u0648\u0638\u0641\u0648\u0646 \u0648\u062f\u0648\u062f\u0648\u0646 \u0644\u0644\u063a\u0627\u064a\u0629 \u0644\u062f\u0631\u062c\u0629 \u0623\u0646\u0646\u064a \u0634\u0639\u0631\u062a \u0648\u0643\u0623\u0646\u0646\u064a \u0639\u0627\u0626\u0644\u0629. \u0627\u0644\u0645\u0643\u0627\u0646 \u062c\u0645\u064a\u0644 \u062c\u062f\u064b\u0627 \u0644\u062f\u0631\u062c\u0629 \u0623\u0646\u0646\u064a \u0625\u0630\u0627 \u0630\u0643\u0631\u062a \u0630\u0644\u0643 \u060c \u0641\u0644\u0646 \u064a\u0643\u0648\u0646 \u0644\u062f\u064a \u0623\u064a \u0643\u0644\u0645\u0627\u062a. \u0627\u0644\u0645\u0646\u0627\u0632\u0644 \u0627\u0644\u0635\u063a\u064a\u0631\u0629 \u0645\u0631\u064a\u062d\u0629 \u0644\u0644\u063a\u0627\u064a\u0629 \u0641\u064a \u0627\u0644\u062f\u0627\u062e\u0644 \u0648\u0623\u0648\u062f \u0623\u0646 \u0623\u0647\u0646\u0626 \u0627\u0644\u0645\u0647\u0646\u062f\u0633\u064a\u0646 \u0627\u0644\u0645\u0639\u0645\u0627\u0631\u064a\u064a\u0646 \u0639\u0644\u0649 \u0635\u0646\u0639 \u0645\u062b\u0644 \u0647\u0630\u0627 \u0627\u0644\u0645\u0643\u0627\u0646 \u0627\u0644\u0631\u0627\u0626\u0639.<\/p>\r\n\t\t                    <\/div>\r\n\t\t                    <div class=\"author\">\r\n                                                                    <img decoding=\"async\" src=\"https:\/\/vagonatinyhouse.com\/wp-content\/uploads\/2021\/07\/117611310_1475630619311936_5329971568262661233_n-150x150.jpg\" alt=\"Semiha Dilara Ketenci\" width=\"80\">\r\n                                \t\t                        <div class=\"author-info\">\r\n\t\t                            <h5>\u0633\u064a\u0645\u064a\u0647\u0627 \u062f\u064a\u0644\u0627\u0631\u0627 \u0643\u064a\u062a\u0646\u0634\u064a<\/h5>\r\n\t\t                            <span class=\"author-loacation\">\u0627\u0633\u0637\u0646\u0628\u0648\u0644 \u060c TR<\/span>\r\n\t\t                        <\/div>\r\n\t\t                    <\/div>\r\n\t\t              <\/div>\r\n                <\/div>\r\n\r\n            \t\t\t\t\t\t\t\t<!-- TESTIMONIAL GRID ITEM -->\r\n                <div class=\"col-lg-4 col-sm-6\">\r\n                    <div class=\"testimonial-item\">\r\n\t\t                  <div class=\"review\">\r\n\t\t                        <h3>\u0628\u064a\u0626\u0629 \u0645\u0628\u0633\u0637\u0629 \u0648\u0645\u0645\u062a\u0639\u0629<\/h3>\r\n                                <div class=\"rating\">\r\n                                    <i class=\"fa fa-star\" aria-hidden=\"true\"><\/i><i class=\"fa fa-star\" aria-hidden=\"true\"><\/i><i class=\"fa fa-star\" aria-hidden=\"true\"><\/i><i class=\"fa fa-star\" aria-hidden=\"true\"><\/i><i class=\"fa fa-star\" aria-hidden=\"true\"><\/i>                                <\/div>\r\n\t\t                        <p>\u0642\u0644\u0646\u0627 \u0623\u0646\u0646\u0627 \u062a\u0648\u0642\u0641\u0646\u0627 \u0644\u0644\u062a\u0648 \u0644\u062a\u0646\u0627\u0648\u0644 \u0627\u0644\u0642\u0647\u0648\u0629 \u060c \u0648\u0644\u0645 \u064a\u0643\u0633\u0631\u0648\u0647\u0627 \u060c \u0648\u0643\u0627\u0646\u062a \u0642\u0647\u0648\u062a\u0647\u0645 \u062c\u064a\u062f\u0629 \u0623\u064a\u0636\u064b\u0627 .. \u0643\u0646\u0627 \u0631\u0627\u0636\u064a\u0646 \u062c\u062f\u064b\u0627 .. \u0632\u0631\u0646\u0627 \u0627\u0644\u063a\u0631\u0641 \u0623\u064a\u0636\u064b\u0627 .. \u0628\u0633\u064a\u0637\u0629 \u0648\u0646\u0638\u064a\u0641\u0629 \u062c\u062f\u064b\u0627 .. \u062a\u0645 \u0627\u0644\u062a\u0641\u0643\u064a\u0631 \u0641\u064a \u0643\u0644 \u0634\u064a\u0621 \u060c \u0628\u0633\u064a\u0637. .. \u062a\u0645 \u0627\u0644\u0627\u0647\u062a\u0645\u0627\u0645 \u0628\u0627\u0644\u062a\u0641\u0627\u0635\u064a\u0644 .. \u0628\u064a\u0626\u0629 \u0645\u0628\u0647\u062c\u0629 \u062c\u062f\u0627 .. \u0628\u062c\u0648\u0627\u0631 \u0627\u0644\u062e\u0648\u0631 .. \u062a\u0637\u0644 \u0639\u0644\u0649 \u063a\u0627\u0628\u0629 \u0645\u0648\u0631\u0642\u0629 .. \u0634\u0643\u0631\u0627 \u062c\u0632\u064a\u0644\u0627 \u0639\u0644\u0649 \u0644\u0637\u0641\u0643 ..<\/p>\r\n\t\t                    <\/div>\r\n\t\t                    <div class=\"author\">\r\n                                                                    <img decoding=\"async\" src=\"https:\/\/vagonatinyhouse.com\/wp-content\/uploads\/2021\/07\/unnamed-1.png\" alt=\"Mustafa Gun\" width=\"80\">\r\n                                \t\t                        <div class=\"author-info\">\r\n\t\t                            <h5>\u0645\u0635\u0637\u0641\u0649 \u063a\u0648\u0646<\/h5>\r\n\t\t                            <span class=\"author-loacation\">\u062a\u0631\u0643\u064a\u0627<\/span>\r\n\t\t                        <\/div>\r\n\t\t                    <\/div>\r\n\t\t              <\/div>\r\n                <\/div>\r\n\r\n            \t\t\t\t\t\t\t\t<!-- TESTIMONIAL GRID ITEM -->\r\n                <div class=\"col-lg-4 col-sm-6\">\r\n                    <div class=\"testimonial-item\">\r\n\t\t                  <div class=\"review\">\r\n\t\t                        <h3>\u062d\u0638\u064a\u062a \u0628\u0648\u0642\u062a \u0645\u0645\u062a\u0639<\/h3>\r\n                                <div class=\"rating\">\r\n                                    <i class=\"fa fa-star\" aria-hidden=\"true\"><\/i><i class=\"fa fa-star\" aria-hidden=\"true\"><\/i><i class=\"fa fa-star\" aria-hidden=\"true\"><\/i><i class=\"fa fa-star\" aria-hidden=\"true\"><\/i><i class=\"fa fa-star\" aria-hidden=\"true\"><\/i>                                <\/div>\r\n\t\t                        <p>\u0644\u0642\u062f \u0643\u0627\u0646 \u0631\u0627\u0626\u0639\u064b\u0627 \u060c \u0644\u0642\u062f \u0642\u0636\u064a\u062a \u0648\u0642\u062a\u064b\u0627 \u0631\u0627\u0626\u0639\u064b\u0627 \u0647\u0646\u0627 \u060c \u0623\u0646\u0627 \u0633\u0639\u064a\u062f \u0644\u0623\u0646\u0646\u0627 \u0623\u062a\u064a\u0646\u0627 \u0625\u0644\u0649 \u0647\u0646\u0627 \u0645\u0639 \u0627\u0644\u0633\u064a\u062f\u0629. \u0643\u0644 \u0634\u0626 \u0643\u0627\u0646 \u0631\u0627\u0626\u0639\u0627 \u060c \u0643\u0627\u0646\u062a \u0627\u0644\u0623\u0633\u0639\u0627\u0631 \u0645\u0639\u0642\u0648\u0644\u0629. \u0641\u0631\u064a\u0642 \u0627\u0644\u0639\u0645\u0644 \u0648\u062f\u0648\u062f \u0648\u0645\u0628\u062a\u0633\u0645. \u0644\u0642\u062f \u0642\u0636\u064a\u062a \u064a\u0648\u0645\u064b\u0627 \u0631\u0627\u0626\u0639\u064b\u0627 \u0641\u064a \u0631\u064a\u0632\u0647 \u060c \u0634\u0643\u0631\u064b\u0627 \u0644\u0643.<\/p>\r\n\t\t                    <\/div>\r\n\t\t                    <div class=\"author\">\r\n                                                                    <img decoding=\"async\" src=\"https:\/\/vagonatinyhouse.com\/wp-content\/uploads\/2021\/07\/unnamed-2.png\" alt=\"Furkan Demirk\u0131ran\" width=\"80\">\r\n                                \t\t                        <div class=\"author-info\">\r\n\t\t                            <h5>\u0641\u0631\u0642\u0627\u0646 \u062f\u0645\u0631\u0643\u064a\u0631\u0627\u0646<\/h5>\r\n\t\t                            <span class=\"author-loacation\">\u062a\u0631\u0643\u064a\u0627<\/span>\r\n\t\t                        <\/div>\r\n\t\t                    <\/div>\r\n\t\t              <\/div>\r\n                <\/div>\r\n\r\n                                <\/div>\r\n\r\n        <\/div><\/div><\/div><\/div>\n<\/section>","protected":false},"excerpt":{"rendered":"","protected":false},"author":1,"featured_media":0,"parent":0,"menu_order":0,"comment_status":"closed","ping_status":"closed","template":"","meta":{"footnotes":""},"class_list":["post-1110","page","type-page","status-publish","hentry"],"yoast_head":"<!-- This site is optimized with the Yoast SEO Premium plugin v20.8 (Yoast SEO v25.4) - https:\/\/yoast.com\/wordpress\/plugins\/seo\/ -->\n<title>Testimonials - Vagona Tiny House<\/title>\n<meta name=\"robots\" content=\"index, follow, max-snippet:-1, max-image-preview:large, max-video-preview:-1\" \/>\n<link rel=\"canonical\" href=\"https:\/\/vagonatinyhouse.com\/ar\/testimonials\/\" \/>\n<meta property=\"og:locale\" content=\"ar_AR\" \/>\n<meta property=\"og:type\" content=\"article\" \/>\n<meta property=\"og:title\" content=\"Testimonials - Vagona Tiny House\" \/>\n<meta property=\"og:url\" content=\"https:\/\/vagonatinyhouse.com\/ar\/testimonials\/\" \/>\n<meta property=\"og:site_name\" content=\"Vagona Tiny House\" \/>\n<meta property=\"article:publisher\" content=\"https:\/\/git.vagonatinyhouse.com\/facebook\" \/>\n<meta name=\"twitter:card\" content=\"summary_large_image\" \/>\n<script type=\"application\/ld+json\" class=\"yoast-schema-graph\">{\"@context\":\"https:\/\/schema.org\",\"@graph\":[{\"@type\":\"WebPage\",\"@id\":\"https:\/\/vagonatinyhouse.com\/tr\/testimonials\/\",\"url\":\"https:\/\/vagonatinyhouse.com\/tr\/testimonials\/\",\"name\":\"Testimonials - Vagona Tiny House\",\"isPartOf\":{\"@id\":\"https:\/\/vagonatinyhouse.com\/ar\/#website\"},\"datePublished\":\"2018-06-01T13:01:22+00:00\",\"inLanguage\":\"ar\",\"potentialAction\":[{\"@type\":\"ReadAction\",\"target\":[\"https:\/\/vagonatinyhouse.com\/tr\/testimonials\/\"]}]},{\"@type\":\"WebSite\",\"@id\":\"https:\/\/vagonatinyhouse.com\/ar\/#website\",\"url\":\"https:\/\/vagonatinyhouse.com\/ar\/\",\"name\":\"Vagona Tiny House\",\"description\":\"Karadenizin dillere destan \u00c7aml\u0131hem\u015fin bolgesi giri\u015finde, f\u0131rt\u0131na deresi \u00fczerinde al\u0131\u015fm\u0131\u015f oldu\u011funuz kal\u0131plardan uzakta do\u011fa dahil konseptimiz ile Karadenizin ilk TinyHouse tatil k\u00f6y\u00fc ile size muhte\u015fem bir deneyim ya\u015fatmak i\u00e7in buraday\u0131z.\",\"publisher\":{\"@id\":\"https:\/\/vagonatinyhouse.com\/ar\/#organization\"},\"potentialAction\":[{\"@type\":\"SearchAction\",\"target\":{\"@type\":\"EntryPoint\",\"urlTemplate\":\"https:\/\/vagonatinyhouse.com\/ar\/?s={search_term_string}\"},\"query-input\":{\"@type\":\"PropertyValueSpecification\",\"valueRequired\":true,\"valueName\":\"search_term_string\"}}],\"inLanguage\":\"ar\"},{\"@type\":\"Organization\",\"@id\":\"https:\/\/vagonatinyhouse.com\/ar\/#organization\",\"name\":\"Vagona Tiny House\",\"url\":\"https:\/\/vagonatinyhouse.com\/ar\/\",\"logo\":{\"@type\":\"ImageObject\",\"inLanguage\":\"ar\",\"@id\":\"https:\/\/vagonatinyhouse.com\/ar\/#\/schema\/logo\/image\/\",\"url\":\"http:\/\/vagonatinyhouse.com\/wp-content\/uploads\/2021\/07\/cropped-android-chrome-512x512-1.png\",\"contentUrl\":\"http:\/\/vagonatinyhouse.com\/wp-content\/uploads\/2021\/07\/cropped-android-chrome-512x512-1.png\",\"width\":512,\"height\":512,\"caption\":\"Vagona Tiny House\"},\"image\":{\"@id\":\"https:\/\/vagonatinyhouse.com\/ar\/#\/schema\/logo\/image\/\"},\"sameAs\":[\"https:\/\/git.vagonatinyhouse.com\/facebook\",\"https:\/\/git.vagonatinyhouse.com\/instagram\",\"https:\/\/git.vagonatinyhouse.com\/pinterest\",\"https:\/\/git.vagonatinyhouse.com\/youtube\"]}]}<\/script>\n<!-- \/ Yoast SEO Premium plugin. -->","yoast_head_json":{"title":"Testimonials - Vagona Tiny House","robots":{"index":"index","follow":"follow","max-snippet":"max-snippet:-1","max-image-preview":"max-image-preview:large","max-video-preview":"max-video-preview:-1"},"canonical":"https:\/\/vagonatinyhouse.com\/ar\/testimonials\/","og_locale":"ar_AR","og_type":"article","og_title":"Testimonials - Vagona Tiny House","og_url":"https:\/\/vagonatinyhouse.com\/ar\/testimonials\/","og_site_name":"Vagona Tiny House","article_publisher":"https:\/\/git.vagonatinyhouse.com\/facebook","twitter_card":"summary_large_image","schema":{"@context":"https:\/\/schema.org","@graph":[{"@type":"WebPage","@id":"https:\/\/vagonatinyhouse.com\/tr\/testimonials\/","url":"https:\/\/vagonatinyhouse.com\/tr\/testimonials\/","name":"Testimonials - Vagona Tiny House","isPartOf":{"@id":"https:\/\/vagonatinyhouse.com\/ar\/#website"},"datePublished":"2018-06-01T13:01:22+00:00","inLanguage":"ar","potentialAction":[{"@type":"ReadAction","target":["https:\/\/vagonatinyhouse.com\/tr\/testimonials\/"]}]},{"@type":"WebSite","@id":"https:\/\/vagonatinyhouse.com\/ar\/#website","url":"https:\/\/vagonatinyhouse.com\/ar\/","name":"Vagona Tiny House","description":"Karadenizin dillere destan \u00c7aml\u0131hem\u015fin bolgesi giri\u015finde, f\u0131rt\u0131na deresi \u00fczerinde al\u0131\u015fm\u0131\u015f oldu\u011funuz kal\u0131plardan uzakta do\u011fa dahil konseptimiz ile Karadenizin ilk TinyHouse tatil k\u00f6y\u00fc ile size muhte\u015fem bir deneyim ya\u015fatmak i\u00e7in buraday\u0131z.","publisher":{"@id":"https:\/\/vagonatinyhouse.com\/ar\/#organization"},"potentialAction":[{"@type":"SearchAction","target":{"@type":"EntryPoint","urlTemplate":"https:\/\/vagonatinyhouse.com\/ar\/?s={search_term_string}"},"query-input":{"@type":"PropertyValueSpecification","valueRequired":true,"valueName":"search_term_string"}}],"inLanguage":"ar"},{"@type":"Organization","@id":"https:\/\/vagonatinyhouse.com\/ar\/#organization","name":"Vagona Tiny House","url":"https:\/\/vagonatinyhouse.com\/ar\/","logo":{"@type":"ImageObject","inLanguage":"ar","@id":"https:\/\/vagonatinyhouse.com\/ar\/#\/schema\/logo\/image\/","url":"http:\/\/vagonatinyhouse.com\/wp-content\/uploads\/2021\/07\/cropped-android-chrome-512x512-1.png","contentUrl":"http:\/\/vagonatinyhouse.com\/wp-content\/uploads\/2021\/07\/cropped-android-chrome-512x512-1.png","width":512,"height":512,"caption":"Vagona Tiny House"},"image":{"@id":"https:\/\/vagonatinyhouse.com\/ar\/#\/schema\/logo\/image\/"},"sameAs":["https:\/\/git.vagonatinyhouse.com\/facebook","https:\/\/git.vagonatinyhouse.com\/instagram","https:\/\/git.vagonatinyhouse.com\/pinterest","https:\/\/git.vagonatinyhouse.com\/youtube"]}]}},"_links":{"self":[{"href":"https:\/\/vagonatinyhouse.com\/ar\/wp-json\/wp\/v2\/pages\/1110","targetHints":{"allow":["GET"]}}],"collection":[{"href":"https:\/\/vagonatinyhouse.com\/ar\/wp-json\/wp\/v2\/pages"}],"about":[{"href":"https:\/\/vagonatinyhouse.com\/ar\/wp-json\/wp\/v2\/types\/page"}],"author":[{"embeddable":true,"href":"https:\/\/vagonatinyhouse.com\/ar\/wp-json\/wp\/v2\/users\/1"}],"replies":[{"embeddable":true,"href":"https:\/\/vagonatinyhouse.com\/ar\/wp-json\/wp\/v2\/comments?post=1110"}],"version-history":[{"count":0,"href":"https:\/\/vagonatinyhouse.com\/ar\/wp-json\/wp\/v2\/pages\/1110\/revisions"}],"wp:attachment":[{"href":"https:\/\/vagonatinyhouse.com\/ar\/wp-json\/wp\/v2\/media?parent=1110"}],"curies":[{"name":"wp","href":"https:\/\/api.w.org\/{rel}","templated":true}]}}